{"id":28950,"date":"2016-03-15T11:52:07","date_gmt":"2016-03-15T11:52:07","guid":{"rendered":"http:\/\/www.cg-four.com\/fr\/homepage-business-light"},"modified":"2025-05-19T15:12:21","modified_gmt":"2025-05-19T15:12:21","slug":"accueil","status":"publish","type":"page","link":"https:\/\/www.cg-four.com\/fr","title":{"rendered":"Accueil"},"content":{"rendered":"<div class=\"wpb-content-wrapper\"><p>[vc_row full_height=\u00a0\u00bbyes\u00a0\u00bb equal_height=\u00a0\u00bbyes\u00a0\u00bb css=\u00a0\u00bb.vc_custom_1579645051181{padding-top: 100px !important;padding-bottom: 250px !important;background-image: url(https:\/\/www.cg-four.com\/wp-content\/uploads\/2020\/01\/caroline_Gregoire-business-coaching.jpg?id=31367) !important;background-position: center !important;background-repeat: no-repeat !important;background-size: cover !important;}\u00a0\u00bb el_class=\u00a0\u00bbmobile-respons-style\u00a0\u00bb][vc_column][vc_column_text css=\u00a0\u00bb.vc_custom_1635783792483{padding-right: 50px !important;}\u00a0\u00bb el_class=\u00a0\u00bbmobile-respons-style\u00a0\u00bb]<\/p>\n<h2 style=\"text-align: right;\">Sharpen your Edge.<\/h2>\n<h2 style=\"text-align: right;\">Keep your Balance.<\/h2>\n<p>[\/vc_column_text]<div class=\"clearboth\"><\/div><style>#thegem-divider-69f1ffdf838cb {margin-top: 30px !important;}<\/style><div id=\"thegem-divider-69f1ffdf838cb\" class=\"gem-divider  \" style=\"\" ><\/div>[\/vc_column][\/vc_row][vc_row el_id=\u00a0\u00bbdetails\u00a0\u00bb css=\u00a0\u00bb.vc_custom_1475838826457{padding-right: 60px !important;padding-left: 60px !important;}\u00a0\u00bb][vc_column css=\u00a0\u00bb.vc_custom_1475838658659{border-right-width: 20px !important;border-left-width: 20px !important;}\u00a0\u00bb][vc_column_text css=\u00a0\u00bb\u00a0\u00bb]<\/p>\n<h1 style=\"text-align: center;\">Caroline Gr\u00e9goire<\/h1>\n<h1 style=\"text-align: center;\">Coach | Mentore |\u00a0 Conf\u00e9renci\u00e8re Internationale<\/h1>\n<p>[\/vc_column_text]<div class=\"clearboth\"><\/div><style>#thegem-divider-69f1ffdf83921 {margin-top: 40px !important;}<\/style><div id=\"thegem-divider-69f1ffdf83921\" class=\"gem-divider  \" style=\"\" ><\/div>[vc_column_text]<\/p>\n<p class=\"title-h5 title-h2\" style=\"text-align: center;\">Quand les athl\u00e8tes performent \u00e0 leur meilleur, tout semble facile, efficace et \u00e9l\u00e9gant.\u00a0Pour atteindre ce niveau d&rsquo;excellence, ils doivent constamment pratiquer et s&rsquo;entra\u00eener. Il en est de m\u00eame\u00a0pour vous et pour vos comp\u00e9tences en leadership. Je vous accompagne volontiers sur votre chemin\u00a0vers le\u00a0sommet.<\/p>\n<p>[\/vc_column_text][vc_single_image image=\u00a0\u00bb28728&Prime; alignment=\u00a0\u00bbcenter\u00a0\u00bb css=\u00a0\u00bb.vc_custom_1478101585956{margin-top: 50px !important;}\u00a0\u00bb]<div class=\"clearboth\"><\/div><style>#thegem-divider-69f1ffdf8394d {margin-top: 60px !important;}<\/style><div id=\"thegem-divider-69f1ffdf8394d\" class=\"gem-divider  \" style=\"\" ><\/div>[vc_row_inner gap=\u00a0\u00bb2&Prime; css=\u00a0\u00bb.vc_custom_1476107605132{padding-bottom: 50px !important;}\u00a0\u00bb][vc_column_inner width=\u00a0\u00bb1\/2&Prime;][vc_column_text]<\/p>\n<div style=\"text-align: center;\">\n<div style=\"text-align: left;\">M&rsquo;exprimant couramment en fran\u00e7ais, anglais, allemand et su\u00e9dois, je vous soutiens et vous encourage dans l&rsquo;atteinte de vos objectifs\u00a0et ceux de votre \u00e9quipe ou votre entreprise. La combinaison de mon exp\u00e9rience internationale, mes aptitudes\u00a0de motivatrice et mon \u00e9nergie positive repr\u00e9sente les atouts d\u00e9terminants pour mon travail de coach d&rsquo;affaires et de conf\u00e9renci\u00e8re.<\/div>\n<\/div>\n<div style=\"text-align: justify;\"><\/div>\n<div style=\"text-align: justify;\"><\/div>\n<p>[\/vc_column_text][\/vc_column_inner][vc_column_inner width=\u00a0\u00bb1\/2&Prime;][vc_column_text]<\/p>\n<p style=\"text-align: left;\">J&rsquo;ai toujours eu la facilit\u00e9 \u00e0 observer les choses de fa\u00e7on holistique, ce qui repr\u00e9sente une des raisons pour lesquelles je me sens bien dans un milieu international.<\/p>\n<p style=\"text-align: left;\">Ce serait pour moi un\u00a0privil\u00e8ge de travailler avec vous et contribuer au succ\u00e8s de votre \u00e9quipe et votre entreprise.<\/p>\n<p>[\/vc_column_text][\/vc_column_inner][\/vc_row_inner][vc_row_inner el_class=\u00a0\u00bbmobile-respons-style\u00a0\u00bb css=\u00a0\u00bb.vc_custom_1478098932248{margin-bottom: 0px !important;}\u00a0\u00bb][vc_column_inner el_class=\u00a0\u00bbmobile-respons-style\u00a0\u00bb css=\u00a0\u00bb.vc_custom_1478094098131{background-color: #e3f2f1 !important;}\u00a0\u00bb]<div class=\"clearboth\"><\/div><div id=\"thegem-divider-69f1ffdf83974\" class=\"gem-divider   gem-divider-style-3\" style=\"\" ><\/div>[vc_single_image image=\u00a0\u00bb28861&Prime; img_size=\u00a0\u00bb120&#215;120&Prime; alignment=\u00a0\u00bbcenter\u00a0\u00bb]<div class=\"clearboth\"><\/div><style>#thegem-divider-69f1ffdf83999 {margin-top: 30px !important;}<\/style><div id=\"thegem-divider-69f1ffdf83999\" class=\"gem-divider  \" style=\"\" ><\/div>[vc_column_text]<\/p>\n<div class=\"title-h1\" style=\"text-align: center;\">Mes Valeurs<\/div>\n<p>[\/vc_column_text]<div class=\"clearboth\"><\/div><style>#thegem-divider-69f1ffdf839be {margin-top: 30px !important;}<\/style><div id=\"thegem-divider-69f1ffdf839be\" class=\"gem-divider  \" style=\"\" ><\/div>[vc_column_text]<\/p>\n<p class=\"title-h5 title-h2\" style=\"text-align: center;\">sont des ingr\u00e9dients qui contribuent \u00e0 l&rsquo;atmosph\u00e8re id\u00e9ale pour une collaboration\u00a0hautement efficace et durable.<\/p>\n<p>[\/vc_column_text]<div class=\"clearboth\"><\/div><div id=\"thegem-divider-69f1ffdf839e3\" class=\"gem-divider  \" style=\"\" ><\/div>[\/vc_column_inner][\/vc_row_inner][vc_row_inner gap=\u00a0\u00bb10&Prime; css=\u00a0\u00bb.vc_custom_1478099198337{margin-top: 0px !important;margin-bottom: 1px !important;padding-top: 0px !important;padding-bottom: 50px !important;background-color: #e3f2f1 !important;}\u00a0\u00bb][vc_column_inner width=\u00a0\u00bb1\/3&Prime; css=\u00a0\u00bb.vc_custom_1478098977837{margin-top: 2px !important;margin-right: 2px !important;margin-left: 2px !important;border-top-width: 2px !important;border-right-width: 2px !important;border-bottom-width: 2px !important;border-left-width: 2px !important;background-color: #ffffff !important;border-left-color: #ff4814 !important;border-left-style: solid !important;border-right-color: #ff4814 !important;border-right-style: solid !important;border-top-color: #ff4814 !important;border-top-style: solid !important;border-bottom-color: #ff4814 !important;border-bottom-style: solid !important;border-radius: 2px !important;}\u00a0\u00bb][vc_single_image image=\u00a0\u00bb28859&Prime; img_size=\u00a0\u00bb120&#215;120&Prime; alignment=\u00a0\u00bbcenter\u00a0\u00bb][vc_column_text]<\/p>\n<div class=\"title-h4\" style=\"text-align: center;\"><span style=\"color: #00577d;\">PROFESSIONNALISME<\/span><\/div>\n<p>[\/vc_column_text][\/vc_column_inner][vc_column_inner width=\u00a0\u00bb1\/3&Prime; css=\u00a0\u00bb.vc_custom_1478098790288{margin-top: 2px !important;margin-right: 2px !important;margin-left: 2px !important;border-top-width: 2px !important;border-right-width: 2px !important;border-bottom-width: 2px !important;border-left-width: 2px !important;padding-bottom: 2px !important;background-color: #ffffff !important;border-left-color: #ff4814 !important;border-left-style: solid !important;border-right-color: #ff4814 !important;border-right-style: solid !important;border-top-color: #ff4814 !important;border-top-style: solid !important;border-bottom-color: #ff4814 !important;border-bottom-style: solid !important;border-radius: 2px !important;}\u00a0\u00bb][vc_single_image image=\u00a0\u00bb28854&Prime; img_size=\u00a0\u00bb120&#215;120&Prime; alignment=\u00a0\u00bbcenter\u00a0\u00bb][vc_column_text]<\/p>\n<div class=\"title-h4\" style=\"text-align: center;\"><span style=\"color: #00577d;\">EMPOWERMENT<\/span><\/div>\n<p>[\/vc_column_text][\/vc_column_inner][vc_column_inner width=\u00a0\u00bb1\/3&Prime; css=\u00a0\u00bb.vc_custom_1478098969017{margin-top: 2px !important;margin-right: 2px !important;margin-left: 2px !important;border-top-width: 2px !important;border-right-width: 2px !important;border-bottom-width: 2px !important;border-left-width: 2px !important;background-color: #ffffff !important;border-left-color: #ff4814 !important;border-left-style: solid !important;border-right-color: #ff4814 !important;border-right-style: solid !important;border-top-color: #ff4814 !important;border-top-style: solid !important;border-bottom-color: #ff4814 !important;border-bottom-style: solid !important;border-radius: 2px !important;}\u00a0\u00bb][vc_single_image image=\u00a0\u00bb28865&Prime; img_size=\u00a0\u00bb120&#215;120&Prime; alignment=\u00a0\u00bbcenter\u00a0\u00bb][vc_column_text]<\/p>\n<div class=\"title-h4\" style=\"text-align: center;\"><span style=\"color: #00577d;\">JOIE<\/span><\/div>\n<p>[\/vc_column_text][\/vc_column_inner][\/vc_row_inner][vc_empty_space][\/vc_column][\/vc_row][vc_row][vc_column]<div class=\"clearboth\"><\/div><style>#thegem-divider-69f1ffdf83a0b {margin-top: 20px !important;}<\/style><div id=\"thegem-divider-69f1ffdf83a0b\" class=\"gem-divider  \" style=\"\" ><\/div>[\/vc_column][\/vc_row]<\/p>\n<\/div>","protected":false},"excerpt":{"rendered":"<p>[vc_row full_height=\u00a0\u00bbyes\u00a0\u00bb equal_height=\u00a0\u00bbyes\u00a0\u00bb css=\u00a0\u00bb.vc_custom_1579645051181{padding-top: 100px !important;padding-bottom: 250px !important;background-image: url(https:\/\/www.cg-four.com\/wp-content\/uploads\/2020\/01\/caroline_Gregoire-business-coaching.jpg?id=31367) !important;background-position: center !important;background-repeat: no-repeat !important;background-size: cover !important;}\u00a0\u00bb el_class=\u00a0\u00bbmobile-respons-style\u00a0\u00bb][vc_column][vc_column_text css=\u00a0\u00bb.vc_custom_1635783792483{padding-right: 50px !important;}\u00a0\u00bb el_class=\u00a0\u00bbmobile-respons-style\u00a0\u00bb] Sharpen your Edge. Keep your Balance. [\/vc_column_text][\/vc_column][\/vc_row][vc_row el_id=\u00a0\u00bbdetails\u00a0\u00bb css=\u00a0\u00bb.vc_custom_1475838826457{padding-right: 60px !important;padding-left: 60px !important;}\u00a0\u00bb][vc_column css=\u00a0\u00bb.vc_custom_1475838658659{border-right-width: 20px !important;border-left-width: 20px !important;}\u00a0\u00bb][vc_column_text css=\u00a0\u00bb\u00a0\u00bb]&#8230;<\/p>\n","protected":false},"author":1,"featured_media":0,"parent":0,"menu_order":0,"comment_status":"closed","ping_status":"closed","template":"","meta":{"_monsterinsights_skip_tracking":false,"_monsterinsights_sitenote_active":false,"_monsterinsights_sitenote_note":"","_monsterinsights_sitenote_category":0,"footnotes":""},"class_list":["post-28950","page","type-page","status-publish"],"yoast_head":"<!-- This site is optimized with the Yoast SEO plugin v27.4 - https:\/\/yoast.com\/product\/yoast-seo-wordpress\/ -->\n<title>CG4 Coaching: coaching d&#039;affaires et conf\u00e9rences \u00e0 l&#039;international en 4 langues<\/title>\n<meta name=\"description\" content=\"Avec &quot;Inspired Leadership, Thriving Business&quot;, la coach d&#039;affaires Caroline Gr\u00e9goire travaille avec ses clients en fran\u00e7ais, anglais, allemand et su\u00e9dois.\" \/>\n<meta name=\"robots\" content=\"index, follow, max-snippet:-1, max-image-preview:large, max-video-preview:-1\" \/>\n<link rel=\"canonical\" href=\"https:\/\/www.cg-four.com\/fr\" \/>\n<meta property=\"og:locale\" content=\"fr_FR\" \/>\n<meta property=\"og:type\" content=\"article\" \/>\n<meta property=\"og:title\" content=\"CG4 Coaching: coaching d&#039;affaires et conf\u00e9rences \u00e0 l&#039;international en 4 langues\" \/>\n<meta property=\"og:description\" content=\"Avec &quot;Inspired Leadership, Thriving Business&quot;, la coach d&#039;affaires Caroline Gr\u00e9goire travaille avec ses clients en fran\u00e7ais, anglais, allemand et su\u00e9dois.\" \/>\n<meta property=\"og:url\" content=\"https:\/\/www.cg-four.com\/fr\" \/>\n<meta property=\"og:site_name\" content=\"Caroline Gregoire Coaching\" \/>\n<meta property=\"article:modified_time\" content=\"2025-05-19T15:12:21+00:00\" \/>\n<meta property=\"og:image\" content=\"https:\/\/www.cg-four.com\/wp-content\/uploads\/2016\/03\/cg4_caroline_gregoire_36_home.jpg\" \/>\n\t<meta property=\"og:image:width\" content=\"1920\" \/>\n\t<meta property=\"og:image:height\" content=\"850\" \/>\n\t<meta property=\"og:image:type\" content=\"image\/jpeg\" \/>\n<meta name=\"twitter:card\" content=\"summary_large_image\" \/>\n<meta name=\"twitter:label1\" content=\"Dur\u00e9e de lecture estim\u00e9e\" \/>\n\t<meta name=\"twitter:data1\" content=\"4 minutes\" \/>\n<script type=\"application\/ld+json\" class=\"yoast-schema-graph\">{\"@context\":\"https:\\\/\\\/schema.org\",\"@graph\":[{\"@type\":\"WebPage\",\"@id\":\"https:\\\/\\\/www.cg-four.com\\\/fr\",\"url\":\"https:\\\/\\\/www.cg-four.com\\\/fr\",\"name\":\"CG4 Coaching: coaching d'affaires et conf\u00e9rences \u00e0 l'international en 4 langues\",\"isPartOf\":{\"@id\":\"https:\\\/\\\/www.cg-four.com\\\/#website\"},\"datePublished\":\"2016-03-15T11:52:07+00:00\",\"dateModified\":\"2025-05-19T15:12:21+00:00\",\"description\":\"Avec \\\"Inspired Leadership, Thriving Business\\\", la coach d'affaires Caroline Gr\u00e9goire travaille avec ses clients en fran\u00e7ais, anglais, allemand et su\u00e9dois.\",\"breadcrumb\":{\"@id\":\"https:\\\/\\\/www.cg-four.com\\\/fr#breadcrumb\"},\"inLanguage\":\"fr-FR\",\"potentialAction\":[{\"@type\":\"ReadAction\",\"target\":[\"https:\\\/\\\/www.cg-four.com\\\/fr\"]}]},{\"@type\":\"BreadcrumbList\",\"@id\":\"https:\\\/\\\/www.cg-four.com\\\/fr#breadcrumb\",\"itemListElement\":[{\"@type\":\"ListItem\",\"position\":1,\"name\":\"Startseite\",\"item\":\"https:\\\/\\\/www.cg-four.com\\\/fr\"},{\"@type\":\"ListItem\",\"position\":2,\"name\":\"Accueil\"}]},{\"@type\":\"WebSite\",\"@id\":\"https:\\\/\\\/www.cg-four.com\\\/#website\",\"url\":\"https:\\\/\\\/www.cg-four.com\\\/\",\"name\":\"Caroline Gregoire Coaching\",\"description\":\"International business coach\",\"potentialAction\":[{\"@type\":\"SearchAction\",\"target\":{\"@type\":\"EntryPoint\",\"urlTemplate\":\"https:\\\/\\\/www.cg-four.com\\\/?s={search_term_string}\"},\"query-input\":{\"@type\":\"PropertyValueSpecification\",\"valueRequired\":true,\"valueName\":\"search_term_string\"}}],\"inLanguage\":\"fr-FR\"}]}<\/script>\n<!-- \/ Yoast SEO plugin. -->","yoast_head_json":{"title":"CG4 Coaching: coaching d'affaires et conf\u00e9rences \u00e0 l'international en 4 langues","description":"Avec \"Inspired Leadership, Thriving Business\", la coach d'affaires Caroline Gr\u00e9goire travaille avec ses clients en fran\u00e7ais, anglais, allemand et su\u00e9dois.","robots":{"index":"index","follow":"follow","max-snippet":"max-snippet:-1","max-image-preview":"max-image-preview:large","max-video-preview":"max-video-preview:-1"},"canonical":"https:\/\/www.cg-four.com\/fr","og_locale":"fr_FR","og_type":"article","og_title":"CG4 Coaching: coaching d'affaires et conf\u00e9rences \u00e0 l'international en 4 langues","og_description":"Avec \"Inspired Leadership, Thriving Business\", la coach d'affaires Caroline Gr\u00e9goire travaille avec ses clients en fran\u00e7ais, anglais, allemand et su\u00e9dois.","og_url":"https:\/\/www.cg-four.com\/fr","og_site_name":"Caroline Gregoire Coaching","article_modified_time":"2025-05-19T15:12:21+00:00","og_image":[{"width":1920,"height":850,"url":"https:\/\/www.cg-four.com\/wp-content\/uploads\/2016\/03\/cg4_caroline_gregoire_36_home.jpg","type":"image\/jpeg"}],"twitter_card":"summary_large_image","twitter_misc":{"Dur\u00e9e de lecture estim\u00e9e":"4 minutes"},"schema":{"@context":"https:\/\/schema.org","@graph":[{"@type":"WebPage","@id":"https:\/\/www.cg-four.com\/fr","url":"https:\/\/www.cg-four.com\/fr","name":"CG4 Coaching: coaching d'affaires et conf\u00e9rences \u00e0 l'international en 4 langues","isPartOf":{"@id":"https:\/\/www.cg-four.com\/#website"},"datePublished":"2016-03-15T11:52:07+00:00","dateModified":"2025-05-19T15:12:21+00:00","description":"Avec \"Inspired Leadership, Thriving Business\", la coach d'affaires Caroline Gr\u00e9goire travaille avec ses clients en fran\u00e7ais, anglais, allemand et su\u00e9dois.","breadcrumb":{"@id":"https:\/\/www.cg-four.com\/fr#breadcrumb"},"inLanguage":"fr-FR","potentialAction":[{"@type":"ReadAction","target":["https:\/\/www.cg-four.com\/fr"]}]},{"@type":"BreadcrumbList","@id":"https:\/\/www.cg-four.com\/fr#breadcrumb","itemListElement":[{"@type":"ListItem","position":1,"name":"Startseite","item":"https:\/\/www.cg-four.com\/fr"},{"@type":"ListItem","position":2,"name":"Accueil"}]},{"@type":"WebSite","@id":"https:\/\/www.cg-four.com\/#website","url":"https:\/\/www.cg-four.com\/","name":"Caroline Gregoire Coaching","description":"International business coach","potentialAction":[{"@type":"SearchAction","target":{"@type":"EntryPoint","urlTemplate":"https:\/\/www.cg-four.com\/?s={search_term_string}"},"query-input":{"@type":"PropertyValueSpecification","valueRequired":true,"valueName":"search_term_string"}}],"inLanguage":"fr-FR"}]}},"_links":{"self":[{"href":"https:\/\/www.cg-four.com\/fr\/wp-json\/wp\/v2\/pages\/28950","targetHints":{"allow":["GET"]}}],"collection":[{"href":"https:\/\/www.cg-four.com\/fr\/wp-json\/wp\/v2\/pages"}],"about":[{"href":"https:\/\/www.cg-four.com\/fr\/wp-json\/wp\/v2\/types\/page"}],"author":[{"embeddable":true,"href":"https:\/\/www.cg-four.com\/fr\/wp-json\/wp\/v2\/users\/1"}],"replies":[{"embeddable":true,"href":"https:\/\/www.cg-four.com\/fr\/wp-json\/wp\/v2\/comments?post=28950"}],"version-history":[{"count":5,"href":"https:\/\/www.cg-four.com\/fr\/wp-json\/wp\/v2\/pages\/28950\/revisions"}],"predecessor-version":[{"id":32132,"href":"https:\/\/www.cg-four.com\/fr\/wp-json\/wp\/v2\/pages\/28950\/revisions\/32132"}],"wp:attachment":[{"href":"https:\/\/www.cg-four.com\/fr\/wp-json\/wp\/v2\/media?parent=28950"}],"curies":[{"name":"wp","href":"https:\/\/api.w.org\/{rel}","templated":true}]}}