{"id":28954,"date":"2016-09-30T14:53:24","date_gmt":"2016-09-30T14:53:24","guid":{"rendered":"http:\/\/www.cg-four.com\/fr\/impressum"},"modified":"2026-01-21T15:16:03","modified_gmt":"2026-01-21T15:16:03","slug":"mentions-legales-confidentialite","status":"publish","type":"page","link":"https:\/\/www.cg-four.com\/fr\/mentions-legales-confidentialite","title":{"rendered":"Mentions l\u00e9gales Confidentialit\u00e9"},"content":{"rendered":"<div class=\"wpb-content-wrapper\"><p>[vc_row][vc_column]<div class=\"clearboth\"><\/div><style>#thegem-divider-69f2006258872 {margin-top: 30px !important;}<\/style><div id=\"thegem-divider-69f2006258872\" class=\"gem-divider  \" style=\"\" ><\/div>[vc_column_text]<\/p>\n<div class=\"title-h2\">Mentions l\u00e9gales<\/div>\n<p>[\/vc_column_text][\/vc_column][\/vc_row][vc_row][vc_column width=\u00a0\u00bb1\/2&Prime;]<div class=\"clearboth\"><\/div><style>#thegem-divider-69f2006258916 {margin-top: 20px !important;}<\/style><div id=\"thegem-divider-69f2006258916\" class=\"gem-divider  \" style=\"\" ><\/div>[vc_column_text css=\u00a0\u00bb\u00a0\u00bb]<\/p>\n<p class=\"title-h5 title-h2\">Informations \u00e0 propos de CG<sup>4<\/sup><\/p>\n<p>[\/vc_column_text]<div class=\"clearboth\"><\/div><style>#thegem-divider-69f2006258959 {margin-top: 20px !important;}<\/style><div id=\"thegem-divider-69f2006258959\" class=\"gem-divider  \" style=\"\" ><\/div>[vc_column_text css=\u00a0\u00bb\u00a0\u00bb]Nom de la compagnie: The Caroline Gr\u00e9goire Company, Lda.<\/p>\n<p>Adresse: Quinta dos Salicos 4, 8400-422 Lagoa, Portugal<\/p>\n<p>Num\u00e9ro de portable: +49 (0) 1522-797 35 48<\/p>\n<p>Adresse courriel: caroline.gregoire@cg-four.com<\/p>\n<p>Site Internet: www.cg-four.com<\/p>\n<p>Responsable du contenu: Caroline Gr\u00e9goire<\/p>\n<p>Photos: <a href=\"http:\/\/www.theshutterbug.de\" target=\"_blank\" rel=\"noopener noreferrer\">The Shutterbug | Marc Huppert<\/a><\/p>\n<p>Concept et design: <a href=\"http:\/\/www.samwaikiki.de\" target=\"_blank\" rel=\"noopener noreferrer\">sam waikiki<\/a><\/p>\n<div class=\"title-h5\"><\/div>\n<p>[\/vc_column_text][\/vc_column][vc_column width=\u00a0\u00bb1\/2&Prime;]<div class=\"clearboth\"><\/div><style>#thegem-divider-69f2006258994 {margin-top: 20px !important;}<\/style><div id=\"thegem-divider-69f2006258994\" class=\"gem-divider  \" style=\"\" ><\/div>[vc_column_text]<\/p>\n<div class=\"title-h5\"><\/div>\n<p>[\/vc_column_text][\/vc_column][\/vc_row][vc_row][vc_column]<div class=\"clearboth\"><\/div><style>#thegem-divider-69f20062589cd {margin-top: 20px !important;}<\/style><div id=\"thegem-divider-69f20062589cd\" class=\"gem-divider  \" style=\"\" ><\/div>[vc_column_text]<\/p>\n<div class=\"title-h2\">Politique de confidentialit\u00e9<\/div>\n<p>[\/vc_column_text]<div class=\"clearboth\"><\/div><style>#thegem-divider-69f2006258a05 {margin-top: 20px !important;}<\/style><div id=\"thegem-divider-69f2006258a05\" class=\"gem-divider  \" style=\"\" ><\/div>[vc_column_text]<\/p>\n<p class=\"title-h5 title-h2\">1. Champ d&rsquo;application<\/p>\n<p>[\/vc_column_text][vc_column_text]La protection de vos donn\u00e9es personnelles est pour nous tr\u00e8s importante. Pour cette raison, nous voulons vous informer \u00e0 quel moment quelles donn\u00e9es sont saisies et comment nous les utilisons.<\/p>\n<p>\u00c0 cet effet, nous voulons attirer votre attention\u00a0sur certains\u00a0points:<\/p>\n<ul>\n<li>Ces\u00a0stipulations de protection des donn\u00e9es s&rsquo;appliquent\u00a0au site internet www.cg-four.com.<\/li>\n<li>Dans la mesure\u00a0o\u00f9 des donn\u00e9es personnelles sont saisies par ce site Internet, nous traiterons et utiliserons ces donn\u00e9es uniquement \u00e0 des fins sp\u00e9cifiques et conform\u00e9ment aux stipulations de la l\u00e9gislation allemande sur la protection des donn\u00e9es (Bundesdatenschutzgesetz &#8211; BDSG). Des donn\u00e9es personnelles consistent normalement d&rsquo;informations sp\u00e9cifiques sur vos circonstances personnelles et factuelles, comme par exemple votre nom, votre adresse, votre date de naissance et votre occupation en plus de votre adresse IP et autres. Toutes ces donn\u00e9es sont soumises conform\u00e9ment \u00e0 BDSG \u00e0 une protection particuli\u00e8re\u00a0\u00e0 laquelle nous veillons\u00a0par des mesures techniques et organisationnelles.<\/li>\n<li>L&rsquo;enregistrement de vos donn\u00e9es personnelles\u00a0se fait sur des syst\u00e8mes informatiques sp\u00e9cialement prot\u00e9g\u00e9s.<\/li>\n<li>Le traitement et l&rsquo;enregistrement ont lieu uniquement\u00a0aux fins pour lesquelles vous nous avez transmis ces donn\u00e9es.<\/li>\n<li>Nos employ\u00e9s sont requis de se conformer aux stipulations sur la protection des donn\u00e9es et sont tenus au secret.<\/li>\n<li>Les fournissseurs de services qui font la collecte, le traitement ou l&rsquo;utilisation de donn\u00e9es personnelles en notre nom sont minutieusement selectionn\u00e9s et s&rsquo;engagent par contrat notamment en ce qui concerne les exigences de protection des donn\u00e9es.<\/li>\n<li>Le site Internet www.cg-four.com peut\u00a0r\u00e9f\u00e9rer \u00e0 des sites internet de tierces parties pour lesquelles ces stipulations ne s&rsquo;appliquent pas.<\/li>\n<\/ul>\n<p>[\/vc_column_text][vc_column_text]<\/p>\n<p class=\"title-h5 title-h2\">2. Collecte et gestion de vos donn\u00e9es<\/p>\n<p>[\/vc_column_text][vc_column_text]Nous collectons vos donn\u00e9es de diverses mani\u00e8res:<\/p>\n<ul>\n<li>Donn\u00e9es techniques d&rsquo;acc\u00e8s et fichiers journaux de serveur<\/li>\n<\/ul>\n<p>Pour pouvoir optimiser l&rsquo;utilisation de nos services internet, nous avons besoin d&rsquo;informations \u00e0 propos des moyens techniques qui sont utilis\u00e9s pour l&rsquo;acc\u00e8s \u00e0 nos pages internet. Nous sauvegardons ces donn\u00e9es de fa\u00e7on temporaire dans des fichiers journaux. Normalement, ces donn\u00e9es n&rsquo;incluent pas de donn\u00e9es personnelles.<\/p>\n<ul>\n<li>Demande directe par le formulaire de contact ou par courriel<\/li>\n<\/ul>\n<p>Les demandes que nous recevons par le formulaire de contact ou que vous envoyez directement \u00e0 une personne de contact seront sauvegard\u00e9es (incluant vos coordonn\u00e9es telles que soumises)\u00a0avec pour seul\u00a0but de repondre \u00e0\u00a0votre demande particuli\u00e8re.\u00a0De telles informations ne seront pas transf\u00e9r\u00e9es sans votre consentement.[\/vc_column_text][vc_column_text]<\/p>\n<p class=\"title-h5 title-h2\">3. Utilisation de cookies<\/p>\n<p>[\/vc_column_text][vc_column_text]Les cookies sont de petits fichiers texte plac\u00e9s sur le disque dur de votre ordinateur que nous pouvons lire durant votre visite en cours ou durant des visites ult\u00e9rieures. Nos cookies vous\u00a0permettent l&rsquo;utilisation de certaines fonctionnalit\u00e9s.<\/p>\n<p>Vous pouvez\u00a0emp\u00eacher que des cookies soient utilis\u00e9s\u00a0en configurant votre browser. Nous voulons toutefois vous aviser qu&rsquo;il est possible que certaines fonctionnalit\u00e9s ne vous soient pas accessibles si vous refusez l\u2019utilisation de cookies.[\/vc_column_text][vc_column_text]<\/p>\n<p class=\"title-h5 title-h2\">4. Transmission de vos donn\u00e9es<\/p>\n<p>[\/vc_column_text][vc_column_text]Nous ne divulgons vos donn\u00e9es personnelles \u00e0 de tierces parties que sous\u00a0la base des strictes principes des dispositions allemandes\u00a0sur la\u00a0protection des donn\u00e9es.\u00a0Dans la mesure o\u00f9 des donn\u00e9es sont transmises \u00e0 des fournisseurs de services et\/ou des compagnies affili\u00e9es dans le contexte de mandats de traitements\u00a0de donn\u00e9es, ces parties sont aussi soumises aux exigences l\u00e9gales de <span style=\"color: #181818;\">la<\/span><span style=\"color: #0c0c0c;\"> l\u00e9gislation <\/span><span style=\"color: #181818;\">all<\/span><span style=\"color: #242424;\">emand<\/span><span style=\"color: #303030;\">e <\/span>sur<span style=\"color: #303030;\"> l<\/span><span style=\"color: #242424;\">a protection d<\/span><span style=\"color: #303030;\">es<\/span> donn\u00e9es ou autres l\u00e9gislations et elles n&rsquo;agissent que selon nos instructions.[\/vc_column_text][vc_column_text]<\/p>\n<p class=\"title-h5 title-h2\">5. S\u00e9curit\u00e9 des donn\u00e9es<\/p>\n<p>[\/vc_column_text][vc_column_text]Nous avons mis en place des mesures de s\u00e9curit\u00e9 techniques et organisationnelles pour prot\u00e9ger vos donn\u00e9es\u00a0contre manipulations (accidentelles ou intentionnelles), pertes, destructions ou contre l&rsquo;acc\u00e8s par des personnes non authoris\u00e9es. Nos mesures de s\u00e9curit\u00e9 sont\u00a0sujettes \u00e0 de constantes am\u00e9liorations.<\/p>\n<p>Toutes les donn\u00e9es qui nous sont transmises par formulaire courriel par notre site internet sont transmises sous forme crypt\u00e9e pour les prot\u00e9ger de possibles\u00a0utilisations abusives.\u00a0Toutefois,\u00a0nous ne pouvons pas garantir la s\u00e9curit\u00e9 des transmissions par internet.[\/vc_column_text][vc_column_text]<\/p>\n<p class=\"title-h5 title-h2\">6. Vos droits<\/p>\n<p>[\/vc_column_text][vc_column_text]En ce qui concerne la protection de vos droits, certains recours\u00a0selon BDSG\u00a0sont possibles.\u00a0Il s&rsquo;agit notamment:<\/p>\n<ul>\n<li>Droit de renseignement selon l&rsquo;article 34 par. 1 BDSG<\/li>\n<li>Droit de rectification de vos donn\u00e9es\u00a0selon l&rsquo;article\u00a035 par. 1 BDSG<\/li>\n<li>Droit de faire effacer vos donn\u00e9es selon l&rsquo;article 35 par. 2 BDSG<\/li>\n<li>Droit de faire bloquer vos donn\u00e9es\u00a0selon l&rsquo;article 35 par. 3 BDSG<\/li>\n<li>Droit de recours\u00a0selon l&rsquo;article\u00a035 par. 5 BDSG<\/li>\n<li>Droit de r\u00e9tractation\u00a0selon l&rsquo;article\u00a013 par. 3 TMG resp.\u00a0article 28 par. 3a BDSG<\/li>\n<\/ul>\n<p>[\/vc_column_text][vc_column_text]<\/p>\n<p class=\"title-h5 title-h2\">7. Responsabilit\u00e9<\/p>\n<p>[\/vc_column_text][vc_column_text]Responsable pour le site Internet et en ver<span style=\"color: #303030;\">tu<\/span><span style=\"color: #242424;\"> de <\/span><span style=\"color: #181818;\">la loi <\/span><span style=\"color: #242424;\">allemande<\/span><span style=\"color: #181818;\"> sur la pr<\/span><span style=\"color: #242424;\">otection des donn\u00e9es<\/span>:<\/p>\n<ul>\n<li>Nom de la compagnie: CG<sup>4<\/sup> Coaching<\/li>\n<li>Adresse: Schiffgraben 39, 30175 Hanovre, Allemagne<\/li>\n<li>Num\u00e9ro de portable: +49 (0) 1522-797 35 48<\/li>\n<li>Adresse courriel: caroline.gregoire@cg-four.com<\/li>\n<li>Responsable du contenu: Caroline Gr\u00e9goire<\/li>\n<\/ul>\n<p>[\/vc_column_text][vc_column_text]<\/p>\n<p class=\"title-h5 title-h2\">8. Mise \u00e0 jour de la pr\u00e9sente politique<\/p>\n<p>[\/vc_column_text][vc_column_text]Nous nous r\u00e9servons le droit de modifier \u00e0 tout moment\u00a0ces stipulations de protection des donn\u00e9es en vertu des lois applicables.[\/vc_column_text][\/vc_column][\/vc_row][vc_row][vc_column]<div class=\"clearboth\"><\/div><style>#thegem-divider-69f2006258a38 {margin-top: 50px !important;}<\/style><div id=\"thegem-divider-69f2006258a38\" class=\"gem-divider  \" style=\"\" ><\/div>[\/vc_column][\/vc_row]<\/p>\n<\/div>","protected":false},"excerpt":{"rendered":"<p>[vc_row][vc_column][vc_column_text] Mentions l\u00e9gales [\/vc_column_text][\/vc_column][\/vc_row][vc_row][vc_column width=\u00a0\u00bb1\/2&Prime;][vc_column_text css=\u00a0\u00bb\u00a0\u00bb] Informations \u00e0 propos de CG4 [\/vc_column_text][vc_column_text css=\u00a0\u00bb\u00a0\u00bb]Nom de la compagnie: The Caroline Gr\u00e9goire Company, Lda. Adresse: Quinta dos Salicos 4, 8400-422 Lagoa, Portugal Num\u00e9ro de portable: +49 (0) 1522-797 35 48 Adresse courriel: caroline.gregoire@cg-four.com&#8230;<\/p>\n","protected":false},"author":1,"featured_media":0,"parent":0,"menu_order":0,"comment_status":"closed","ping_status":"closed","template":"","meta":{"_monsterinsights_skip_tracking":false,"_monsterinsights_sitenote_active":false,"_monsterinsights_sitenote_note":"","_monsterinsights_sitenote_category":0,"footnotes":""},"class_list":["post-28954","page","type-page","status-publish"],"yoast_head":"<!-- This site is optimized with the Yoast SEO plugin v27.4 - https:\/\/yoast.com\/product\/yoast-seo-wordpress\/ -->\n<title>Mentions l\u00e9gales Confidentialit\u00e9 - Caroline Gregoire Coaching<\/title>\n<meta name=\"robots\" content=\"index, follow, max-snippet:-1, max-image-preview:large, max-video-preview:-1\" \/>\n<link rel=\"canonical\" href=\"https:\/\/www.cg-four.com\/fr\/mentions-legales-confidentialite\" \/>\n<meta property=\"og:locale\" content=\"fr_FR\" \/>\n<meta property=\"og:type\" content=\"article\" \/>\n<meta property=\"og:title\" content=\"Mentions l\u00e9gales Confidentialit\u00e9 - Caroline Gregoire Coaching\" \/>\n<meta property=\"og:description\" content=\"[vc_row][vc_column][vc_column_text] Mentions l\u00e9gales [\/vc_column_text][\/vc_column][\/vc_row][vc_row][vc_column width=\u00a0\u00bb1\/2&Prime;][vc_column_text css=\u00a0\u00bb\u00a0\u00bb] Informations \u00e0 propos de CG4 [\/vc_column_text][vc_column_text css=\u00a0\u00bb\u00a0\u00bb]Nom de la compagnie: The Caroline Gr\u00e9goire Company, Lda. Adresse: Quinta dos Salicos 4, 8400-422 Lagoa, Portugal Num\u00e9ro de portable: +49 (0) 1522-797 35 48 Adresse courriel: caroline.gregoire@cg-four.com...\" \/>\n<meta property=\"og:url\" content=\"https:\/\/www.cg-four.com\/fr\/mentions-legales-confidentialite\" \/>\n<meta property=\"og:site_name\" content=\"Caroline Gregoire Coaching\" \/>\n<meta property=\"article:modified_time\" content=\"2026-01-21T15:16:03+00:00\" \/>\n<meta name=\"twitter:card\" content=\"summary_large_image\" \/>\n<meta name=\"twitter:label1\" content=\"Dur\u00e9e de lecture estim\u00e9e\" \/>\n\t<meta name=\"twitter:data1\" content=\"5 minutes\" \/>\n<script type=\"application\/ld+json\" class=\"yoast-schema-graph\">{\"@context\":\"https:\\\/\\\/schema.org\",\"@graph\":[{\"@type\":\"WebPage\",\"@id\":\"https:\\\/\\\/www.cg-four.com\\\/fr\\\/mentions-legales-confidentialite\",\"url\":\"https:\\\/\\\/www.cg-four.com\\\/fr\\\/mentions-legales-confidentialite\",\"name\":\"Mentions l\u00e9gales Confidentialit\u00e9 - Caroline Gregoire Coaching\",\"isPartOf\":{\"@id\":\"https:\\\/\\\/www.cg-four.com\\\/#website\"},\"datePublished\":\"2016-09-30T14:53:24+00:00\",\"dateModified\":\"2026-01-21T15:16:03+00:00\",\"breadcrumb\":{\"@id\":\"https:\\\/\\\/www.cg-four.com\\\/fr\\\/mentions-legales-confidentialite#breadcrumb\"},\"inLanguage\":\"fr-FR\",\"potentialAction\":[{\"@type\":\"ReadAction\",\"target\":[\"https:\\\/\\\/www.cg-four.com\\\/fr\\\/mentions-legales-confidentialite\"]}]},{\"@type\":\"BreadcrumbList\",\"@id\":\"https:\\\/\\\/www.cg-four.com\\\/fr\\\/mentions-legales-confidentialite#breadcrumb\",\"itemListElement\":[{\"@type\":\"ListItem\",\"position\":1,\"name\":\"Startseite\",\"item\":\"https:\\\/\\\/www.cg-four.com\\\/fr\"},{\"@type\":\"ListItem\",\"position\":2,\"name\":\"Mentions l\u00e9gales Confidentialit\u00e9\"}]},{\"@type\":\"WebSite\",\"@id\":\"https:\\\/\\\/www.cg-four.com\\\/#website\",\"url\":\"https:\\\/\\\/www.cg-four.com\\\/\",\"name\":\"Caroline Gregoire Coaching\",\"description\":\"International business coach\",\"potentialAction\":[{\"@type\":\"SearchAction\",\"target\":{\"@type\":\"EntryPoint\",\"urlTemplate\":\"https:\\\/\\\/www.cg-four.com\\\/?s={search_term_string}\"},\"query-input\":{\"@type\":\"PropertyValueSpecification\",\"valueRequired\":true,\"valueName\":\"search_term_string\"}}],\"inLanguage\":\"fr-FR\"}]}<\/script>\n<!-- \/ Yoast SEO plugin. -->","yoast_head_json":{"title":"Mentions l\u00e9gales Confidentialit\u00e9 - Caroline Gregoire Coaching","robots":{"index":"index","follow":"follow","max-snippet":"max-snippet:-1","max-image-preview":"max-image-preview:large","max-video-preview":"max-video-preview:-1"},"canonical":"https:\/\/www.cg-four.com\/fr\/mentions-legales-confidentialite","og_locale":"fr_FR","og_type":"article","og_title":"Mentions l\u00e9gales Confidentialit\u00e9 - Caroline Gregoire Coaching","og_description":"[vc_row][vc_column][vc_column_text] Mentions l\u00e9gales [\/vc_column_text][\/vc_column][\/vc_row][vc_row][vc_column width=\u00a0\u00bb1\/2&Prime;][vc_column_text css=\u00a0\u00bb\u00a0\u00bb] Informations \u00e0 propos de CG4 [\/vc_column_text][vc_column_text css=\u00a0\u00bb\u00a0\u00bb]Nom de la compagnie: The Caroline Gr\u00e9goire Company, Lda. Adresse: Quinta dos Salicos 4, 8400-422 Lagoa, Portugal Num\u00e9ro de portable: +49 (0) 1522-797 35 48 Adresse courriel: caroline.gregoire@cg-four.com...","og_url":"https:\/\/www.cg-four.com\/fr\/mentions-legales-confidentialite","og_site_name":"Caroline Gregoire Coaching","article_modified_time":"2026-01-21T15:16:03+00:00","twitter_card":"summary_large_image","twitter_misc":{"Dur\u00e9e de lecture estim\u00e9e":"5 minutes"},"schema":{"@context":"https:\/\/schema.org","@graph":[{"@type":"WebPage","@id":"https:\/\/www.cg-four.com\/fr\/mentions-legales-confidentialite","url":"https:\/\/www.cg-four.com\/fr\/mentions-legales-confidentialite","name":"Mentions l\u00e9gales Confidentialit\u00e9 - Caroline Gregoire Coaching","isPartOf":{"@id":"https:\/\/www.cg-four.com\/#website"},"datePublished":"2016-09-30T14:53:24+00:00","dateModified":"2026-01-21T15:16:03+00:00","breadcrumb":{"@id":"https:\/\/www.cg-four.com\/fr\/mentions-legales-confidentialite#breadcrumb"},"inLanguage":"fr-FR","potentialAction":[{"@type":"ReadAction","target":["https:\/\/www.cg-four.com\/fr\/mentions-legales-confidentialite"]}]},{"@type":"BreadcrumbList","@id":"https:\/\/www.cg-four.com\/fr\/mentions-legales-confidentialite#breadcrumb","itemListElement":[{"@type":"ListItem","position":1,"name":"Startseite","item":"https:\/\/www.cg-four.com\/fr"},{"@type":"ListItem","position":2,"name":"Mentions l\u00e9gales Confidentialit\u00e9"}]},{"@type":"WebSite","@id":"https:\/\/www.cg-four.com\/#website","url":"https:\/\/www.cg-four.com\/","name":"Caroline Gregoire Coaching","description":"International business coach","potentialAction":[{"@type":"SearchAction","target":{"@type":"EntryPoint","urlTemplate":"https:\/\/www.cg-four.com\/?s={search_term_string}"},"query-input":{"@type":"PropertyValueSpecification","valueRequired":true,"valueName":"search_term_string"}}],"inLanguage":"fr-FR"}]}},"_links":{"self":[{"href":"https:\/\/www.cg-four.com\/fr\/wp-json\/wp\/v2\/pages\/28954","targetHints":{"allow":["GET"]}}],"collection":[{"href":"https:\/\/www.cg-four.com\/fr\/wp-json\/wp\/v2\/pages"}],"about":[{"href":"https:\/\/www.cg-four.com\/fr\/wp-json\/wp\/v2\/types\/page"}],"author":[{"embeddable":true,"href":"https:\/\/www.cg-four.com\/fr\/wp-json\/wp\/v2\/users\/1"}],"replies":[{"embeddable":true,"href":"https:\/\/www.cg-four.com\/fr\/wp-json\/wp\/v2\/comments?post=28954"}],"version-history":[{"count":5,"href":"https:\/\/www.cg-four.com\/fr\/wp-json\/wp\/v2\/pages\/28954\/revisions"}],"predecessor-version":[{"id":32208,"href":"https:\/\/www.cg-four.com\/fr\/wp-json\/wp\/v2\/pages\/28954\/revisions\/32208"}],"wp:attachment":[{"href":"https:\/\/www.cg-four.com\/fr\/wp-json\/wp\/v2\/media?parent=28954"}],"curies":[{"name":"wp","href":"https:\/\/api.w.org\/{rel}","templated":true}]}}