{"id":28988,"date":"2016-09-06T07:55:02","date_gmt":"2016-09-06T07:55:02","guid":{"rendered":"http:\/\/www.cg-four.com\/fr\/coaching"},"modified":"2017-08-31T16:05:04","modified_gmt":"2017-08-31T16:05:04","slug":"coaching","status":"publish","type":"page","link":"https:\/\/www.cg-four.com\/fr\/coaching","title":{"rendered":"Coaching_fr"},"content":{"rendered":"<div class=\"wpb-content-wrapper\"><p>[vc_row full_height=\u00a0\u00bbyes\u00a0\u00bb equal_height=\u00a0\u00bbyes\u00a0\u00bb css=\u00a0\u00bb.vc_custom_1476970958676{padding-top: 100px !important;padding-bottom: 250px !important;background-image: url(https:\/\/www.cg-four.com\/wp-content\/uploads\/2016\/09\/cg4_caroline_gregoire_86_coaching-1.jpg?id=28530) !important;background-position: center !important;background-repeat: no-repeat !important;background-size: cover !important;}\u00a0\u00bb][vc_column]<div class=\"clearboth\"><\/div><div id=\"thegem-divider-69f1fc3058c3f\" class=\"gem-divider  \" style=\"\" ><\/div>[vc_column_text css=\u00a0\u00bb.vc_custom_1479554696231{padding-right: 50px !important;}\u00a0\u00bb]<\/p>\n<div class=\"title-h1 title-h2\" style=\"text-align: right;\">Coaching signifie pour moi<\/div>\n<div class=\"title-h1 title-h2\" style=\"text-align: right;\">\u00a0\u00ab\u00a0help to self-help\u00a0\u00bb<\/div>\n<p>[\/vc_column_text]<div class=\"clearboth\"><\/div><div id=\"thegem-divider-69f1fc3058cbb\" class=\"gem-divider  \" style=\"\" ><\/div>[\/vc_column][\/vc_row][vc_row css=\u00a0\u00bb.vc_custom_1476110285901{padding-bottom: 100px !important;}\u00a0\u00bb][vc_column][vc_column_text css=\u00a0\u00bb.vc_custom_1486931491396{padding-right: 30px !important;padding-left: 30px !important;}\u00a0\u00bb]<\/p>\n<p class=\"title-h5 title-h2\" style=\"text-align: center;\">Je suis l\u00e0 pour vous aider \u00e0 d\u00e9velopper vos comp\u00e9tences en leadership pour que vous, votre \u00e9quipe et votre organisation puissent cro\u00eetre et prosp\u00e9rer. Nous discutons ensemble de strat\u00e9gies pour que vous puissiez atteindre vos objectifs et pour que vous puissiez adopter l&rsquo;attitude d\u00e9sir\u00e9e pour y arriver. Comme un entra\u00eeneur de foot ou de patinage artistique, je serai l\u00e0 pour vous encourager mais je ne jouerai pas sur le terrain ni ne chausserai vos patins&#8230; Je vais faire avec vous une r\u00e9flexion sur les r\u00e9sultats que vous avez obtenus, en regardant ce qui a \u00e9t\u00e9 positif et ce qui devra \u00eatre am\u00e9lior\u00e9 au prochain tour.<\/p>\n<p>[\/vc_column_text][vc_single_image image=\u00a0\u00bb28731&Prime; img_size=\u00a0\u00bb250&#215;23&Prime; alignment=\u00a0\u00bbcenter\u00a0\u00bb css=\u00a0\u00bb.vc_custom_1478099464363{margin-top: 50px !important;}\u00a0\u00bb][\/vc_column][\/vc_row][vc_row equal_height=\u00a0\u00bbyes\u00a0\u00bb css=\u00a0\u00bb.vc_custom_1476110397584{padding-right: 50px !important;padding-left: 50px !important;}\u00a0\u00bb][vc_column width=\u00a0\u00bb1\/2&Prime; css=\u00a0\u00bb.vc_custom_1475846188113{padding-top: 150px !important;padding-bottom: 150px !important;background-color: #00577d !important;}\u00a0\u00bb][vc_column_text]<\/p>\n<div class=\"title-h2\" style=\"text-align: center;\"><span style=\"color: #ffffff;\">\u00ab\u00a0Vous ratez 100% des tirs<\/span><\/div>\n<div class=\"title-h2\" style=\"text-align: center;\"><span style=\"color: #ffffff;\">que vous ne tentez pas.\u00a0\u00bb<\/span><\/div>\n<div class=\"title-h2\" style=\"text-align: center;\"><span style=\"color: #ffffff;\">&#8211;\u00a0Wayne Gretzky\u00a0&#8211;<\/span><\/div>\n<p>[\/vc_column_text][\/vc_column][vc_column width=\u00a0\u00bb1\/2&Prime; css=\u00a0\u00bb.vc_custom_1476110524606{padding-top: 20px !important;padding-left: 50px !important;}\u00a0\u00bb][vc_column_text]<\/p>\n<div class=\"title-h2\" style=\"text-align: left;\">Mon Approche de Coaching<\/div>\n<p>[\/vc_column_text]<div class=\"clearboth\"><\/div><div id=\"thegem-divider-69f1fc3058cf7\" class=\"gem-divider  \" style=\"\" ><\/div>[vc_column_text]<\/p>\n<div style=\"text-align: left;\">Combinant les m\u00e9thodes\u00a0de HBT (Human Balance Training) et de\u00a0NOPRA FUN, j&rsquo;utilise des outils qui visent \u00e0 donner de la clart\u00e9 et une perception consciente d&rsquo;une situation et \u00e0\u00a0identifier des solutions pratiques.<\/div>\n<p>[\/vc_column_text]<div class=\"clearboth\"><\/div><div id=\"thegem-divider-69f1fc3058d2c\" class=\"gem-divider  \" style=\"\" ><\/div>[vc_column_text]<\/p>\n<div style=\"text-align: left;\">Nos sessions de coaching peuvent alors lieu de diff\u00e9rentes mani\u00e8res:<\/div>\n<p>[\/vc_column_text]<div class=\"clearboth\"><\/div><div id=\"thegem-divider-69f1fc3058d5e\" class=\"gem-divider  \" style=\"\" ><\/div>[vc_column_text]<span style=\"color: #000000; font-family: Carouge Pro Light;\">\u2022<\/span>\u00a0\u00e0 votre bureau,<\/p>\n<p><span style=\"color: #000000; font-family: Carouge Pro Light;\">\u2022<\/span>\u00a0\u00e0 mon bureau,<\/p>\n<p><span style=\"color: #000000; font-family: Carouge Pro Light;\">\u2022<\/span>\u00a0par Skype<\/p>\n<p><span style=\"color: #000000; font-family: Carouge Pro Light;\">\u2022<\/span>\u00a0par t\u00e9l\u00e9phone<\/p>\n<p><span style=\"color: #000000; font-family: Carouge Pro Light;\">\u2022<\/span>\u00a0ou comme combinaison de ces possibilit\u00e9s[\/vc_column_text]<div class=\"clearboth\"><\/div><style>#thegem-divider-69f1fc3058d9c {margin-top: 50px !important;}<\/style><div id=\"thegem-divider-69f1fc3058d9c\" class=\"gem-divider  \" style=\"\" ><\/div>[vc_single_image image=\u00a0\u00bb28732&Prime; img_size=\u00a0\u00bb250&#215;7&Prime; alignment=\u00a0\u00bbcenter\u00a0\u00bb][\/vc_column][\/vc_row][vc_row css=\u00a0\u00bb.vc_custom_1476110603587{padding-top: 100px !important;}\u00a0\u00bb][vc_column][vc_column_text]<\/p>\n<div class=\"title-h1\" style=\"text-align: center;\">Notre collaboration est bas\u00e9e sur:<\/div>\n<p>[\/vc_column_text][\/vc_column][\/vc_row][vc_row gap=\u00a0\u00bb35&Prime;][vc_column width=\u00a0\u00bb1\/4&Prime; css=\u00a0\u00bb.vc_custom_1478096772766{border-top-width: 1px !important;border-right-width: 1px !important;border-bottom-width: 1px !important;border-left-width: 1px !important;border-left-color: #00577d !important;border-left-style: solid !important;border-right-color: #00577d !important;border-right-style: solid !important;border-top-color: #00577d !important;border-top-style: solid !important;border-bottom-color: #00577d !important;border-bottom-style: solid !important;border-radius: 1px !important;}\u00a0\u00bb][vc_single_image image=\u00a0\u00bb28860&Prime; img_size=\u00a0\u00bb120&#215;120&Prime; alignment=\u00a0\u00bbcenter\u00a0\u00bb][vc_column_text]<\/p>\n<div class=\"title-h5\" style=\"text-align: center;\"><span style=\"color: #ff4814;\">CONFIANCE<\/span><\/div>\n<p>[\/vc_column_text][vc_column_text]<\/p>\n<p style=\"text-align: center;\"><span style=\"color: #00577d;\">pour\u00a0donner de l&rsquo;espace\u00a0au processus<\/span><\/p>\n<p>[\/vc_column_text][\/vc_column][vc_column width=\u00a0\u00bb1\/4&Prime; css=\u00a0\u00bb.vc_custom_1478096779268{border-top-width: 1px !important;border-right-width: 1px !important;border-bottom-width: 1px !important;border-left-width: 1px !important;border-left-color: #00577d !important;border-left-style: solid !important;border-right-color: #00577d !important;border-right-style: solid !important;border-top-color: #00577d !important;border-top-style: solid !important;border-bottom-color: #00577d !important;border-bottom-style: solid !important;border-radius: 1px !important;}\u00a0\u00bb][vc_single_image image=\u00a0\u00bb28857&Prime; img_size=\u00a0\u00bb120&#215;120&Prime; alignment=\u00a0\u00bbcenter\u00a0\u00bb][vc_column_text]<\/p>\n<div class=\"title-h5\" style=\"text-align: center;\"><span style=\"color: #ff4814;\">CURIOSIT\u00c9<\/span><\/div>\n<p>[\/vc_column_text][vc_column_text]<\/p>\n<p style=\"text-align: center;\"><span style=\"color: #00577d;\">pour pouvoir d\u00e9couvrir du nouveau<\/span><\/p>\n<p>[\/vc_column_text][\/vc_column][vc_column width=\u00a0\u00bb1\/4&Prime; css=\u00a0\u00bb.vc_custom_1478096820544{border-top-width: 1px !important;border-right-width: 1px !important;border-bottom-width: 1px !important;border-left-width: 1px !important;border-left-color: #00577d !important;border-left-style: solid !important;border-right-color: #00577d !important;border-right-style: solid !important;border-top-color: #00577d !important;border-top-style: solid !important;border-bottom-color: #00577d !important;border-bottom-style: solid !important;border-radius: 1px !important;}\u00a0\u00bb][vc_single_image image=\u00a0\u00bb28858&Prime; img_size=\u00a0\u00bb120&#215;120&Prime; alignment=\u00a0\u00bbcenter\u00a0\u00bb][vc_column_text]<\/p>\n<div class=\"title-h5\" style=\"text-align: center;\"><span style=\"color: #ff4814;\">OUVERTURE<\/span><\/div>\n<p>[\/vc_column_text][vc_column_text]<\/p>\n<p style=\"text-align: center;\"><span style=\"color: #00577d;\">pour oser essayer de nouveaux sentiers<\/span><\/p>\n<p>[\/vc_column_text][\/vc_column][vc_column width=\u00a0\u00bb1\/4&Prime; css=\u00a0\u00bb.vc_custom_1478096839782{border-top-width: 1px !important;border-right-width: 1px !important;border-bottom-width: 1px !important;border-left-width: 1px !important;border-left-color: #00577d !important;border-left-style: solid !important;border-right-color: #00577d !important;border-right-style: solid !important;border-top-color: #00577d !important;border-top-style: solid !important;border-bottom-color: #00577d !important;border-bottom-style: solid !important;border-radius: 1px !important;}\u00a0\u00bb][vc_single_image image=\u00a0\u00bb28856&Prime; img_size=\u00a0\u00bb120&#215;120&Prime; alignment=\u00a0\u00bbcenter\u00a0\u00bb][vc_column_text]<\/p>\n<div class=\"title-h5\" style=\"text-align: center;\"><span style=\"color: #ff4814;\">HUMOUR<\/span><\/div>\n<p>[\/vc_column_text][vc_column_text]<\/p>\n<p style=\"text-align: center;\"><span style=\"color: #00577d;\">pour donner de la l\u00e9g\u00e8ret\u00e9 aux choses<\/span><\/p>\n<p>[\/vc_column_text][\/vc_column][\/vc_row][vc_row][vc_column]<div class=\"clearboth\"><\/div><style>#thegem-divider-69f1fc3058dd4 {margin-top: 50px !important;}<\/style><div id=\"thegem-divider-69f1fc3058dd4\" class=\"gem-divider  \" style=\"\" ><\/div>[\/vc_column][\/vc_row]<\/p>\n<\/div>","protected":false},"excerpt":{"rendered":"<p>[vc_row full_height=\u00a0\u00bbyes\u00a0\u00bb equal_height=\u00a0\u00bbyes\u00a0\u00bb css=\u00a0\u00bb.vc_custom_1476970958676{padding-top: 100px !important;padding-bottom: 250px !important;background-image: url(https:\/\/www.cg-four.com\/wp-content\/uploads\/2016\/09\/cg4_caroline_gregoire_86_coaching-1.jpg?id=28530) !important;background-position: center !important;background-repeat: no-repeat !important;background-size: cover !important;}\u00a0\u00bb][vc_column][vc_column_text css=\u00a0\u00bb.vc_custom_1479554696231{padding-right: 50px !important;}\u00a0\u00bb] Coaching signifie pour moi \u00a0\u00ab\u00a0help to self-help\u00a0\u00bb [\/vc_column_text][\/vc_column][\/vc_row][vc_row css=\u00a0\u00bb.vc_custom_1476110285901{padding-bottom: 100px !important;}\u00a0\u00bb][vc_column][vc_column_text css=\u00a0\u00bb.vc_custom_1486931491396{padding-right: 30px !important;padding-left: 30px !important;}\u00a0\u00bb] Je suis l\u00e0 pour vous&#8230;<\/p>\n","protected":false},"author":1,"featured_media":0,"parent":0,"menu_order":0,"comment_status":"closed","ping_status":"open","template":"","meta":{"_monsterinsights_skip_tracking":false,"_monsterinsights_sitenote_active":false,"_monsterinsights_sitenote_note":"","_monsterinsights_sitenote_category":0,"footnotes":""},"class_list":["post-28988","page","type-page","status-publish"],"yoast_head":"<!-- This site is optimized with the Yoast SEO plugin v27.4 - https:\/\/yoast.com\/product\/yoast-seo-wordpress\/ -->\n<title>Services de coaching de CG4 Coaching: pour individus et \u00e9quipes<\/title>\n<meta name=\"description\" content=\"Le coaching assure la contribution au d\u00e9veloppement et \u00e0 l&#039;atteinte de vos objectifs. Apportez avec vous confiance, curiosit\u00e9, ouverture et humour!\" \/>\n<meta name=\"robots\" content=\"index, follow, max-snippet:-1, max-image-preview:large, max-video-preview:-1\" \/>\n<link rel=\"canonical\" href=\"https:\/\/www.cg-four.com\/fr\/coaching\" \/>\n<meta property=\"og:locale\" content=\"fr_FR\" \/>\n<meta property=\"og:type\" content=\"article\" \/>\n<meta property=\"og:title\" content=\"Services de coaching de CG4 Coaching: pour individus et \u00e9quipes\" \/>\n<meta property=\"og:description\" content=\"Le coaching assure la contribution au d\u00e9veloppement et \u00e0 l&#039;atteinte de vos objectifs. Apportez avec vous confiance, curiosit\u00e9, ouverture et humour!\" \/>\n<meta property=\"og:url\" content=\"https:\/\/www.cg-four.com\/fr\/coaching\" \/>\n<meta property=\"og:site_name\" content=\"Caroline Gregoire Coaching\" \/>\n<meta property=\"article:modified_time\" content=\"2017-08-31T16:05:04+00:00\" \/>\n<meta name=\"twitter:card\" content=\"summary_large_image\" \/>\n<meta name=\"twitter:label1\" content=\"Dur\u00e9e de lecture estim\u00e9e\" \/>\n\t<meta name=\"twitter:data1\" content=\"4 minutes\" \/>\n<script type=\"application\/ld+json\" class=\"yoast-schema-graph\">{\"@context\":\"https:\\\/\\\/schema.org\",\"@graph\":[{\"@type\":\"WebPage\",\"@id\":\"https:\\\/\\\/www.cg-four.com\\\/fr\\\/coaching\",\"url\":\"https:\\\/\\\/www.cg-four.com\\\/fr\\\/coaching\",\"name\":\"Services de coaching de CG4 Coaching: pour individus et \u00e9quipes\",\"isPartOf\":{\"@id\":\"https:\\\/\\\/www.cg-four.com\\\/#website\"},\"datePublished\":\"2016-09-06T07:55:02+00:00\",\"dateModified\":\"2017-08-31T16:05:04+00:00\",\"description\":\"Le coaching assure la contribution au d\u00e9veloppement et \u00e0 l'atteinte de vos objectifs. Apportez avec vous confiance, curiosit\u00e9, ouverture et humour!\",\"breadcrumb\":{\"@id\":\"https:\\\/\\\/www.cg-four.com\\\/fr\\\/coaching#breadcrumb\"},\"inLanguage\":\"fr-FR\",\"potentialAction\":[{\"@type\":\"ReadAction\",\"target\":[\"https:\\\/\\\/www.cg-four.com\\\/fr\\\/coaching\"]}]},{\"@type\":\"BreadcrumbList\",\"@id\":\"https:\\\/\\\/www.cg-four.com\\\/fr\\\/coaching#breadcrumb\",\"itemListElement\":[{\"@type\":\"ListItem\",\"position\":1,\"name\":\"Startseite\",\"item\":\"https:\\\/\\\/www.cg-four.com\\\/fr\"},{\"@type\":\"ListItem\",\"position\":2,\"name\":\"Coaching_fr\"}]},{\"@type\":\"WebSite\",\"@id\":\"https:\\\/\\\/www.cg-four.com\\\/#website\",\"url\":\"https:\\\/\\\/www.cg-four.com\\\/\",\"name\":\"Caroline Gregoire Coaching\",\"description\":\"International business coach\",\"potentialAction\":[{\"@type\":\"SearchAction\",\"target\":{\"@type\":\"EntryPoint\",\"urlTemplate\":\"https:\\\/\\\/www.cg-four.com\\\/?s={search_term_string}\"},\"query-input\":{\"@type\":\"PropertyValueSpecification\",\"valueRequired\":true,\"valueName\":\"search_term_string\"}}],\"inLanguage\":\"fr-FR\"}]}<\/script>\n<!-- \/ Yoast SEO plugin. -->","yoast_head_json":{"title":"Services de coaching de CG4 Coaching: pour individus et \u00e9quipes","description":"Le coaching assure la contribution au d\u00e9veloppement et \u00e0 l'atteinte de vos objectifs. Apportez avec vous confiance, curiosit\u00e9, ouverture et humour!","robots":{"index":"index","follow":"follow","max-snippet":"max-snippet:-1","max-image-preview":"max-image-preview:large","max-video-preview":"max-video-preview:-1"},"canonical":"https:\/\/www.cg-four.com\/fr\/coaching","og_locale":"fr_FR","og_type":"article","og_title":"Services de coaching de CG4 Coaching: pour individus et \u00e9quipes","og_description":"Le coaching assure la contribution au d\u00e9veloppement et \u00e0 l'atteinte de vos objectifs. Apportez avec vous confiance, curiosit\u00e9, ouverture et humour!","og_url":"https:\/\/www.cg-four.com\/fr\/coaching","og_site_name":"Caroline Gregoire Coaching","article_modified_time":"2017-08-31T16:05:04+00:00","twitter_card":"summary_large_image","twitter_misc":{"Dur\u00e9e de lecture estim\u00e9e":"4 minutes"},"schema":{"@context":"https:\/\/schema.org","@graph":[{"@type":"WebPage","@id":"https:\/\/www.cg-four.com\/fr\/coaching","url":"https:\/\/www.cg-four.com\/fr\/coaching","name":"Services de coaching de CG4 Coaching: pour individus et \u00e9quipes","isPartOf":{"@id":"https:\/\/www.cg-four.com\/#website"},"datePublished":"2016-09-06T07:55:02+00:00","dateModified":"2017-08-31T16:05:04+00:00","description":"Le coaching assure la contribution au d\u00e9veloppement et \u00e0 l'atteinte de vos objectifs. Apportez avec vous confiance, curiosit\u00e9, ouverture et humour!","breadcrumb":{"@id":"https:\/\/www.cg-four.com\/fr\/coaching#breadcrumb"},"inLanguage":"fr-FR","potentialAction":[{"@type":"ReadAction","target":["https:\/\/www.cg-four.com\/fr\/coaching"]}]},{"@type":"BreadcrumbList","@id":"https:\/\/www.cg-four.com\/fr\/coaching#breadcrumb","itemListElement":[{"@type":"ListItem","position":1,"name":"Startseite","item":"https:\/\/www.cg-four.com\/fr"},{"@type":"ListItem","position":2,"name":"Coaching_fr"}]},{"@type":"WebSite","@id":"https:\/\/www.cg-four.com\/#website","url":"https:\/\/www.cg-four.com\/","name":"Caroline Gregoire Coaching","description":"International business coach","potentialAction":[{"@type":"SearchAction","target":{"@type":"EntryPoint","urlTemplate":"https:\/\/www.cg-four.com\/?s={search_term_string}"},"query-input":{"@type":"PropertyValueSpecification","valueRequired":true,"valueName":"search_term_string"}}],"inLanguage":"fr-FR"}]}},"_links":{"self":[{"href":"https:\/\/www.cg-four.com\/fr\/wp-json\/wp\/v2\/pages\/28988","targetHints":{"allow":["GET"]}}],"collection":[{"href":"https:\/\/www.cg-four.com\/fr\/wp-json\/wp\/v2\/pages"}],"about":[{"href":"https:\/\/www.cg-four.com\/fr\/wp-json\/wp\/v2\/types\/page"}],"author":[{"embeddable":true,"href":"https:\/\/www.cg-four.com\/fr\/wp-json\/wp\/v2\/users\/1"}],"replies":[{"embeddable":true,"href":"https:\/\/www.cg-four.com\/fr\/wp-json\/wp\/v2\/comments?post=28988"}],"version-history":[{"count":6,"href":"https:\/\/www.cg-four.com\/fr\/wp-json\/wp\/v2\/pages\/28988\/revisions"}],"predecessor-version":[{"id":29587,"href":"https:\/\/www.cg-four.com\/fr\/wp-json\/wp\/v2\/pages\/28988\/revisions\/29587"}],"wp:attachment":[{"href":"https:\/\/www.cg-four.com\/fr\/wp-json\/wp\/v2\/media?parent=28988"}],"curies":[{"name":"wp","href":"https:\/\/api.w.org\/{rel}","templated":true}]}}