{"id":28991,"date":"2016-09-27T18:47:10","date_gmt":"2016-09-27T18:47:10","guid":{"rendered":"http:\/\/www.cg-four.com\/fr\/einzelcoaching"},"modified":"2018-04-17T14:44:03","modified_gmt":"2018-04-17T14:44:03","slug":"coaching-individuel","status":"publish","type":"page","link":"https:\/\/www.cg-four.com\/fr\/coaching-individuel","title":{"rendered":"Coaching Individuel"},"content":{"rendered":"<div class=\"wpb-content-wrapper\"><p>[vc_row full_width=\u00a0\u00bbstretch_row_content\u00a0\u00bb equal_height=\u00a0\u00bbyes\u00a0\u00bb css=\u00a0\u00bb.vc_custom_1476279932049{margin-right: 40px !important;margin-left: 40px !important;}\u00a0\u00bb][vc_column css=\u00a0\u00bb.vc_custom_1476958008266{padding-top: 250px !important;padding-bottom: 250px !important;background-image: url(https:\/\/www.cg-four.com\/wp-content\/uploads\/2016\/09\/cg4_caroline_gregoire_220_einzelcoaching.jpg?id=28513) !important;background-position: center !important;background-repeat: no-repeat !important;background-size: cover !important;}\u00a0\u00bb offset=\u00a0\u00bbvc_col-lg-offset-0 vc_col-lg-6 vc_col-md-offset-0 vc_col-md-6 vc_col-sm-offset-0 vc_col-xs-12&Prime;][\/vc_column][vc_column width=\u00a0\u00bb1\/2&Prime; css=\u00a0\u00bb.vc_custom_1476118080939{margin-right: 50px !important;margin-left: 50px !important;padding-bottom: 30px !important;}\u00a0\u00bb][vc_text_separator title=\u00a0\u00bbCoaching Individuel\u00a0\u00bb title_align=\u00a0\u00bbseparator_align_left\u00a0\u00bb align=\u00a0\u00bbalign_left\u00a0\u00bb color=\u00a0\u00bbwhite\u00a0\u00bb][vc_column_text]<\/p>\n<div style=\"text-align: left;\">Vous avez r\u00e9cemment obtenu un poste de gestionnaire ou de dirigeant, vous exercez d\u00e9j\u00e0 cette fonction ou vous \u00eates un entrepreneur:<\/div>\n<p>[\/vc_column_text][vc_column_text]<\/p>\n<ul>\n<li>Vous voulez clarifier ou d\u00e9velopper d&rsquo;avantage votre position au sein de votre organisation, ou<\/li>\n<li>Vous faites face \u00e0 diff\u00e9rents d\u00e9fis avec votre\u00a0\u00e9quipe et\/ou avec des partenaires d&rsquo;affaires, ou<\/li>\n<li>Vous devez \u00e9tablir une strat\u00e9gie d&rsquo;affaires ainsi que formuler des objectifs pr\u00e9cis, ou<\/li>\n<li>Vous avez besoin de conseils, de commentaires ou d&rsquo;un avis objectif pour la pr\u00e9paration d&rsquo;une pr\u00e9sentation ou d&rsquo;un discours, ou<\/li>\n<li>Vous d\u00e9sirez am\u00e9liorer vos comp\u00e9tences sociales et vos habilit\u00e9s en leadership de fa\u00e7on g\u00e9n\u00e9rale, ou<\/li>\n<li>Vous souhaitez faire un travail de r\u00e9flexion sur vous, votre style de gestion et votre r\u00f4le?<\/li>\n<\/ul>\n<p>[\/vc_column_text][vc_single_image image=\u00a0\u00bb28730&Prime; img_size=\u00a0\u00bbfull\u00a0\u00bb alignment=\u00a0\u00bbcenter\u00a0\u00bb css=\u00a0\u00bb.vc_custom_1478098365271{margin-top: 50px !important;border-bottom-width: 50px !important;}\u00a0\u00bb][\/vc_column][\/vc_row][vc_row equal_height=\u00a0\u00bbyes\u00a0\u00bb][vc_column width=\u00a0\u00bb1\/2&Prime; css=\u00a0\u00bb.vc_custom_1475848179638{margin-right: 40px !important;margin-left: 40px !important;}\u00a0\u00bb]<div class=\"clearboth\"><\/div><style>#thegem-divider-69f2000ba145b {margin-top: 120px !important;}<\/style><div id=\"thegem-divider-69f2000ba145b\" class=\"gem-divider  \" style=\"\" ><\/div>[vc_column_text css=\u00a0\u00bb.vc_custom_1523976237034{margin-right: 40px !important;margin-left: 40px !important;}\u00a0\u00bb]<\/p>\n<div style=\"text-align: left;\">Alors j&rsquo;ai la bonne solution pour vous! Avec le coaching individuel, j&rsquo;agis comme \u00ab\u00a0sparring partner\u00a0\u00bb pour vous aider avec les aspects reli\u00e9s au leadership, \u00e0 la strat\u00e9gie et \u00e0 la communication. Je vous oriente de fa\u00e7on constructive \u00e0 l&rsquo;aide de multiples outils afin d&rsquo;approfondir les r\u00e9ponses aux questions que vous vous posez\u00a0et je travaille avec vous pour identifier des solutions concr\u00e8tes qui vous am\u00e8neront \u00e0 atteindre vos objectifs.<\/div>\n<p>[\/vc_column_text][vc_single_image image=\u00a0\u00bb28730&Prime; img_size=\u00a0\u00bbfull\u00a0\u00bb alignment=\u00a0\u00bbcenter\u00a0\u00bb css=\u00a0\u00bb.vc_custom_1478098414195{margin-top: 100px !important;border-bottom-width: 100px !important;}\u00a0\u00bb][\/vc_column][vc_column css=\u00a0\u00bb.vc_custom_1476958075488{padding-top: 250px !important;padding-bottom: 250px !important;background-image: url(https:\/\/www.cg-four.com\/wp-content\/uploads\/2016\/09\/cg4_caroline_gregoire_269_einzelcoaching.jpg?id=28514) !important;background-position: center !important;background-repeat: no-repeat !important;background-size: cover !important;}\u00a0\u00bb offset=\u00a0\u00bbvc_col-lg-6 vc_col-md-6&Prime;][\/vc_column][\/vc_row][vc_row][vc_column]<div class=\"clearboth\"><\/div><style>#thegem-divider-69f2000ba14b0 {margin-top: 50px !important;}<\/style><div id=\"thegem-divider-69f2000ba14b0\" class=\"gem-divider  \" style=\"\" ><\/div>[\/vc_column][\/vc_row]<\/p>\n<\/div>","protected":false},"excerpt":{"rendered":"<p>[vc_row full_width=\u00a0\u00bbstretch_row_content\u00a0\u00bb equal_height=\u00a0\u00bbyes\u00a0\u00bb css=\u00a0\u00bb.vc_custom_1476279932049{margin-right: 40px !important;margin-left: 40px !important;}\u00a0\u00bb][vc_column css=\u00a0\u00bb.vc_custom_1476958008266{padding-top: 250px !important;padding-bottom: 250px !important;background-image: url(https:\/\/www.cg-four.com\/wp-content\/uploads\/2016\/09\/cg4_caroline_gregoire_220_einzelcoaching.jpg?id=28513) !important;background-position: center !important;background-repeat: no-repeat !important;background-size: cover !important;}\u00a0\u00bb offset=\u00a0\u00bbvc_col-lg-offset-0 vc_col-lg-6 vc_col-md-offset-0 vc_col-md-6 vc_col-sm-offset-0 vc_col-xs-12&Prime;][\/vc_column][vc_column width=\u00a0\u00bb1\/2&Prime; css=\u00a0\u00bb.vc_custom_1476118080939{margin-right: 50px !important;margin-left: 50px !important;padding-bottom: 30px !important;}\u00a0\u00bb][vc_text_separator title=\u00a0\u00bbCoaching Individuel\u00a0\u00bb title_align=\u00a0\u00bbseparator_align_left\u00a0\u00bb align=\u00a0\u00bbalign_left\u00a0\u00bb color=\u00a0\u00bbwhite\u00a0\u00bb][vc_column_text]&#8230;<\/p>\n","protected":false},"author":1,"featured_media":0,"parent":0,"menu_order":0,"comment_status":"closed","ping_status":"closed","template":"","meta":{"_monsterinsights_skip_tracking":false,"_monsterinsights_sitenote_active":false,"_monsterinsights_sitenote_note":"","_monsterinsights_sitenote_category":0,"footnotes":""},"class_list":["post-28991","page","type-page","status-publish"],"yoast_head":"<!-- This site is optimized with the Yoast SEO plugin v27.4 - https:\/\/yoast.com\/product\/yoast-seo-wordpress\/ -->\n<title>Coaching d&#039;affaires pour gestionnaires, dirigeants et entrepreneurs<\/title>\n<meta name=\"description\" content=\"Le coaching individuel couvre les th\u00e8mes de leadership, communication et strat\u00e9gie, tant au niveau r\u00e9gional qu&#039;international. Le tout de fa\u00e7on holistique.\" \/>\n<meta name=\"robots\" content=\"index, follow, max-snippet:-1, max-image-preview:large, max-video-preview:-1\" \/>\n<link rel=\"canonical\" href=\"https:\/\/www.cg-four.com\/fr\/coaching-individuel\" \/>\n<meta property=\"og:locale\" content=\"fr_FR\" \/>\n<meta property=\"og:type\" content=\"article\" \/>\n<meta property=\"og:title\" content=\"Coaching d&#039;affaires pour gestionnaires, dirigeants et entrepreneurs\" \/>\n<meta property=\"og:description\" content=\"Le coaching individuel couvre les th\u00e8mes de leadership, communication et strat\u00e9gie, tant au niveau r\u00e9gional qu&#039;international. Le tout de fa\u00e7on holistique.\" \/>\n<meta property=\"og:url\" content=\"https:\/\/www.cg-four.com\/fr\/coaching-individuel\" \/>\n<meta property=\"og:site_name\" content=\"Caroline Gregoire Coaching\" \/>\n<meta property=\"article:modified_time\" content=\"2018-04-17T14:44:03+00:00\" \/>\n<meta name=\"twitter:card\" content=\"summary_large_image\" \/>\n<meta name=\"twitter:label1\" content=\"Dur\u00e9e de lecture estim\u00e9e\" \/>\n\t<meta name=\"twitter:data1\" content=\"2 minutes\" \/>\n<script type=\"application\/ld+json\" class=\"yoast-schema-graph\">{\"@context\":\"https:\\\/\\\/schema.org\",\"@graph\":[{\"@type\":\"WebPage\",\"@id\":\"https:\\\/\\\/www.cg-four.com\\\/fr\\\/coaching-individuel\",\"url\":\"https:\\\/\\\/www.cg-four.com\\\/fr\\\/coaching-individuel\",\"name\":\"Coaching d'affaires pour gestionnaires, dirigeants et entrepreneurs\",\"isPartOf\":{\"@id\":\"https:\\\/\\\/www.cg-four.com\\\/#website\"},\"datePublished\":\"2016-09-27T18:47:10+00:00\",\"dateModified\":\"2018-04-17T14:44:03+00:00\",\"description\":\"Le coaching individuel couvre les th\u00e8mes de leadership, communication et strat\u00e9gie, tant au niveau r\u00e9gional qu'international. Le tout de fa\u00e7on holistique.\",\"breadcrumb\":{\"@id\":\"https:\\\/\\\/www.cg-four.com\\\/fr\\\/coaching-individuel#breadcrumb\"},\"inLanguage\":\"fr-FR\",\"potentialAction\":[{\"@type\":\"ReadAction\",\"target\":[\"https:\\\/\\\/www.cg-four.com\\\/fr\\\/coaching-individuel\"]}]},{\"@type\":\"BreadcrumbList\",\"@id\":\"https:\\\/\\\/www.cg-four.com\\\/fr\\\/coaching-individuel#breadcrumb\",\"itemListElement\":[{\"@type\":\"ListItem\",\"position\":1,\"name\":\"Startseite\",\"item\":\"https:\\\/\\\/www.cg-four.com\\\/fr\"},{\"@type\":\"ListItem\",\"position\":2,\"name\":\"Coaching Individuel\"}]},{\"@type\":\"WebSite\",\"@id\":\"https:\\\/\\\/www.cg-four.com\\\/#website\",\"url\":\"https:\\\/\\\/www.cg-four.com\\\/\",\"name\":\"Caroline Gregoire Coaching\",\"description\":\"International business coach\",\"potentialAction\":[{\"@type\":\"SearchAction\",\"target\":{\"@type\":\"EntryPoint\",\"urlTemplate\":\"https:\\\/\\\/www.cg-four.com\\\/?s={search_term_string}\"},\"query-input\":{\"@type\":\"PropertyValueSpecification\",\"valueRequired\":true,\"valueName\":\"search_term_string\"}}],\"inLanguage\":\"fr-FR\"}]}<\/script>\n<!-- \/ Yoast SEO plugin. -->","yoast_head_json":{"title":"Coaching d'affaires pour gestionnaires, dirigeants et entrepreneurs","description":"Le coaching individuel couvre les th\u00e8mes de leadership, communication et strat\u00e9gie, tant au niveau r\u00e9gional qu'international. Le tout de fa\u00e7on holistique.","robots":{"index":"index","follow":"follow","max-snippet":"max-snippet:-1","max-image-preview":"max-image-preview:large","max-video-preview":"max-video-preview:-1"},"canonical":"https:\/\/www.cg-four.com\/fr\/coaching-individuel","og_locale":"fr_FR","og_type":"article","og_title":"Coaching d'affaires pour gestionnaires, dirigeants et entrepreneurs","og_description":"Le coaching individuel couvre les th\u00e8mes de leadership, communication et strat\u00e9gie, tant au niveau r\u00e9gional qu'international. Le tout de fa\u00e7on holistique.","og_url":"https:\/\/www.cg-four.com\/fr\/coaching-individuel","og_site_name":"Caroline Gregoire Coaching","article_modified_time":"2018-04-17T14:44:03+00:00","twitter_card":"summary_large_image","twitter_misc":{"Dur\u00e9e de lecture estim\u00e9e":"2 minutes"},"schema":{"@context":"https:\/\/schema.org","@graph":[{"@type":"WebPage","@id":"https:\/\/www.cg-four.com\/fr\/coaching-individuel","url":"https:\/\/www.cg-four.com\/fr\/coaching-individuel","name":"Coaching d'affaires pour gestionnaires, dirigeants et entrepreneurs","isPartOf":{"@id":"https:\/\/www.cg-four.com\/#website"},"datePublished":"2016-09-27T18:47:10+00:00","dateModified":"2018-04-17T14:44:03+00:00","description":"Le coaching individuel couvre les th\u00e8mes de leadership, communication et strat\u00e9gie, tant au niveau r\u00e9gional qu'international. Le tout de fa\u00e7on holistique.","breadcrumb":{"@id":"https:\/\/www.cg-four.com\/fr\/coaching-individuel#breadcrumb"},"inLanguage":"fr-FR","potentialAction":[{"@type":"ReadAction","target":["https:\/\/www.cg-four.com\/fr\/coaching-individuel"]}]},{"@type":"BreadcrumbList","@id":"https:\/\/www.cg-four.com\/fr\/coaching-individuel#breadcrumb","itemListElement":[{"@type":"ListItem","position":1,"name":"Startseite","item":"https:\/\/www.cg-four.com\/fr"},{"@type":"ListItem","position":2,"name":"Coaching Individuel"}]},{"@type":"WebSite","@id":"https:\/\/www.cg-four.com\/#website","url":"https:\/\/www.cg-four.com\/","name":"Caroline Gregoire Coaching","description":"International business coach","potentialAction":[{"@type":"SearchAction","target":{"@type":"EntryPoint","urlTemplate":"https:\/\/www.cg-four.com\/?s={search_term_string}"},"query-input":{"@type":"PropertyValueSpecification","valueRequired":true,"valueName":"search_term_string"}}],"inLanguage":"fr-FR"}]}},"_links":{"self":[{"href":"https:\/\/www.cg-four.com\/fr\/wp-json\/wp\/v2\/pages\/28991","targetHints":{"allow":["GET"]}}],"collection":[{"href":"https:\/\/www.cg-four.com\/fr\/wp-json\/wp\/v2\/pages"}],"about":[{"href":"https:\/\/www.cg-four.com\/fr\/wp-json\/wp\/v2\/types\/page"}],"author":[{"embeddable":true,"href":"https:\/\/www.cg-four.com\/fr\/wp-json\/wp\/v2\/users\/1"}],"replies":[{"embeddable":true,"href":"https:\/\/www.cg-four.com\/fr\/wp-json\/wp\/v2\/comments?post=28991"}],"version-history":[{"count":5,"href":"https:\/\/www.cg-four.com\/fr\/wp-json\/wp\/v2\/pages\/28991\/revisions"}],"predecessor-version":[{"id":30374,"href":"https:\/\/www.cg-four.com\/fr\/wp-json\/wp\/v2\/pages\/28991\/revisions\/30374"}],"wp:attachment":[{"href":"https:\/\/www.cg-four.com\/fr\/wp-json\/wp\/v2\/media?parent=28991"}],"curies":[{"name":"wp","href":"https:\/\/api.w.org\/{rel}","templated":true}]}}