{"id":29001,"date":"2016-09-27T14:34:11","date_gmt":"2016-09-27T14:34:11","guid":{"rendered":"http:\/\/www.cg-four.com\/fr\/moderation"},"modified":"2017-12-13T14:08:47","modified_gmt":"2017-12-13T14:08:47","slug":"animation","status":"publish","type":"page","link":"https:\/\/www.cg-four.com\/fr\/animation","title":{"rendered":"Animation"},"content":{"rendered":"<div class=\"wpb-content-wrapper\"><p>[vc_row equal_height=\u00a0\u00bbyes\u00a0\u00bb el_class=\u00a0\u00bbmobile-respons-style\u00a0\u00bb css=\u00a0\u00bb.vc_custom_1476700523973{background-position: center !important;background-repeat: no-repeat !important;background-size: contain !important;}\u00a0\u00bb][vc_column][vc_single_image image=\u00a0\u00bb28509&Prime; img_size=\u00a0\u00bbfull\u00a0\u00bb][\/vc_column][\/vc_row][vc_row][vc_column][vc_text_separator title=\u00a0\u00bbAnimation de votre \u00c9v\u00e9nement\u00a0\u00bb align=\u00a0\u00bbalign_left\u00a0\u00bb color=\u00a0\u00bbwhite\u00a0\u00bb][vc_column_text css=\u00a0\u00bb.vc_custom_1513174123174{margin-right: 100px !important;margin-left: 100px !important;}\u00a0\u00bb]<\/p>\n<p class=\"title-h5 title-h2\" style=\"text-align: left;\">Vous pr\u00e9parez peut-\u00eatre un \u00e9v\u00e9nement sp\u00e9cial avec votre \u00e9quipe ou\u00a0pour votre entreprise et vous avez besoin\u00a0d&rsquo;une personne neutre pour faciliter un atelier ou animer cet \u00e9v\u00e9nement? Avec ma capacit\u00e9 \u00e0 voir les choses de fa\u00e7on holistique et mon exp\u00e9rience d&rsquo;animatrice, j&rsquo;apporte le professionnalisme, l&rsquo;inspiration et m\u00eame l&rsquo;humour (si d\u00e9sir\u00e9!). Vous pouvez alors concentrer votre \u00e9nergie au contenu de l&rsquo;\u00e9v\u00e9nement auquel je peux aussi vous assister.<\/p>\n<p>[\/vc_column_text][vc_single_image image=\u00a0\u00bb28737&Prime; img_size=\u00a0\u00bbfull\u00a0\u00bb alignment=\u00a0\u00bbcenter\u00a0\u00bb css=\u00a0\u00bb.vc_custom_1478101194119{margin-top: 50px !important;border-bottom-width: 50px !important;}\u00a0\u00bb][\/vc_column][\/vc_row][vc_row][vc_column]<div class=\"clearboth\"><\/div><style>#thegem-divider-69f2df864e07b {margin-top: 50px !important;}<\/style><div id=\"thegem-divider-69f2df864e07b\" class=\"gem-divider  \" style=\"\" ><\/div>[\/vc_column][\/vc_row]<\/p>\n<\/div>","protected":false},"excerpt":{"rendered":"<p>[vc_row equal_height=\u00a0\u00bbyes\u00a0\u00bb el_class=\u00a0\u00bbmobile-respons-style\u00a0\u00bb css=\u00a0\u00bb.vc_custom_1476700523973{background-position: center !important;background-repeat: no-repeat !important;background-size: contain !important;}\u00a0\u00bb][vc_column][vc_single_image image=\u00a0\u00bb28509&Prime; img_size=\u00a0\u00bbfull\u00a0\u00bb][\/vc_column][\/vc_row][vc_row][vc_column][vc_text_separator title=\u00a0\u00bbAnimation de votre \u00c9v\u00e9nement\u00a0\u00bb align=\u00a0\u00bbalign_left\u00a0\u00bb color=\u00a0\u00bbwhite\u00a0\u00bb][vc_column_text css=\u00a0\u00bb.vc_custom_1513174123174{margin-right: 100px !important;margin-left: 100px !important;}\u00a0\u00bb] Vous pr\u00e9parez peut-\u00eatre un \u00e9v\u00e9nement sp\u00e9cial avec votre \u00e9quipe ou\u00a0pour votre entreprise et vous avez besoin\u00a0d&rsquo;une personne&#8230;<\/p>\n","protected":false},"author":1,"featured_media":0,"parent":0,"menu_order":0,"comment_status":"closed","ping_status":"closed","template":"","meta":{"_monsterinsights_skip_tracking":false,"_monsterinsights_sitenote_active":false,"_monsterinsights_sitenote_note":"","_monsterinsights_sitenote_category":0,"footnotes":""},"class_list":["post-29001","page","type-page","status-publish"],"yoast_head":"<!-- This site is optimized with the Yoast SEO plugin v27.4 - https:\/\/yoast.com\/product\/yoast-seo-wordpress\/ -->\n<title>Services d&#039;animation de CG4 Coaching pour ateliers, journ\u00e9es d&#039;\u00e9quipes et conf\u00e9rences<\/title>\n<meta name=\"description\" content=\"De petits ateliers jusqu&#039;aux grandes conf\u00e9rences, l&#039;animation professionnelle de CG4 Coaching fait toute la diff\u00e9rence pour votre \u00e9v\u00e9nement!\" \/>\n<meta name=\"robots\" content=\"index, follow, max-snippet:-1, max-image-preview:large, max-video-preview:-1\" \/>\n<link rel=\"canonical\" href=\"https:\/\/www.cg-four.com\/fr\/animation\" \/>\n<meta property=\"og:locale\" content=\"fr_FR\" \/>\n<meta property=\"og:type\" content=\"article\" \/>\n<meta property=\"og:title\" content=\"Services d&#039;animation de CG4 Coaching pour ateliers, journ\u00e9es d&#039;\u00e9quipes et conf\u00e9rences\" \/>\n<meta property=\"og:description\" content=\"De petits ateliers jusqu&#039;aux grandes conf\u00e9rences, l&#039;animation professionnelle de CG4 Coaching fait toute la diff\u00e9rence pour votre \u00e9v\u00e9nement!\" \/>\n<meta property=\"og:url\" content=\"https:\/\/www.cg-four.com\/fr\/animation\" \/>\n<meta property=\"og:site_name\" content=\"Caroline Gregoire Coaching\" \/>\n<meta property=\"article:modified_time\" content=\"2017-12-13T14:08:47+00:00\" \/>\n<meta name=\"twitter:card\" content=\"summary_large_image\" \/>\n<meta name=\"twitter:label1\" content=\"Dur\u00e9e de lecture estim\u00e9e\" \/>\n\t<meta name=\"twitter:data1\" content=\"1 minute\" \/>\n<script type=\"application\/ld+json\" class=\"yoast-schema-graph\">{\"@context\":\"https:\\\/\\\/schema.org\",\"@graph\":[{\"@type\":\"WebPage\",\"@id\":\"https:\\\/\\\/www.cg-four.com\\\/fr\\\/animation\",\"url\":\"https:\\\/\\\/www.cg-four.com\\\/fr\\\/animation\",\"name\":\"Services d'animation de CG4 Coaching pour ateliers, journ\u00e9es d'\u00e9quipes et conf\u00e9rences\",\"isPartOf\":{\"@id\":\"https:\\\/\\\/www.cg-four.com\\\/#website\"},\"datePublished\":\"2016-09-27T14:34:11+00:00\",\"dateModified\":\"2017-12-13T14:08:47+00:00\",\"description\":\"De petits ateliers jusqu'aux grandes conf\u00e9rences, l'animation professionnelle de CG4 Coaching fait toute la diff\u00e9rence pour votre \u00e9v\u00e9nement!\",\"breadcrumb\":{\"@id\":\"https:\\\/\\\/www.cg-four.com\\\/fr\\\/animation#breadcrumb\"},\"inLanguage\":\"fr-FR\",\"potentialAction\":[{\"@type\":\"ReadAction\",\"target\":[\"https:\\\/\\\/www.cg-four.com\\\/fr\\\/animation\"]}]},{\"@type\":\"BreadcrumbList\",\"@id\":\"https:\\\/\\\/www.cg-four.com\\\/fr\\\/animation#breadcrumb\",\"itemListElement\":[{\"@type\":\"ListItem\",\"position\":1,\"name\":\"Startseite\",\"item\":\"https:\\\/\\\/www.cg-four.com\\\/fr\"},{\"@type\":\"ListItem\",\"position\":2,\"name\":\"Animation\"}]},{\"@type\":\"WebSite\",\"@id\":\"https:\\\/\\\/www.cg-four.com\\\/#website\",\"url\":\"https:\\\/\\\/www.cg-four.com\\\/\",\"name\":\"Caroline Gregoire Coaching\",\"description\":\"International business coach\",\"potentialAction\":[{\"@type\":\"SearchAction\",\"target\":{\"@type\":\"EntryPoint\",\"urlTemplate\":\"https:\\\/\\\/www.cg-four.com\\\/?s={search_term_string}\"},\"query-input\":{\"@type\":\"PropertyValueSpecification\",\"valueRequired\":true,\"valueName\":\"search_term_string\"}}],\"inLanguage\":\"fr-FR\"}]}<\/script>\n<!-- \/ Yoast SEO plugin. -->","yoast_head_json":{"title":"Services d'animation de CG4 Coaching pour ateliers, journ\u00e9es d'\u00e9quipes et conf\u00e9rences","description":"De petits ateliers jusqu'aux grandes conf\u00e9rences, l'animation professionnelle de CG4 Coaching fait toute la diff\u00e9rence pour votre \u00e9v\u00e9nement!","robots":{"index":"index","follow":"follow","max-snippet":"max-snippet:-1","max-image-preview":"max-image-preview:large","max-video-preview":"max-video-preview:-1"},"canonical":"https:\/\/www.cg-four.com\/fr\/animation","og_locale":"fr_FR","og_type":"article","og_title":"Services d'animation de CG4 Coaching pour ateliers, journ\u00e9es d'\u00e9quipes et conf\u00e9rences","og_description":"De petits ateliers jusqu'aux grandes conf\u00e9rences, l'animation professionnelle de CG4 Coaching fait toute la diff\u00e9rence pour votre \u00e9v\u00e9nement!","og_url":"https:\/\/www.cg-four.com\/fr\/animation","og_site_name":"Caroline Gregoire Coaching","article_modified_time":"2017-12-13T14:08:47+00:00","twitter_card":"summary_large_image","twitter_misc":{"Dur\u00e9e de lecture estim\u00e9e":"1 minute"},"schema":{"@context":"https:\/\/schema.org","@graph":[{"@type":"WebPage","@id":"https:\/\/www.cg-four.com\/fr\/animation","url":"https:\/\/www.cg-four.com\/fr\/animation","name":"Services d'animation de CG4 Coaching pour ateliers, journ\u00e9es d'\u00e9quipes et conf\u00e9rences","isPartOf":{"@id":"https:\/\/www.cg-four.com\/#website"},"datePublished":"2016-09-27T14:34:11+00:00","dateModified":"2017-12-13T14:08:47+00:00","description":"De petits ateliers jusqu'aux grandes conf\u00e9rences, l'animation professionnelle de CG4 Coaching fait toute la diff\u00e9rence pour votre \u00e9v\u00e9nement!","breadcrumb":{"@id":"https:\/\/www.cg-four.com\/fr\/animation#breadcrumb"},"inLanguage":"fr-FR","potentialAction":[{"@type":"ReadAction","target":["https:\/\/www.cg-four.com\/fr\/animation"]}]},{"@type":"BreadcrumbList","@id":"https:\/\/www.cg-four.com\/fr\/animation#breadcrumb","itemListElement":[{"@type":"ListItem","position":1,"name":"Startseite","item":"https:\/\/www.cg-four.com\/fr"},{"@type":"ListItem","position":2,"name":"Animation"}]},{"@type":"WebSite","@id":"https:\/\/www.cg-four.com\/#website","url":"https:\/\/www.cg-four.com\/","name":"Caroline Gregoire Coaching","description":"International business coach","potentialAction":[{"@type":"SearchAction","target":{"@type":"EntryPoint","urlTemplate":"https:\/\/www.cg-four.com\/?s={search_term_string}"},"query-input":{"@type":"PropertyValueSpecification","valueRequired":true,"valueName":"search_term_string"}}],"inLanguage":"fr-FR"}]}},"_links":{"self":[{"href":"https:\/\/www.cg-four.com\/fr\/wp-json\/wp\/v2\/pages\/29001","targetHints":{"allow":["GET"]}}],"collection":[{"href":"https:\/\/www.cg-four.com\/fr\/wp-json\/wp\/v2\/pages"}],"about":[{"href":"https:\/\/www.cg-four.com\/fr\/wp-json\/wp\/v2\/types\/page"}],"author":[{"embeddable":true,"href":"https:\/\/www.cg-four.com\/fr\/wp-json\/wp\/v2\/users\/1"}],"replies":[{"embeddable":true,"href":"https:\/\/www.cg-four.com\/fr\/wp-json\/wp\/v2\/comments?post=29001"}],"version-history":[{"count":5,"href":"https:\/\/www.cg-four.com\/fr\/wp-json\/wp\/v2\/pages\/29001\/revisions"}],"predecessor-version":[{"id":30143,"href":"https:\/\/www.cg-four.com\/fr\/wp-json\/wp\/v2\/pages\/29001\/revisions\/30143"}],"wp:attachment":[{"href":"https:\/\/www.cg-four.com\/fr\/wp-json\/wp\/v2\/media?parent=29001"}],"curies":[{"name":"wp","href":"https:\/\/api.w.org\/{rel}","templated":true}]}}