{"id":29818,"date":"2017-11-01T13:56:08","date_gmt":"2017-11-01T13:56:08","guid":{"rendered":"http:\/\/cg.mattiasstiller.de?page_id=29818"},"modified":"2026-01-21T12:12:23","modified_gmt":"2026-01-21T12:12:23","slug":"cours","status":"publish","type":"page","link":"https:\/\/www.cg-four.com\/fr\/cours","title":{"rendered":"Cours"},"content":{"rendered":"<div class=\"wpb-content-wrapper\"><p>[vc_row full_width=\u00a0\u00bbstretch_row\u00a0\u00bb equal_height=\u00a0\u00bbyes\u00a0\u00bb][vc_column width=\u00a0\u00bb1\/4&Prime; css=\u00a0\u00bb.vc_custom_1768929381083{padding-top: 30px !important;padding-bottom: 30px !important;background-color: #00577D !important;}\u00a0\u00bb][vc_row_inner css=\u00a0\u00bb.vc_custom_1478097672625{margin-right: 10px !important;margin-left: 10px !important;background-color: #ffffff !important;}\u00a0\u00bb][vc_column_inner][vc_single_image image=\u00a0\u00bb32156&Prime; img_size=\u00a0\u00bb120&#215;160&Prime; alignment=\u00a0\u00bbcenter\u00a0\u00bb onclick=\u00a0\u00bbcustom_link\u00a0\u00bb img_link_target=\u00a0\u00bb_blank\u00a0\u00bb css=\u00a0\u00bb\u00a0\u00bb link=\u00a0\u00bbhttps:\/\/carolinegregoire.kartra.com\/page\/confidence\u00a0\u00bb][vc_column_text css=\u00a0\u00bb\u00a0\u00bb]<\/p>\n<div class=\"title-h3 styled-subtitle\" style=\"text-align: center;\"><a href=\"https:\/\/carolinegregoire.kartra.com\/page\/confidence\" target=\"_blank\" rel=\"noopener noreferrer\"><strong><span style=\"color: #ff4814;\"><span style=\"color: #98d2dd;\"><span style=\"color: #00577d;\">THE CONFIDENCE EDGE<\/span><\/span><\/span><\/strong><\/a><\/div>\n<p>[\/vc_column_text]<div class=\"clearboth\"><\/div><style>#thegem-divider-69f2135890c44 {margin-top: 30px !important;}<\/style><div id=\"thegem-divider-69f2135890c44\" class=\"gem-divider  \" style=\"\" ><\/div>[vc_column_text css=\u00a0\u00bb\u00a0\u00bb]<\/p>\n<p style=\"text-align: center;\"><span style=\"color: #00577d;\">Embodied Confidence.<\/span><br \/>\n<span style=\"color: #00577d;\">Once and for all.<\/span><\/p>\n<p>[\/vc_column_text][\/vc_column_inner][\/vc_row_inner][\/vc_column][vc_column width=\u00a0\u00bb1\/4&Prime; css=\u00a0\u00bb.vc_custom_1505744740868{padding-top: 30px !important;padding-bottom: 30px !important;background-color: #98d2dd !important;}\u00a0\u00bb][vc_row_inner css=\u00a0\u00bb.vc_custom_1478097672625{margin-right: 10px !important;margin-left: 10px !important;background-color: #ffffff !important;}\u00a0\u00bb][vc_column_inner][vc_single_image image=\u00a0\u00bb30778&Prime; img_size=\u00a0\u00bb120&#215;120&Prime; alignment=\u00a0\u00bbcenter\u00a0\u00bb onclick=\u00a0\u00bbcustom_link\u00a0\u00bb img_link_target=\u00a0\u00bb_blank\u00a0\u00bb link=\u00a0\u00bbhttps:\/\/www.cg-four.com\/fr\/communication-pour-actuaires\u00a0\u00bb]<div class=\"clearboth\"><\/div><style>#thegem-divider-69f2135890c94 {margin-top: 50px !important;}<\/style><div id=\"thegem-divider-69f2135890c94\" class=\"gem-divider  \" style=\"\" ><\/div>[vc_column_text]<\/p>\n<div class=\"title-h3 styled-subtitle\" style=\"text-align: center;\"><a href=\"https:\/\/www.cg-four.com\/fr\/actuaires-sur-scene\" target=\"_blank\" rel=\"noopener noreferrer\"><span style=\"color: #98d2dd;\"><strong>COMMUNICATION POUR ACTUAIRES<\/strong><\/span><\/a><\/div>\n<p>[\/vc_column_text]<div class=\"clearboth\"><\/div><style>#thegem-divider-69f2135890cbf {margin-top: 40px !important;}<\/style><div id=\"thegem-divider-69f2135890cbf\" class=\"gem-divider  \" style=\"\" ><\/div>[vc_column_text]<\/p>\n<p style=\"text-align: center;\"><span style=\"color: #98d2dd;\">Comment \u00e9tablir le meilleur contact avec votre public.<\/span><\/p>\n<p>[\/vc_column_text][\/vc_column_inner][\/vc_row_inner][\/vc_column][vc_column width=\u00a0\u00bb1\/4&Prime; css=\u00a0\u00bb.vc_custom_1505828554322{padding-top: 30px !important;padding-bottom: 30px !important;background-color: #00577d !important;}\u00a0\u00bb][vc_row_inner css=\u00a0\u00bb.vc_custom_1505821652566{margin-right: 10px !important;margin-left: 10px !important;background-color: #ffffff !important;}\u00a0\u00bb][vc_column_inner][vc_single_image image=\u00a0\u00bb30775&Prime; img_size=\u00a0\u00bb120&#215;120&Prime; alignment=\u00a0\u00bbcenter\u00a0\u00bb onclick=\u00a0\u00bbcustom_link\u00a0\u00bb img_link_target=\u00a0\u00bb_blank\u00a0\u00bb link=\u00a0\u00bbhttps:\/\/www.cg-four.com\/fr\/allez-hop-au-leadership\u00a0\u00bb]<div class=\"clearboth\"><\/div><style>#thegem-divider-69f2135890ce5 {margin-top: 50px !important;}<\/style><div id=\"thegem-divider-69f2135890ce5\" class=\"gem-divider  \" style=\"\" ><\/div>[vc_column_text]<\/p>\n<div class=\"title-h3 styled-subtitle\" style=\"text-align: center;\"><a href=\"https:\/\/www.cg-four.com\/fr\/allez-hop-au-leadership\" target=\"_blank\" rel=\"noopener noreferrer\"><span style=\"color: #00577d;\"><strong>ALLEZ HOP AU LEADERSHIP!<\/strong><\/span><\/a><\/div>\n<p>[\/vc_column_text]<div class=\"clearboth\"><\/div><style>#thegem-divider-69f2135890d09 {margin-top: 80px !important;}<\/style><div id=\"thegem-divider-69f2135890d09\" class=\"gem-divider  \" style=\"\" ><\/div>[vc_column_text]<\/p>\n<p style=\"text-align: center;\"><span style=\"color: #00577d;\">Inspired Leadership.<\/span><br \/>\n<span style=\"color: #00577d;\">Thriving Business.<\/span><\/p>\n<p>[\/vc_column_text][\/vc_column_inner][\/vc_row_inner][\/vc_column][vc_column width=\u00a0\u00bb1\/4&Prime; css=\u00a0\u00bb.vc_custom_1768929495748{padding-top: 30px !important;padding-bottom: 30px !important;background-color: #98D2DD !important;}\u00a0\u00bb][vc_row_inner css=\u00a0\u00bb.vc_custom_1505821652566{margin-right: 10px !important;margin-left: 10px !important;background-color: #ffffff !important;}\u00a0\u00bb][vc_column_inner][vc_single_image image=\u00a0\u00bb32167&Prime; img_size=\u00a0\u00bb120&#215;120&Prime; alignment=\u00a0\u00bbcenter\u00a0\u00bb onclick=\u00a0\u00bbcustom_link\u00a0\u00bb img_link_target=\u00a0\u00bb_blank\u00a0\u00bb css=\u00a0\u00bb\u00a0\u00bb link=\u00a0\u00bbhttps:\/\/carolinegregoire.kartra.com\/page\/WorkshopNextLevelYou\u00a0\u00bb]<div class=\"clearboth\"><\/div><style>#thegem-divider-69f2135890d2c {margin-top: 50px !important;}<\/style><div id=\"thegem-divider-69f2135890d2c\" class=\"gem-divider  \" style=\"\" ><\/div>[vc_column_text css=\u00a0\u00bb\u00a0\u00bb]<\/p>\n<div class=\"title-h3 styled-subtitle\" style=\"text-align: center;\"><a href=\"https:\/\/carolinegregoire.kartra.com\/page\/WorkshopNextLevelYou\" target=\"_blank\" rel=\"noopener noreferrer\"><strong><span style=\"color: #ff4814;\"><span style=\"color: #98d2dd;\">NEW YEAR. NEXT LEVEL YOU.<\/span><\/span><\/strong><\/a><\/div>\n<p>[\/vc_column_text]<div class=\"clearboth\"><\/div><style>#thegem-divider-69f2135890d4f {margin-top: 40px !important;}<\/style><div id=\"thegem-divider-69f2135890d4f\" class=\"gem-divider  \" style=\"\" ><\/div>[vc_column_text css=\u00a0\u00bb\u00a0\u00bb]<\/p>\n<p style=\"text-align: center;\"><span style=\"color: #98d2dd;\">Strong. Aligned. Happy.<\/span><\/p>\n<p>[\/vc_column_text]<div class=\"clearboth\"><\/div><style>#thegem-divider-69f2135890d72 {margin-top: 42px !important;}<\/style><div id=\"thegem-divider-69f2135890d72\" class=\"gem-divider  \" style=\"\" ><\/div>[\/vc_column_inner][\/vc_row_inner][\/vc_column][\/vc_row][vc_row][vc_column]<div class=\"clearboth\"><\/div><style>#thegem-divider-69f2135890d95 {margin-top: 30px !important;}<\/style><div id=\"thegem-divider-69f2135890d95\" class=\"gem-divider  \" style=\"\" ><\/div>[vc_column_text css=\u00a0\u00bb.vc_custom_1579191935660{margin-right: 100px !important;margin-left: 100px !important;}\u00a0\u00bb]<\/p>\n<h1 style=\"text-align: center;\">Les Chances de votre D\u00e9veloppement<\/h1>\n<p>[\/vc_column_text]<div class=\"clearboth\"><\/div><style>#thegem-divider-69f2135890db7 {margin-top: 30px !important;}<\/style><div id=\"thegem-divider-69f2135890db7\" class=\"gem-divider  \" style=\"\" ><\/div>[vc_column_text css=\u00a0\u00bb.vc_custom_1579192042143{margin-right: 100px !important;margin-left: 100px !important;}\u00a0\u00bb]<\/p>\n<p class=\"title-h5 title-h2\" style=\"text-align: left;\">Le d\u00e9veloppement continu de votre \u00e9quipe active un potentiel \u00e9norme pour votre soci\u00e9t\u00e9. Qu&rsquo;il s&rsquo;agisse de savoir-faire, de savoir-\u00eatre ou de connaissances sp\u00e9cialis\u00e9es, un personnel qualifi\u00e9, alerte et coop\u00e9ratif repr\u00e9sente une valeur s\u00fbre pour votre succ\u00e8s.<\/p>\n<p>&nbsp;<\/p>\n<p class=\"title-h5 title-h2\" style=\"text-align: center;\">Que diriez-vous:<\/p>\n<p>&nbsp;<\/p>\n<p class=\"title-h5 title-h2\" style=\"text-align: left;\">\u2022 D&rsquo;une \u00e9quipe diversifi\u00e9e qui puise sa force dans l&rsquo;exp\u00e9rience \u00ab\u00a0le tout est plus que la somme de ses parties\u00a0\u00bb?<\/p>\n<p class=\"title-h5 title-h2\" style=\"text-align: left;\">\u2022 De sp\u00e9cialistes qui peuvent communiquer les r\u00e9sultats de leur travail de fa\u00e7on claire et transparente?<\/p>\n<p class=\"title-h5 title-h2\" style=\"text-align: left;\">\u2022 Une \u00e9quipe de leaders qui reconna\u00eet et motive le potentiel de ses employ\u00e9s et qui ainsi poursuit ses objectifs avec succ\u00e8s?<\/p>\n<p class=\"title-h5 title-h2\" style=\"text-align: left;\">\u2022 De courts et rafra\u00eechissants ateliers sur des th\u00e8mes comme le leadership, la communication et la strat\u00e9gie dans une atmosph\u00e8re sympathique et d\u00e9contract\u00e9e?<\/p>\n<p>&nbsp;<\/p>\n<p class=\"title-h5 title-h2\" style=\"text-align: center;\">Une vaste gamme de chances vous attend.<\/p>\n<p>[\/vc_column_text][vc_single_image image=\u00a0\u00bb30751&Prime; img_size=\u00a0\u00bbfull\u00a0\u00bb alignment=\u00a0\u00bbcenter\u00a0\u00bb css=\u00a0\u00bb.vc_custom_1509538246496{margin-top: 100px !important;border-bottom-width: 100px !important;}\u00a0\u00bb][\/vc_column][\/vc_row][vc_row][vc_column]<div class=\"clearboth\"><\/div><style>#thegem-divider-69f2135890dd9 {margin-top: 50px !important;}<\/style><div id=\"thegem-divider-69f2135890dd9\" class=\"gem-divider  \" style=\"\" ><\/div>[\/vc_column][\/vc_row]<\/p>\n<\/div>","protected":false},"excerpt":{"rendered":"<p>[vc_row full_width=\u00a0\u00bbstretch_row\u00a0\u00bb equal_height=\u00a0\u00bbyes\u00a0\u00bb][vc_column width=\u00a0\u00bb1\/4&Prime; css=\u00a0\u00bb.vc_custom_1768929381083{padding-top: 30px !important;padding-bottom: 30px !important;background-color: #00577D !important;}\u00a0\u00bb][vc_row_inner css=\u00a0\u00bb.vc_custom_1478097672625{margin-right: 10px !important;margin-left: 10px !important;background-color: #ffffff !important;}\u00a0\u00bb][vc_column_inner][vc_single_image image=\u00a0\u00bb32156&Prime; img_size=\u00a0\u00bb120&#215;160&Prime; alignment=\u00a0\u00bbcenter\u00a0\u00bb onclick=\u00a0\u00bbcustom_link\u00a0\u00bb img_link_target=\u00a0\u00bb_blank\u00a0\u00bb css=\u00a0\u00bb\u00a0\u00bb link=\u00a0\u00bbhttps:\/\/carolinegregoire.kartra.com\/page\/confidence\u00a0\u00bb][vc_column_text css=\u00a0\u00bb\u00a0\u00bb] THE CONFIDENCE EDGE [\/vc_column_text][vc_column_text css=\u00a0\u00bb\u00a0\u00bb] Embodied Confidence. Once and for all. [\/vc_column_text][\/vc_column_inner][\/vc_row_inner][\/vc_column][vc_column width=\u00a0\u00bb1\/4&Prime; css=\u00a0\u00bb.vc_custom_1505744740868{padding-top:&#8230;<\/p>\n","protected":false},"author":1,"featured_media":0,"parent":0,"menu_order":0,"comment_status":"closed","ping_status":"closed","template":"","meta":{"_monsterinsights_skip_tracking":false,"_monsterinsights_sitenote_active":false,"_monsterinsights_sitenote_note":"","_monsterinsights_sitenote_category":0,"footnotes":""},"class_list":["post-29818","page","type-page","status-publish"],"yoast_head":"<!-- This site is optimized with the Yoast SEO plugin v27.4 - https:\/\/yoast.com\/product\/yoast-seo-wordpress\/ -->\n<title>Cours - Caroline Gregoire Coaching<\/title>\n<meta name=\"robots\" content=\"index, follow, max-snippet:-1, max-image-preview:large, max-video-preview:-1\" \/>\n<link rel=\"canonical\" href=\"https:\/\/www.cg-four.com\/fr\/cours\" \/>\n<meta property=\"og:locale\" content=\"fr_FR\" \/>\n<meta property=\"og:type\" content=\"article\" \/>\n<meta property=\"og:title\" content=\"Cours - Caroline Gregoire Coaching\" \/>\n<meta property=\"og:description\" content=\"[vc_row full_width=\u00a0\u00bbstretch_row\u00a0\u00bb equal_height=\u00a0\u00bbyes\u00a0\u00bb][vc_column width=\u00a0\u00bb1\/4&Prime; css=\u00a0\u00bb.vc_custom_1768929381083{padding-top: 30px !important;padding-bottom: 30px !important;background-color: #00577D !important;}\u00a0\u00bb][vc_row_inner css=\u00a0\u00bb.vc_custom_1478097672625{margin-right: 10px !important;margin-left: 10px !important;background-color: #ffffff !important;}\u00a0\u00bb][vc_column_inner][vc_single_image image=\u00a0\u00bb32156&Prime; img_size=\u00a0\u00bb120&#215;160&Prime; alignment=\u00a0\u00bbcenter\u00a0\u00bb onclick=\u00a0\u00bbcustom_link\u00a0\u00bb img_link_target=\u00a0\u00bb_blank\u00a0\u00bb css=\u00a0\u00bb\u00a0\u00bb link=\u00a0\u00bbhttps:\/\/carolinegregoire.kartra.com\/page\/confidence\u00a0\u00bb][vc_column_text css=\u00a0\u00bb\u00a0\u00bb] THE CONFIDENCE EDGE [\/vc_column_text][vc_column_text css=\u00a0\u00bb\u00a0\u00bb] Embodied Confidence. Once and for all. [\/vc_column_text][\/vc_column_inner][\/vc_row_inner][\/vc_column][vc_column width=\u00a0\u00bb1\/4&Prime; css=\u00a0\u00bb.vc_custom_1505744740868{padding-top:...\" \/>\n<meta property=\"og:url\" content=\"https:\/\/www.cg-four.com\/fr\/cours\" \/>\n<meta property=\"og:site_name\" content=\"Caroline Gregoire Coaching\" \/>\n<meta property=\"article:modified_time\" content=\"2026-01-21T12:12:23+00:00\" \/>\n<meta name=\"twitter:card\" content=\"summary_large_image\" \/>\n<meta name=\"twitter:label1\" content=\"Dur\u00e9e de lecture estim\u00e9e\" \/>\n\t<meta name=\"twitter:data1\" content=\"3 minutes\" \/>\n<script type=\"application\/ld+json\" class=\"yoast-schema-graph\">{\"@context\":\"https:\\\/\\\/schema.org\",\"@graph\":[{\"@type\":\"WebPage\",\"@id\":\"https:\\\/\\\/www.cg-four.com\\\/fr\\\/cours\",\"url\":\"https:\\\/\\\/www.cg-four.com\\\/fr\\\/cours\",\"name\":\"Cours - Caroline Gregoire Coaching\",\"isPartOf\":{\"@id\":\"https:\\\/\\\/www.cg-four.com\\\/#website\"},\"datePublished\":\"2017-11-01T13:56:08+00:00\",\"dateModified\":\"2026-01-21T12:12:23+00:00\",\"breadcrumb\":{\"@id\":\"https:\\\/\\\/www.cg-four.com\\\/fr\\\/cours#breadcrumb\"},\"inLanguage\":\"fr-FR\",\"potentialAction\":[{\"@type\":\"ReadAction\",\"target\":[\"https:\\\/\\\/www.cg-four.com\\\/fr\\\/cours\"]}]},{\"@type\":\"BreadcrumbList\",\"@id\":\"https:\\\/\\\/www.cg-four.com\\\/fr\\\/cours#breadcrumb\",\"itemListElement\":[{\"@type\":\"ListItem\",\"position\":1,\"name\":\"Startseite\",\"item\":\"https:\\\/\\\/www.cg-four.com\\\/fr\"},{\"@type\":\"ListItem\",\"position\":2,\"name\":\"Cours\"}]},{\"@type\":\"WebSite\",\"@id\":\"https:\\\/\\\/www.cg-four.com\\\/#website\",\"url\":\"https:\\\/\\\/www.cg-four.com\\\/\",\"name\":\"Caroline Gregoire Coaching\",\"description\":\"International business coach\",\"potentialAction\":[{\"@type\":\"SearchAction\",\"target\":{\"@type\":\"EntryPoint\",\"urlTemplate\":\"https:\\\/\\\/www.cg-four.com\\\/?s={search_term_string}\"},\"query-input\":{\"@type\":\"PropertyValueSpecification\",\"valueRequired\":true,\"valueName\":\"search_term_string\"}}],\"inLanguage\":\"fr-FR\"}]}<\/script>\n<!-- \/ Yoast SEO plugin. -->","yoast_head_json":{"title":"Cours - Caroline Gregoire Coaching","robots":{"index":"index","follow":"follow","max-snippet":"max-snippet:-1","max-image-preview":"max-image-preview:large","max-video-preview":"max-video-preview:-1"},"canonical":"https:\/\/www.cg-four.com\/fr\/cours","og_locale":"fr_FR","og_type":"article","og_title":"Cours - Caroline Gregoire Coaching","og_description":"[vc_row full_width=\u00a0\u00bbstretch_row\u00a0\u00bb equal_height=\u00a0\u00bbyes\u00a0\u00bb][vc_column width=\u00a0\u00bb1\/4&Prime; css=\u00a0\u00bb.vc_custom_1768929381083{padding-top: 30px !important;padding-bottom: 30px !important;background-color: #00577D !important;}\u00a0\u00bb][vc_row_inner css=\u00a0\u00bb.vc_custom_1478097672625{margin-right: 10px !important;margin-left: 10px !important;background-color: #ffffff !important;}\u00a0\u00bb][vc_column_inner][vc_single_image image=\u00a0\u00bb32156&Prime; img_size=\u00a0\u00bb120&#215;160&Prime; alignment=\u00a0\u00bbcenter\u00a0\u00bb onclick=\u00a0\u00bbcustom_link\u00a0\u00bb img_link_target=\u00a0\u00bb_blank\u00a0\u00bb css=\u00a0\u00bb\u00a0\u00bb link=\u00a0\u00bbhttps:\/\/carolinegregoire.kartra.com\/page\/confidence\u00a0\u00bb][vc_column_text css=\u00a0\u00bb\u00a0\u00bb] THE CONFIDENCE EDGE [\/vc_column_text][vc_column_text css=\u00a0\u00bb\u00a0\u00bb] Embodied Confidence. Once and for all. [\/vc_column_text][\/vc_column_inner][\/vc_row_inner][\/vc_column][vc_column width=\u00a0\u00bb1\/4&Prime; css=\u00a0\u00bb.vc_custom_1505744740868{padding-top:...","og_url":"https:\/\/www.cg-four.com\/fr\/cours","og_site_name":"Caroline Gregoire Coaching","article_modified_time":"2026-01-21T12:12:23+00:00","twitter_card":"summary_large_image","twitter_misc":{"Dur\u00e9e de lecture estim\u00e9e":"3 minutes"},"schema":{"@context":"https:\/\/schema.org","@graph":[{"@type":"WebPage","@id":"https:\/\/www.cg-four.com\/fr\/cours","url":"https:\/\/www.cg-four.com\/fr\/cours","name":"Cours - Caroline Gregoire Coaching","isPartOf":{"@id":"https:\/\/www.cg-four.com\/#website"},"datePublished":"2017-11-01T13:56:08+00:00","dateModified":"2026-01-21T12:12:23+00:00","breadcrumb":{"@id":"https:\/\/www.cg-four.com\/fr\/cours#breadcrumb"},"inLanguage":"fr-FR","potentialAction":[{"@type":"ReadAction","target":["https:\/\/www.cg-four.com\/fr\/cours"]}]},{"@type":"BreadcrumbList","@id":"https:\/\/www.cg-four.com\/fr\/cours#breadcrumb","itemListElement":[{"@type":"ListItem","position":1,"name":"Startseite","item":"https:\/\/www.cg-four.com\/fr"},{"@type":"ListItem","position":2,"name":"Cours"}]},{"@type":"WebSite","@id":"https:\/\/www.cg-four.com\/#website","url":"https:\/\/www.cg-four.com\/","name":"Caroline Gregoire Coaching","description":"International business coach","potentialAction":[{"@type":"SearchAction","target":{"@type":"EntryPoint","urlTemplate":"https:\/\/www.cg-four.com\/?s={search_term_string}"},"query-input":{"@type":"PropertyValueSpecification","valueRequired":true,"valueName":"search_term_string"}}],"inLanguage":"fr-FR"}]}},"_links":{"self":[{"href":"https:\/\/www.cg-four.com\/fr\/wp-json\/wp\/v2\/pages\/29818","targetHints":{"allow":["GET"]}}],"collection":[{"href":"https:\/\/www.cg-four.com\/fr\/wp-json\/wp\/v2\/pages"}],"about":[{"href":"https:\/\/www.cg-four.com\/fr\/wp-json\/wp\/v2\/types\/page"}],"author":[{"embeddable":true,"href":"https:\/\/www.cg-four.com\/fr\/wp-json\/wp\/v2\/users\/1"}],"replies":[{"embeddable":true,"href":"https:\/\/www.cg-four.com\/fr\/wp-json\/wp\/v2\/comments?post=29818"}],"version-history":[{"count":5,"href":"https:\/\/www.cg-four.com\/fr\/wp-json\/wp\/v2\/pages\/29818\/revisions"}],"predecessor-version":[{"id":32204,"href":"https:\/\/www.cg-four.com\/fr\/wp-json\/wp\/v2\/pages\/29818\/revisions\/32204"}],"wp:attachment":[{"href":"https:\/\/www.cg-four.com\/fr\/wp-json\/wp\/v2\/media?parent=29818"}],"curies":[{"name":"wp","href":"https:\/\/api.w.org\/{rel}","templated":true}]}}