{"id":29848,"date":"2017-11-02T11:08:06","date_gmt":"2017-11-02T11:08:06","guid":{"rendered":"http:\/\/cg.mattiasstiller.de?page_id=29848"},"modified":"2018-04-17T14:56:39","modified_gmt":"2018-04-17T14:56:39","slug":"le-cours-wow","status":"publish","type":"page","link":"https:\/\/www.cg-four.com\/fr\/le-cours-wow","title":{"rendered":"Le Cours WOW"},"content":{"rendered":"<div class=\"wpb-content-wrapper\"><p>[vc_row css=\u00a0\u00bb.vc_custom_1505988201219{padding-bottom: 30px !important;background-color: #ff4814 !important;}\u00a0\u00bb][vc_column][vc_row_inner][vc_column_inner width=\u00a0\u00bb1\/6&Prime;][\/vc_column_inner][vc_column_inner width=\u00a0\u00bb2\/3&Prime; css=\u00a0\u00bb.vc_custom_1490040555356{background-color: #ffffff !important;}\u00a0\u00bb][vc_single_image image=\u00a0\u00bb28879&Prime; img_size=\u00a0\u00bb120&#215;120&Prime; alignment=\u00a0\u00bbcenter\u00a0\u00bb][vc_column_text]<\/p>\n<div class=\"title-h3 styled-subtitle\" style=\"text-align: center;\"><strong><span style=\"color: #ff4814;\">LE COURS WOW<\/span><\/strong><\/div>\n<div><\/div>\n<div style=\"text-align: center;\"><span style=\"color: #ff4814;\">Vous allez vous \u00e9merveiller. Devant tout votre potentiel.<\/span><\/div>\n<p>[\/vc_column_text][\/vc_column_inner][vc_column_inner width=\u00a0\u00bb1\/6&Prime;][\/vc_column_inner][\/vc_row_inner][\/vc_column][\/vc_row][vc_row][vc_column]<div class=\"clearboth\"><\/div><style>#thegem-divider-69f28bc6a879c {margin-top: 20px !important;}<\/style><div id=\"thegem-divider-69f28bc6a879c\" class=\"gem-divider  \" style=\"\" ><\/div>[\/vc_column][\/vc_row][vc_row][vc_column width=\u00a0\u00bb1\/6&Prime;][\/vc_column][vc_column width=\u00a0\u00bb2\/3&Prime;][vc_column_text]<\/p>\n<div class=\"title-h3\" style=\"text-align: center;\"><span style=\"color: #00577d;\">UNE INVITATION<\/span><\/div>\n<p>Le cours WOW s\u2019adresse aux femmes d\u00e9sirant devenir \u00ab\u00a0leaders\u00a0\u00bb dans leur secteur professionnel.[\/vc_column_text]<div class=\"clearboth\"><\/div><style>#thegem-divider-69f28bc6a87ef {margin-top: 30px !important;}<\/style><div id=\"thegem-divider-69f28bc6a87ef\" class=\"gem-divider  \" style=\"\" ><\/div>[vc_column_text]<\/p>\n<div class=\"title-h3\" style=\"text-align: center;\"><span style=\"color: #00577d;\">VOS B\u00c9N\u00c9FICES<\/span><\/div>\n<ul>\n<li>6 conf\u00e9rences (journ\u00e9es compl\u00e8tes qui ont lieu le samedi)<\/li>\n<li>5 conf\u00e9rences t\u00e9l\u00e9phoniques (qui auront lieu entre les 6 conf\u00e9rences)<\/li>\n<li>4 sessions de coaching avec CG<sup>4<\/sup> Coaching<\/li>\n<li>un r\u00e9seau de consoeurs pour la vie!<\/li>\n<\/ul>\n<p>[\/vc_column_text]<div class=\"clearboth\"><\/div><style>#thegem-divider-69f28bc6a8819 {margin-top: 30px !important;}<\/style><div id=\"thegem-divider-69f28bc6a8819\" class=\"gem-divider  \" style=\"\" ><\/div>[vc_column_text]<\/p>\n<div class=\"title-h3\" style=\"text-align: center;\"><span style=\"color: #00577d;\">PROGRAMME &amp; PLUS<\/span><\/div>\n<p>Vous trouverez bient\u00f4t plus d&rsquo;informations![\/vc_column_text]<div class=\"clearboth\"><\/div><style>#thegem-divider-69f28bc6a8840 {margin-top: 30px !important;}<\/style><div id=\"thegem-divider-69f28bc6a8840\" class=\"gem-divider  \" style=\"\" ><\/div>[vc_column_text]<\/p>\n<div class=\"title-h3\" style=\"text-align: center;\"><span style=\"color: #00577d;\">CONTACT &amp; OFFRE<\/span><\/div>\n<p>Pour en savoir d&rsquo;avantage sur le cours WOW, contactez-moi par t\u00e9l\u00e9phone ou via le formulaire de contact <a href=\"https:\/\/www.cg-four.com\/fr\/contact\" target=\"_blank\" rel=\"noopener\">ici<\/a>.[\/vc_column_text]<div class=\"clearboth\"><\/div><style>#thegem-divider-69f28bc6a8864 {margin-top: 20px !important;}<\/style><div id=\"thegem-divider-69f28bc6a8864\" class=\"gem-divider  \" style=\"\" ><\/div>[vc_single_image image=\u00a0\u00bb28737&Prime; img_size=\u00a0\u00bbfull\u00a0\u00bb alignment=\u00a0\u00bbcenter\u00a0\u00bb][\/vc_column][vc_column width=\u00a0\u00bb1\/6&Prime;][\/vc_column][\/vc_row][vc_row][vc_column]<div class=\"clearboth\"><\/div><style>#thegem-divider-69f28bc6a8887 {margin-top: 20px !important;}<\/style><div id=\"thegem-divider-69f28bc6a8887\" class=\"gem-divider  \" style=\"\" ><\/div>[\/vc_column][\/vc_row]<\/p>\n<\/div>","protected":false},"excerpt":{"rendered":"<p>[vc_row css=\u00a0\u00bb.vc_custom_1505988201219{padding-bottom: 30px !important;background-color: #ff4814 !important;}\u00a0\u00bb][vc_column][vc_row_inner][vc_column_inner width=\u00a0\u00bb1\/6&Prime;][\/vc_column_inner][vc_column_inner width=\u00a0\u00bb2\/3&Prime; css=\u00a0\u00bb.vc_custom_1490040555356{background-color: #ffffff !important;}\u00a0\u00bb][vc_single_image image=\u00a0\u00bb28879&Prime; img_size=\u00a0\u00bb120&#215;120&Prime; alignment=\u00a0\u00bbcenter\u00a0\u00bb][vc_column_text] LE COURS WOW Vous allez vous \u00e9merveiller. Devant tout votre potentiel. [\/vc_column_text][\/vc_column_inner][vc_column_inner width=\u00a0\u00bb1\/6&Prime;][\/vc_column_inner][\/vc_row_inner][\/vc_column][\/vc_row][vc_row][vc_column][\/vc_column][\/vc_row][vc_row][vc_column width=\u00a0\u00bb1\/6&Prime;][\/vc_column][vc_column width=\u00a0\u00bb2\/3&Prime;][vc_column_text] UNE INVITATION Le cours WOW s\u2019adresse aux femmes d\u00e9sirant devenir \u00ab\u00a0leaders\u00a0\u00bb&#8230;<\/p>\n","protected":false},"author":1,"featured_media":0,"parent":0,"menu_order":0,"comment_status":"closed","ping_status":"closed","template":"","meta":{"_monsterinsights_skip_tracking":false,"_monsterinsights_sitenote_active":false,"_monsterinsights_sitenote_note":"","_monsterinsights_sitenote_category":0,"footnotes":""},"class_list":["post-29848","page","type-page","status-publish"],"yoast_head":"<!-- This site is optimized with the Yoast SEO plugin v27.4 - https:\/\/yoast.com\/product\/yoast-seo-wordpress\/ -->\n<title>Le Cours WOW - Caroline Gregoire Coaching<\/title>\n<meta name=\"robots\" content=\"index, follow, max-snippet:-1, max-image-preview:large, max-video-preview:-1\" \/>\n<link rel=\"canonical\" href=\"https:\/\/www.cg-four.com\/fr\/le-cours-wow\" \/>\n<meta property=\"og:locale\" content=\"fr_FR\" \/>\n<meta property=\"og:type\" content=\"article\" \/>\n<meta property=\"og:title\" content=\"Le Cours WOW - Caroline Gregoire Coaching\" \/>\n<meta property=\"og:description\" content=\"[vc_row css=\u00a0\u00bb.vc_custom_1505988201219{padding-bottom: 30px !important;background-color: #ff4814 !important;}\u00a0\u00bb][vc_column][vc_row_inner][vc_column_inner width=\u00a0\u00bb1\/6&Prime;][\/vc_column_inner][vc_column_inner width=\u00a0\u00bb2\/3&Prime; css=\u00a0\u00bb.vc_custom_1490040555356{background-color: #ffffff !important;}\u00a0\u00bb][vc_single_image image=\u00a0\u00bb28879&Prime; img_size=\u00a0\u00bb120&#215;120&Prime; alignment=\u00a0\u00bbcenter\u00a0\u00bb][vc_column_text] LE COURS WOW Vous allez vous \u00e9merveiller. Devant tout votre potentiel. [\/vc_column_text][\/vc_column_inner][vc_column_inner width=\u00a0\u00bb1\/6&Prime;][\/vc_column_inner][\/vc_row_inner][\/vc_column][\/vc_row][vc_row][vc_column][\/vc_column][\/vc_row][vc_row][vc_column width=\u00a0\u00bb1\/6&Prime;][\/vc_column][vc_column width=\u00a0\u00bb2\/3&Prime;][vc_column_text] UNE INVITATION Le cours WOW s\u2019adresse aux femmes d\u00e9sirant devenir \u00ab\u00a0leaders\u00a0\u00bb...\" \/>\n<meta property=\"og:url\" content=\"https:\/\/www.cg-four.com\/fr\/le-cours-wow\" \/>\n<meta property=\"og:site_name\" content=\"Caroline Gregoire Coaching\" \/>\n<meta property=\"article:modified_time\" content=\"2018-04-17T14:56:39+00:00\" \/>\n<meta name=\"twitter:card\" content=\"summary_large_image\" \/>\n<meta name=\"twitter:label1\" content=\"Dur\u00e9e de lecture estim\u00e9e\" \/>\n\t<meta name=\"twitter:data1\" content=\"1 minute\" \/>\n<script type=\"application\/ld+json\" class=\"yoast-schema-graph\">{\"@context\":\"https:\\\/\\\/schema.org\",\"@graph\":[{\"@type\":\"WebPage\",\"@id\":\"https:\\\/\\\/www.cg-four.com\\\/fr\\\/le-cours-wow\",\"url\":\"https:\\\/\\\/www.cg-four.com\\\/fr\\\/le-cours-wow\",\"name\":\"Le Cours WOW - Caroline Gregoire Coaching\",\"isPartOf\":{\"@id\":\"https:\\\/\\\/www.cg-four.com\\\/#website\"},\"datePublished\":\"2017-11-02T11:08:06+00:00\",\"dateModified\":\"2018-04-17T14:56:39+00:00\",\"breadcrumb\":{\"@id\":\"https:\\\/\\\/www.cg-four.com\\\/fr\\\/le-cours-wow#breadcrumb\"},\"inLanguage\":\"fr-FR\",\"potentialAction\":[{\"@type\":\"ReadAction\",\"target\":[\"https:\\\/\\\/www.cg-four.com\\\/fr\\\/le-cours-wow\"]}]},{\"@type\":\"BreadcrumbList\",\"@id\":\"https:\\\/\\\/www.cg-four.com\\\/fr\\\/le-cours-wow#breadcrumb\",\"itemListElement\":[{\"@type\":\"ListItem\",\"position\":1,\"name\":\"Startseite\",\"item\":\"https:\\\/\\\/www.cg-four.com\\\/fr\"},{\"@type\":\"ListItem\",\"position\":2,\"name\":\"Le Cours WOW\"}]},{\"@type\":\"WebSite\",\"@id\":\"https:\\\/\\\/www.cg-four.com\\\/#website\",\"url\":\"https:\\\/\\\/www.cg-four.com\\\/\",\"name\":\"Caroline Gregoire Coaching\",\"description\":\"International business coach\",\"potentialAction\":[{\"@type\":\"SearchAction\",\"target\":{\"@type\":\"EntryPoint\",\"urlTemplate\":\"https:\\\/\\\/www.cg-four.com\\\/?s={search_term_string}\"},\"query-input\":{\"@type\":\"PropertyValueSpecification\",\"valueRequired\":true,\"valueName\":\"search_term_string\"}}],\"inLanguage\":\"fr-FR\"}]}<\/script>\n<!-- \/ Yoast SEO plugin. -->","yoast_head_json":{"title":"Le Cours WOW - Caroline Gregoire Coaching","robots":{"index":"index","follow":"follow","max-snippet":"max-snippet:-1","max-image-preview":"max-image-preview:large","max-video-preview":"max-video-preview:-1"},"canonical":"https:\/\/www.cg-four.com\/fr\/le-cours-wow","og_locale":"fr_FR","og_type":"article","og_title":"Le Cours WOW - Caroline Gregoire Coaching","og_description":"[vc_row css=\u00a0\u00bb.vc_custom_1505988201219{padding-bottom: 30px !important;background-color: #ff4814 !important;}\u00a0\u00bb][vc_column][vc_row_inner][vc_column_inner width=\u00a0\u00bb1\/6&Prime;][\/vc_column_inner][vc_column_inner width=\u00a0\u00bb2\/3&Prime; css=\u00a0\u00bb.vc_custom_1490040555356{background-color: #ffffff !important;}\u00a0\u00bb][vc_single_image image=\u00a0\u00bb28879&Prime; img_size=\u00a0\u00bb120&#215;120&Prime; alignment=\u00a0\u00bbcenter\u00a0\u00bb][vc_column_text] LE COURS WOW Vous allez vous \u00e9merveiller. Devant tout votre potentiel. [\/vc_column_text][\/vc_column_inner][vc_column_inner width=\u00a0\u00bb1\/6&Prime;][\/vc_column_inner][\/vc_row_inner][\/vc_column][\/vc_row][vc_row][vc_column][\/vc_column][\/vc_row][vc_row][vc_column width=\u00a0\u00bb1\/6&Prime;][\/vc_column][vc_column width=\u00a0\u00bb2\/3&Prime;][vc_column_text] UNE INVITATION Le cours WOW s\u2019adresse aux femmes d\u00e9sirant devenir \u00ab\u00a0leaders\u00a0\u00bb...","og_url":"https:\/\/www.cg-four.com\/fr\/le-cours-wow","og_site_name":"Caroline Gregoire Coaching","article_modified_time":"2018-04-17T14:56:39+00:00","twitter_card":"summary_large_image","twitter_misc":{"Dur\u00e9e de lecture estim\u00e9e":"1 minute"},"schema":{"@context":"https:\/\/schema.org","@graph":[{"@type":"WebPage","@id":"https:\/\/www.cg-four.com\/fr\/le-cours-wow","url":"https:\/\/www.cg-four.com\/fr\/le-cours-wow","name":"Le Cours WOW - Caroline Gregoire Coaching","isPartOf":{"@id":"https:\/\/www.cg-four.com\/#website"},"datePublished":"2017-11-02T11:08:06+00:00","dateModified":"2018-04-17T14:56:39+00:00","breadcrumb":{"@id":"https:\/\/www.cg-four.com\/fr\/le-cours-wow#breadcrumb"},"inLanguage":"fr-FR","potentialAction":[{"@type":"ReadAction","target":["https:\/\/www.cg-four.com\/fr\/le-cours-wow"]}]},{"@type":"BreadcrumbList","@id":"https:\/\/www.cg-four.com\/fr\/le-cours-wow#breadcrumb","itemListElement":[{"@type":"ListItem","position":1,"name":"Startseite","item":"https:\/\/www.cg-four.com\/fr"},{"@type":"ListItem","position":2,"name":"Le Cours WOW"}]},{"@type":"WebSite","@id":"https:\/\/www.cg-four.com\/#website","url":"https:\/\/www.cg-four.com\/","name":"Caroline Gregoire Coaching","description":"International business coach","potentialAction":[{"@type":"SearchAction","target":{"@type":"EntryPoint","urlTemplate":"https:\/\/www.cg-four.com\/?s={search_term_string}"},"query-input":{"@type":"PropertyValueSpecification","valueRequired":true,"valueName":"search_term_string"}}],"inLanguage":"fr-FR"}]}},"_links":{"self":[{"href":"https:\/\/www.cg-four.com\/fr\/wp-json\/wp\/v2\/pages\/29848","targetHints":{"allow":["GET"]}}],"collection":[{"href":"https:\/\/www.cg-four.com\/fr\/wp-json\/wp\/v2\/pages"}],"about":[{"href":"https:\/\/www.cg-four.com\/fr\/wp-json\/wp\/v2\/types\/page"}],"author":[{"embeddable":true,"href":"https:\/\/www.cg-four.com\/fr\/wp-json\/wp\/v2\/users\/1"}],"replies":[{"embeddable":true,"href":"https:\/\/www.cg-four.com\/fr\/wp-json\/wp\/v2\/comments?post=29848"}],"version-history":[{"count":5,"href":"https:\/\/www.cg-four.com\/fr\/wp-json\/wp\/v2\/pages\/29848\/revisions"}],"predecessor-version":[{"id":30377,"href":"https:\/\/www.cg-four.com\/fr\/wp-json\/wp\/v2\/pages\/29848\/revisions\/30377"}],"wp:attachment":[{"href":"https:\/\/www.cg-four.com\/fr\/wp-json\/wp\/v2\/media?parent=29848"}],"curies":[{"name":"wp","href":"https:\/\/api.w.org\/{rel}","templated":true}]}}