{"id":29966,"date":"2017-11-05T12:38:03","date_gmt":"2017-11-05T12:38:03","guid":{"rendered":"http:\/\/cg.mattiasstiller.de?page_id=29966"},"modified":"2017-11-28T21:18:45","modified_gmt":"2017-11-28T21:18:45","slug":"allez-hop-au-leadership","status":"publish","type":"page","link":"https:\/\/www.cg-four.com\/fr\/allez-hop-au-leadership","title":{"rendered":"Allez hop au leadership"},"content":{"rendered":"<div class=\"wpb-content-wrapper\"><p>[vc_row css=\u00a0\u00bb.vc_custom_1505989659532{padding-bottom: 30px !important;background-color: #00577d !important;}\u00a0\u00bb][vc_column][vc_row_inner][vc_column_inner width=\u00a0\u00bb1\/6&Prime;][\/vc_column_inner][vc_column_inner width=\u00a0\u00bb2\/3&Prime; css=\u00a0\u00bb.vc_custom_1490040555356{background-color: #ffffff !important;}\u00a0\u00bb][vc_single_image image=\u00a0\u00bb28865&Prime; img_size=\u00a0\u00bb120&#215;120&Prime; alignment=\u00a0\u00bbcenter\u00a0\u00bb][vc_column_text]<\/p>\n<div class=\"title-h3 styled-subtitle\" style=\"text-align: center;\"><span style=\"color: #00577d;\"><strong>ALLEZ HOP AU LEADERSHIP!<\/strong><\/span><\/div>\n<div><\/div>\n<div style=\"text-align: center;\"><span style=\"color: #00577d;\">Inspired Leadership. Thriving Business.<\/span><\/div>\n<p>[\/vc_column_text][\/vc_column_inner][vc_column_inner width=\u00a0\u00bb1\/6&Prime;][\/vc_column_inner][\/vc_row_inner][\/vc_column][\/vc_row][vc_row][vc_column]<div class=\"clearboth\"><\/div><style>#thegem-divider-69f1ff5143e72 {margin-top: 20px !important;}<\/style><div id=\"thegem-divider-69f1ff5143e72\" class=\"gem-divider  \" style=\"\" ><\/div>[\/vc_column][\/vc_row][vc_row][vc_column width=\u00a0\u00bb1\/6&Prime;][\/vc_column][vc_column width=\u00a0\u00bb2\/3&Prime;][vc_column_text]<\/p>\n<div class=\"title-h3\" style=\"text-align: center;\"><span style=\"color: #00557d;\">UNE INVITATION<\/span><\/div>\n<p>Agissant comme mod\u00e8les, votre \u00e9quipe de leaders transporte les valeurs de votre entreprise, peu importe si un gestionnaire en est \u00e0 ses d\u00e9buts dans ses fonctions ou si on parle de \u00ab\u00a0v\u00e9t\u00e9rans\u00a0\u00bb.\u00a0L&rsquo;influence positive de gestionnaires engag\u00e9s, motiv\u00e9s et en sant\u00e9 sur leurs employ\u00e9s est une condition indispensable pour le succ\u00e8s de votre organisation.<\/p>\n<p>Bien que vous soyez s\u00fbrement d&rsquo;accord avec tous ces mots-ci, vous savez aussi que le travail au quotidien ressemble bien souvent \u00e0: des r\u00e9unions sans pause, des clients exigeants, des employ\u00e9s absents, des proc\u00e9dures lentes, des r\u00e9partitions de t\u00e2ches floues, etc. Une bo\u00eete d&rsquo;outils en mati\u00e8re de savoirs, de savoir-faire et de savoir-\u00eatre en combinaison avec un r\u00e9seau solide peut rem\u00e9dier \u00e0 plusieurs de ces situations.<\/p>\n<p>Comment un gestionnaire peut continuer \u00e0 se concentrer sur l&rsquo;essentiel, \u00e0 mobiliser son \u00e9quipe et en m\u00eame temps \u00e0 garder sa raison d\u00e9cidera du degr\u00e9 de succ\u00e8s qu&rsquo;il\/elle aura. C&rsquo;est pourquoi \u00ab\u00a0Allez hop au Leadership!\u00a0\u00bb se permet de viser haut en supportant pleinement cette \u00e9quipe de mod\u00e8les.[\/vc_column_text]<div class=\"clearboth\"><\/div><style>#thegem-divider-69f1ff5143f41 {margin-top: 30px !important;}<\/style><div id=\"thegem-divider-69f1ff5143f41\" class=\"gem-divider  \" style=\"\" ><\/div>[vc_column_text]<\/p>\n<div class=\"title-h3\" style=\"text-align: center;\"><span style=\"color: #00557d;\">VOS B\u00c9N\u00c9FICES<\/span><\/div>\n<p>\u00c0 l&rsquo;aide d&rsquo;exercices pratiques (individuellement et en petits groupes), vous allez aprendre (entre autres) \u00e0:<\/p>\n<ul>\n<li>Gagner de la clart\u00e9 concernant vos objectifs, ceux de votre \u00e9quipe et de la compagnie,<\/li>\n<li>Mettre en place un plan concret pour rencontrer ces objectifs,<\/li>\n<li>Reconna\u00eetre et utiliser de fa\u00e7on optimale les ressources et le potentiel de votre \u00e9quipe,<\/li>\n<li>Am\u00e9liorer vos comp\u00e9tences en communication,<\/li>\n<li>B\u00e2tir un r\u00e9seau solide et fiable,<\/li>\n<li>Faire attention \u00e0 vous-m\u00eame et, si n\u00e9cessaire, faire les correctures appropri\u00e9es.<\/li>\n<\/ul>\n<p>[\/vc_column_text]<div class=\"clearboth\"><\/div><style>#thegem-divider-69f1ff5143f8b {margin-top: 30px !important;}<\/style><div id=\"thegem-divider-69f1ff5143f8b\" class=\"gem-divider  \" style=\"\" ><\/div>[vc_column_text]<\/p>\n<div class=\"title-h3\" style=\"text-align: center;\"><span style=\"color: #00577d;\">PROGRAMME &amp; PLUS<\/span><\/div>\n<p>Pour un groupe de nouveaux\/futures gestionnaires, j&rsquo;offre un programme standard de 6 jours. Pour un groupe de gestionnaires exp\u00e9riment\u00e9s, il est possible de choisir diff\u00e9rents modules de deux jours pour rafra\u00eechir certaines connaissances. Ces modules peuvent \u00eatre adapt\u00e9s \u00e0 des sujets pertinents et d&rsquo;actualit\u00e9 pour les participants.[\/vc_column_text]<div class=\"clearboth\"><\/div><style>#thegem-divider-69f1ff5143fc8 {margin-top: 30px !important;}<\/style><div id=\"thegem-divider-69f1ff5143fc8\" class=\"gem-divider  \" style=\"\" ><\/div>[vc_column_text]<\/p>\n<div class=\"title-h3\" style=\"text-align: center;\"><span style=\"color: #00577d;\">CONTACT &amp; OFFRE<\/span><\/div>\n<p>Pour une conversation \u00e0 propos de ce qui pourrait convenir \u00e0 votre \u00e9quipe de leaders ou votre entreprise, je vous invite \u00e0 me t\u00e9l\u00e9phoner ou \u00e0 me contacter en utilisant le formulaire de contact <a href=\"https:\/\/www.cg-four.com\/fr\/contact\" target=\"_blank\" rel=\"noopener\">ici<\/a>.[\/vc_column_text]<div class=\"clearboth\"><\/div><style>#thegem-divider-69f1ff5144005 {margin-top: 20px !important;}<\/style><div id=\"thegem-divider-69f1ff5144005\" class=\"gem-divider  \" style=\"\" ><\/div>[vc_single_image image=\u00a0\u00bb28737&Prime; img_size=\u00a0\u00bbfull\u00a0\u00bb alignment=\u00a0\u00bbcenter\u00a0\u00bb][\/vc_column][vc_column width=\u00a0\u00bb1\/6&Prime;][\/vc_column][\/vc_row][vc_row][vc_column]<div class=\"clearboth\"><\/div><style>#thegem-divider-69f1ff514403e {margin-top: 20px !important;}<\/style><div id=\"thegem-divider-69f1ff514403e\" class=\"gem-divider  \" style=\"\" ><\/div>[\/vc_column][\/vc_row]<\/p>\n<\/div>","protected":false},"excerpt":{"rendered":"<p>[vc_row css=\u00a0\u00bb.vc_custom_1505989659532{padding-bottom: 30px !important;background-color: #00577d !important;}\u00a0\u00bb][vc_column][vc_row_inner][vc_column_inner width=\u00a0\u00bb1\/6&Prime;][\/vc_column_inner][vc_column_inner width=\u00a0\u00bb2\/3&Prime; css=\u00a0\u00bb.vc_custom_1490040555356{background-color: #ffffff !important;}\u00a0\u00bb][vc_single_image image=\u00a0\u00bb28865&Prime; img_size=\u00a0\u00bb120&#215;120&Prime; alignment=\u00a0\u00bbcenter\u00a0\u00bb][vc_column_text] ALLEZ HOP AU LEADERSHIP! Inspired Leadership. Thriving Business. [\/vc_column_text][\/vc_column_inner][vc_column_inner width=\u00a0\u00bb1\/6&Prime;][\/vc_column_inner][\/vc_row_inner][\/vc_column][\/vc_row][vc_row][vc_column][\/vc_column][\/vc_row][vc_row][vc_column width=\u00a0\u00bb1\/6&Prime;][\/vc_column][vc_column width=\u00a0\u00bb2\/3&Prime;][vc_column_text] UNE INVITATION Agissant comme mod\u00e8les, votre \u00e9quipe de leaders transporte les valeurs de votre&#8230;<\/p>\n","protected":false},"author":1,"featured_media":0,"parent":0,"menu_order":0,"comment_status":"closed","ping_status":"closed","template":"","meta":{"_monsterinsights_skip_tracking":false,"_monsterinsights_sitenote_active":false,"_monsterinsights_sitenote_note":"","_monsterinsights_sitenote_category":0,"footnotes":""},"class_list":["post-29966","page","type-page","status-publish"],"yoast_head":"<!-- This site is optimized with the Yoast SEO plugin v27.4 - https:\/\/yoast.com\/product\/yoast-seo-wordpress\/ -->\n<title>Allez hop au leadership - Caroline Gregoire Coaching<\/title>\n<meta name=\"robots\" content=\"index, follow, max-snippet:-1, max-image-preview:large, max-video-preview:-1\" \/>\n<link rel=\"canonical\" href=\"https:\/\/www.cg-four.com\/fr\/allez-hop-au-leadership\" \/>\n<meta property=\"og:locale\" content=\"fr_FR\" \/>\n<meta property=\"og:type\" content=\"article\" \/>\n<meta property=\"og:title\" content=\"Allez hop au leadership - Caroline Gregoire Coaching\" \/>\n<meta property=\"og:description\" content=\"[vc_row css=\u00a0\u00bb.vc_custom_1505989659532{padding-bottom: 30px !important;background-color: #00577d !important;}\u00a0\u00bb][vc_column][vc_row_inner][vc_column_inner width=\u00a0\u00bb1\/6&Prime;][\/vc_column_inner][vc_column_inner width=\u00a0\u00bb2\/3&Prime; css=\u00a0\u00bb.vc_custom_1490040555356{background-color: #ffffff !important;}\u00a0\u00bb][vc_single_image image=\u00a0\u00bb28865&Prime; img_size=\u00a0\u00bb120&#215;120&Prime; alignment=\u00a0\u00bbcenter\u00a0\u00bb][vc_column_text] ALLEZ HOP AU LEADERSHIP! Inspired Leadership. Thriving Business. [\/vc_column_text][\/vc_column_inner][vc_column_inner width=\u00a0\u00bb1\/6&Prime;][\/vc_column_inner][\/vc_row_inner][\/vc_column][\/vc_row][vc_row][vc_column][\/vc_column][\/vc_row][vc_row][vc_column width=\u00a0\u00bb1\/6&Prime;][\/vc_column][vc_column width=\u00a0\u00bb2\/3&Prime;][vc_column_text] UNE INVITATION Agissant comme mod\u00e8les, votre \u00e9quipe de leaders transporte les valeurs de votre...\" \/>\n<meta property=\"og:url\" content=\"https:\/\/www.cg-four.com\/fr\/allez-hop-au-leadership\" \/>\n<meta property=\"og:site_name\" content=\"Caroline Gregoire Coaching\" \/>\n<meta property=\"article:modified_time\" content=\"2017-11-28T21:18:45+00:00\" \/>\n<meta name=\"twitter:card\" content=\"summary_large_image\" \/>\n<meta name=\"twitter:label1\" content=\"Dur\u00e9e de lecture estim\u00e9e\" \/>\n\t<meta name=\"twitter:data1\" content=\"3 minutes\" \/>\n<script type=\"application\/ld+json\" class=\"yoast-schema-graph\">{\"@context\":\"https:\\\/\\\/schema.org\",\"@graph\":[{\"@type\":\"WebPage\",\"@id\":\"https:\\\/\\\/www.cg-four.com\\\/fr\\\/allez-hop-au-leadership\",\"url\":\"https:\\\/\\\/www.cg-four.com\\\/fr\\\/allez-hop-au-leadership\",\"name\":\"Allez hop au leadership - Caroline Gregoire Coaching\",\"isPartOf\":{\"@id\":\"https:\\\/\\\/www.cg-four.com\\\/#website\"},\"datePublished\":\"2017-11-05T12:38:03+00:00\",\"dateModified\":\"2017-11-28T21:18:45+00:00\",\"breadcrumb\":{\"@id\":\"https:\\\/\\\/www.cg-four.com\\\/fr\\\/allez-hop-au-leadership#breadcrumb\"},\"inLanguage\":\"fr-FR\",\"potentialAction\":[{\"@type\":\"ReadAction\",\"target\":[\"https:\\\/\\\/www.cg-four.com\\\/fr\\\/allez-hop-au-leadership\"]}]},{\"@type\":\"BreadcrumbList\",\"@id\":\"https:\\\/\\\/www.cg-four.com\\\/fr\\\/allez-hop-au-leadership#breadcrumb\",\"itemListElement\":[{\"@type\":\"ListItem\",\"position\":1,\"name\":\"Startseite\",\"item\":\"https:\\\/\\\/www.cg-four.com\\\/fr\"},{\"@type\":\"ListItem\",\"position\":2,\"name\":\"Allez hop au leadership\"}]},{\"@type\":\"WebSite\",\"@id\":\"https:\\\/\\\/www.cg-four.com\\\/#website\",\"url\":\"https:\\\/\\\/www.cg-four.com\\\/\",\"name\":\"Caroline Gregoire Coaching\",\"description\":\"International business coach\",\"potentialAction\":[{\"@type\":\"SearchAction\",\"target\":{\"@type\":\"EntryPoint\",\"urlTemplate\":\"https:\\\/\\\/www.cg-four.com\\\/?s={search_term_string}\"},\"query-input\":{\"@type\":\"PropertyValueSpecification\",\"valueRequired\":true,\"valueName\":\"search_term_string\"}}],\"inLanguage\":\"fr-FR\"}]}<\/script>\n<!-- \/ Yoast SEO plugin. -->","yoast_head_json":{"title":"Allez hop au leadership - Caroline Gregoire Coaching","robots":{"index":"index","follow":"follow","max-snippet":"max-snippet:-1","max-image-preview":"max-image-preview:large","max-video-preview":"max-video-preview:-1"},"canonical":"https:\/\/www.cg-four.com\/fr\/allez-hop-au-leadership","og_locale":"fr_FR","og_type":"article","og_title":"Allez hop au leadership - Caroline Gregoire Coaching","og_description":"[vc_row css=\u00a0\u00bb.vc_custom_1505989659532{padding-bottom: 30px !important;background-color: #00577d !important;}\u00a0\u00bb][vc_column][vc_row_inner][vc_column_inner width=\u00a0\u00bb1\/6&Prime;][\/vc_column_inner][vc_column_inner width=\u00a0\u00bb2\/3&Prime; css=\u00a0\u00bb.vc_custom_1490040555356{background-color: #ffffff !important;}\u00a0\u00bb][vc_single_image image=\u00a0\u00bb28865&Prime; img_size=\u00a0\u00bb120&#215;120&Prime; alignment=\u00a0\u00bbcenter\u00a0\u00bb][vc_column_text] ALLEZ HOP AU LEADERSHIP! Inspired Leadership. Thriving Business. [\/vc_column_text][\/vc_column_inner][vc_column_inner width=\u00a0\u00bb1\/6&Prime;][\/vc_column_inner][\/vc_row_inner][\/vc_column][\/vc_row][vc_row][vc_column][\/vc_column][\/vc_row][vc_row][vc_column width=\u00a0\u00bb1\/6&Prime;][\/vc_column][vc_column width=\u00a0\u00bb2\/3&Prime;][vc_column_text] UNE INVITATION Agissant comme mod\u00e8les, votre \u00e9quipe de leaders transporte les valeurs de votre...","og_url":"https:\/\/www.cg-four.com\/fr\/allez-hop-au-leadership","og_site_name":"Caroline Gregoire Coaching","article_modified_time":"2017-11-28T21:18:45+00:00","twitter_card":"summary_large_image","twitter_misc":{"Dur\u00e9e de lecture estim\u00e9e":"3 minutes"},"schema":{"@context":"https:\/\/schema.org","@graph":[{"@type":"WebPage","@id":"https:\/\/www.cg-four.com\/fr\/allez-hop-au-leadership","url":"https:\/\/www.cg-four.com\/fr\/allez-hop-au-leadership","name":"Allez hop au leadership - Caroline Gregoire Coaching","isPartOf":{"@id":"https:\/\/www.cg-four.com\/#website"},"datePublished":"2017-11-05T12:38:03+00:00","dateModified":"2017-11-28T21:18:45+00:00","breadcrumb":{"@id":"https:\/\/www.cg-four.com\/fr\/allez-hop-au-leadership#breadcrumb"},"inLanguage":"fr-FR","potentialAction":[{"@type":"ReadAction","target":["https:\/\/www.cg-four.com\/fr\/allez-hop-au-leadership"]}]},{"@type":"BreadcrumbList","@id":"https:\/\/www.cg-four.com\/fr\/allez-hop-au-leadership#breadcrumb","itemListElement":[{"@type":"ListItem","position":1,"name":"Startseite","item":"https:\/\/www.cg-four.com\/fr"},{"@type":"ListItem","position":2,"name":"Allez hop au leadership"}]},{"@type":"WebSite","@id":"https:\/\/www.cg-four.com\/#website","url":"https:\/\/www.cg-four.com\/","name":"Caroline Gregoire Coaching","description":"International business coach","potentialAction":[{"@type":"SearchAction","target":{"@type":"EntryPoint","urlTemplate":"https:\/\/www.cg-four.com\/?s={search_term_string}"},"query-input":{"@type":"PropertyValueSpecification","valueRequired":true,"valueName":"search_term_string"}}],"inLanguage":"fr-FR"}]}},"_links":{"self":[{"href":"https:\/\/www.cg-four.com\/fr\/wp-json\/wp\/v2\/pages\/29966","targetHints":{"allow":["GET"]}}],"collection":[{"href":"https:\/\/www.cg-four.com\/fr\/wp-json\/wp\/v2\/pages"}],"about":[{"href":"https:\/\/www.cg-four.com\/fr\/wp-json\/wp\/v2\/types\/page"}],"author":[{"embeddable":true,"href":"https:\/\/www.cg-four.com\/fr\/wp-json\/wp\/v2\/users\/1"}],"replies":[{"embeddable":true,"href":"https:\/\/www.cg-four.com\/fr\/wp-json\/wp\/v2\/comments?post=29966"}],"version-history":[{"count":5,"href":"https:\/\/www.cg-four.com\/fr\/wp-json\/wp\/v2\/pages\/29966\/revisions"}],"predecessor-version":[{"id":30051,"href":"https:\/\/www.cg-four.com\/fr\/wp-json\/wp\/v2\/pages\/29966\/revisions\/30051"}],"wp:attachment":[{"href":"https:\/\/www.cg-four.com\/fr\/wp-json\/wp\/v2\/media?parent=29966"}],"curies":[{"name":"wp","href":"https:\/\/api.w.org\/{rel}","templated":true}]}}