{"id":29073,"date":"2016-03-15T11:52:07","date_gmt":"2016-03-15T11:52:07","guid":{"rendered":"http:\/\/www.cg-four.com\/sv\/homepage-business-light"},"modified":"2025-05-19T15:14:58","modified_gmt":"2025-05-19T15:14:58","slug":"hem","status":"publish","type":"page","link":"https:\/\/www.cg-four.com\/sv","title":{"rendered":"Hem"},"content":{"rendered":"<div class=\"wpb-content-wrapper\"><p>[vc_row full_height=&#8221;yes&#8221; equal_height=&#8221;yes&#8221; css=&#8221;.vc_custom_1579645083467{padding-top: 100px !important;padding-bottom: 250px !important;background-image: url(https:\/\/www.cg-four.com\/wp-content\/uploads\/2020\/01\/caroline_Gregoire-business-coaching.jpg?id=31368) !important;background-position: center !important;background-repeat: no-repeat !important;background-size: cover !important;}&#8221; el_class=&#8221;mobile-respons-style&#8221;][vc_column][vc_column_text css=&#8221;.vc_custom_1635783841571{padding-right: 50px !important;}&#8221; el_class=&#8221;mobile-respons-style&#8221;]<\/p>\n<h2 style=\"text-align: right;\">Sharpen your Edge.<\/h2>\n<h2 style=\"text-align: right;\">Keep your Balance.<\/h2>\n<p>[\/vc_column_text]<div class=\"clearboth\"><\/div><style>#thegem-divider-69f1fd4ebc59d {margin-top: 30px !important;}<\/style><div id=\"thegem-divider-69f1fd4ebc59d\" class=\"gem-divider  \" style=\"\" ><\/div>[\/vc_column][\/vc_row][vc_row el_id=&#8221;details&#8221; css=&#8221;.vc_custom_1475838826457{padding-right: 60px !important;padding-left: 60px !important;}&#8221;][vc_column css=&#8221;.vc_custom_1475838658659{border-right-width: 20px !important;border-left-width: 20px !important;}&#8221;][vc_column_text css=&#8221;&#8221;]<\/p>\n<h1 style=\"text-align: center;\">Caroline Gr\u00e9goire<\/h1>\n<h1 style=\"text-align: center;\">Internationell Coach | Mentor | F\u00f6rel\u00e4sare<\/h1>\n<p>[\/vc_column_text]<div class=\"clearboth\"><\/div><style>#thegem-divider-69f1fd4ebce5d {margin-top: 40px !important;}<\/style><div id=\"thegem-divider-69f1fd4ebce5d\" class=\"gem-divider  \" style=\"\" ><\/div>[vc_column_text]<\/p>\n<p class=\"title-h5 title-h2\" style=\"text-align: center;\">N\u00e4r idrottare presterar som b\u00e4st ser det enkelt, effektivt och elegant ut. F\u00f6r att prestera p\u00e5 topp tr\u00e4nar och \u00f6var de st\u00e4ndigt.\u00a0P\u00e5 samma s\u00e4tt g\u00e4ller det f\u00f6r dina ledarskapskompetenser och dina aff\u00e4rer. Som coach\u00a0ackompanjerar jag\u00a0dig p\u00e5 v\u00e4g\u00a0mot toppen.<\/p>\n<p>[\/vc_column_text][vc_single_image image=&#8221;28728&#8243; alignment=&#8221;center&#8221; css=&#8221;.vc_custom_1478101585956{margin-top: 50px !important;}&#8221;]<div class=\"clearboth\"><\/div><style>#thegem-divider-69f1fd4ebceab {margin-top: 60px !important;}<\/style><div id=\"thegem-divider-69f1fd4ebceab\" class=\"gem-divider  \" style=\"\" ><\/div>[vc_row_inner gap=&#8221;2&#8243; css=&#8221;.vc_custom_1476107605132{padding-bottom: 50px !important;}&#8221;][vc_column_inner width=&#8221;1\/2&#8243;][vc_column_text]<\/p>\n<div style=\"text-align: center;\">\n<div style=\"text-align: left;\">Med fyra spr\u00e5k i bagaget (svenska, engelska, franska och tyska) st\u00f6ttar och uppmuntrar jag dig i arbetet med att f\u00e5 din organisation att n\u00e5 sina aff\u00e4rsm\u00e5l b\u00e5de p\u00e5 global och lokal niv\u00e5. Kombinationen av min internationella erfarenhet, min f\u00f6rm\u00e5ga att inspirera och min positiva energi utg\u00f6r en solid bas f\u00f6r mitt arbete som business coach och speaker.<\/div>\n<\/div>\n<div style=\"text-align: justify;\"><\/div>\n<div style=\"text-align: justify;\"><\/div>\n<p>[\/vc_column_text][\/vc_column_inner][vc_column_inner width=&#8221;1\/2&#8243;][vc_column_text]<\/p>\n<p style=\"text-align: left;\">Jag har alltid varit bra p\u00e5 att se saker i ett helhetsperspektiv, vilket kan vara en f\u00f6rklaring till att jag trivs i internationell milj\u00f6.<\/p>\n<p style=\"text-align: left;\">Det skulle gl\u00e4dja mig att arbeta med dig och att bidra till ditt teams och din organisations framg\u00e5ng.<\/p>\n<p>[\/vc_column_text][\/vc_column_inner][\/vc_row_inner][vc_row_inner el_class=&#8221;mobile-respons-style&#8221; css=&#8221;.vc_custom_1478098932248{margin-bottom: 0px !important;}&#8221;][vc_column_inner el_class=&#8221;mobile-respons-style&#8221; css=&#8221;.vc_custom_1478094098131{background-color: #e3f2f1 !important;}&#8221;]<div class=\"clearboth\"><\/div><div id=\"thegem-divider-69f1fd4ebceeb\" class=\"gem-divider   gem-divider-style-3\" style=\"\" ><\/div>[vc_single_image image=&#8221;28861&#8243; img_size=&#8221;120&#215;120&#8243; alignment=&#8221;center&#8221;]<div class=\"clearboth\"><\/div><style>#thegem-divider-69f1fd4ebcf31 {margin-top: 30px !important;}<\/style><div id=\"thegem-divider-69f1fd4ebcf31\" class=\"gem-divider  \" style=\"\" ><\/div>[vc_column_text]<\/p>\n<div class=\"title-h1\" style=\"text-align: center;\">Mina V\u00e4rderingar<\/div>\n<p>[\/vc_column_text]<div class=\"clearboth\"><\/div><style>#thegem-divider-69f1fd4ebcf66 {margin-top: 30px !important;}<\/style><div id=\"thegem-divider-69f1fd4ebcf66\" class=\"gem-divider  \" style=\"\" ><\/div>[vc_column_text]<\/p>\n<p class=\"title-h5 title-h2\" style=\"text-align: center;\">bidrar till\u00a0den optimala st\u00e4mningen f\u00f6r ett\u00a0h\u00f6gt effektivt och h\u00e5llbart samarbete.<\/p>\n<p>[\/vc_column_text]<div class=\"clearboth\"><\/div><div id=\"thegem-divider-69f1fd4ebcf9c\" class=\"gem-divider  \" style=\"\" ><\/div>[\/vc_column_inner][\/vc_row_inner][vc_row_inner gap=&#8221;10&#8243; css=&#8221;.vc_custom_1478099198337{margin-top: 0px !important;margin-bottom: 1px !important;padding-top: 0px !important;padding-bottom: 50px !important;background-color: #e3f2f1 !important;}&#8221;][vc_column_inner width=&#8221;1\/3&#8243; css=&#8221;.vc_custom_1478098977837{margin-top: 2px !important;margin-right: 2px !important;margin-left: 2px !important;border-top-width: 2px !important;border-right-width: 2px !important;border-bottom-width: 2px !important;border-left-width: 2px !important;background-color: #ffffff !important;border-left-color: #ff4814 !important;border-left-style: solid !important;border-right-color: #ff4814 !important;border-right-style: solid !important;border-top-color: #ff4814 !important;border-top-style: solid !important;border-bottom-color: #ff4814 !important;border-bottom-style: solid !important;border-radius: 2px !important;}&#8221;][vc_single_image image=&#8221;28859&#8243; img_size=&#8221;120&#215;120&#8243; alignment=&#8221;center&#8221;][vc_column_text]<\/p>\n<div class=\"title-h4\" style=\"text-align: center;\"><span style=\"color: #00577d;\">PROFESSIONALISM<\/span><\/div>\n<p>[\/vc_column_text][\/vc_column_inner][vc_column_inner width=&#8221;1\/3&#8243; css=&#8221;.vc_custom_1478098790288{margin-top: 2px !important;margin-right: 2px !important;margin-left: 2px !important;border-top-width: 2px !important;border-right-width: 2px !important;border-bottom-width: 2px !important;border-left-width: 2px !important;padding-bottom: 2px !important;background-color: #ffffff !important;border-left-color: #ff4814 !important;border-left-style: solid !important;border-right-color: #ff4814 !important;border-right-style: solid !important;border-top-color: #ff4814 !important;border-top-style: solid !important;border-bottom-color: #ff4814 !important;border-bottom-style: solid !important;border-radius: 2px !important;}&#8221;][vc_single_image image=&#8221;28854&#8243; img_size=&#8221;120&#215;120&#8243; alignment=&#8221;center&#8221;][vc_column_text]<\/p>\n<div class=\"title-h4\" style=\"text-align: center;\"><span style=\"color: #00577d;\">EMPOWERMENT<\/span><\/div>\n<p>[\/vc_column_text][\/vc_column_inner][vc_column_inner width=&#8221;1\/3&#8243; css=&#8221;.vc_custom_1478098969017{margin-top: 2px !important;margin-right: 2px !important;margin-left: 2px !important;border-top-width: 2px !important;border-right-width: 2px !important;border-bottom-width: 2px !important;border-left-width: 2px !important;background-color: #ffffff !important;border-left-color: #ff4814 !important;border-left-style: solid !important;border-right-color: #ff4814 !important;border-right-style: solid !important;border-top-color: #ff4814 !important;border-top-style: solid !important;border-bottom-color: #ff4814 !important;border-bottom-style: solid !important;border-radius: 2px !important;}&#8221;][vc_single_image image=&#8221;28865&#8243; img_size=&#8221;120&#215;120&#8243; alignment=&#8221;center&#8221;][vc_column_text]<\/p>\n<div class=\"title-h4\" style=\"text-align: center;\"><span style=\"color: #00577d;\">GL\u00c4DJE<\/span><\/div>\n<p>[\/vc_column_text][\/vc_column_inner][\/vc_row_inner][vc_empty_space][\/vc_column][\/vc_row][vc_row][vc_column]<div class=\"clearboth\"><\/div><style>#thegem-divider-69f1fd4ebcfd3 {margin-top: 20px !important;}<\/style><div id=\"thegem-divider-69f1fd4ebcfd3\" class=\"gem-divider  \" style=\"\" ><\/div>[\/vc_column][\/vc_row]<\/p>\n<\/div>","protected":false},"excerpt":{"rendered":"<p>[vc_row full_height=&#8221;yes&#8221; equal_height=&#8221;yes&#8221; css=&#8221;.vc_custom_1579645083467{padding-top: 100px !important;padding-bottom: 250px !important;background-image: url(https:\/\/www.cg-four.com\/wp-content\/uploads\/2020\/01\/caroline_Gregoire-business-coaching.jpg?id=31368) !important;background-position: center !important;background-repeat: no-repeat !important;background-size: cover !important;}&#8221; el_class=&#8221;mobile-respons-style&#8221;][vc_column][vc_column_text css=&#8221;.vc_custom_1635783841571{padding-right: 50px !important;}&#8221; el_class=&#8221;mobile-respons-style&#8221;] Sharpen your Edge. Keep your Balance. [\/vc_column_text][\/vc_column][\/vc_row][vc_row el_id=&#8221;details&#8221; css=&#8221;.vc_custom_1475838826457{padding-right: 60px !important;padding-left: 60px !important;}&#8221;][vc_column css=&#8221;.vc_custom_1475838658659{border-right-width: 20px !important;border-left-width: 20px !important;}&#8221;][vc_column_text css=&#8221;&#8221;]&#8230;<\/p>\n","protected":false},"author":1,"featured_media":0,"parent":0,"menu_order":0,"comment_status":"closed","ping_status":"closed","template":"","meta":{"_monsterinsights_skip_tracking":false,"_monsterinsights_sitenote_active":false,"_monsterinsights_sitenote_note":"","_monsterinsights_sitenote_category":0,"footnotes":""},"class_list":["post-29073","page","type-page","status-publish"],"yoast_head":"<!-- This site is optimized with the Yoast SEO plugin v27.4 - https:\/\/yoast.com\/product\/yoast-seo-wordpress\/ -->\n<title>CG4 Coaching: internationell aff\u00e4rscoaching och speaking i 4 spr\u00e5k<\/title>\n<meta name=\"description\" content=\"Med &quot;Inspired Leadership. Thriving Business.&quot; aff\u00e4rscoachen Caroline Gr\u00e9goire arbetar med kunder p\u00e5 svenska, engelska, franska och tyska.\" \/>\n<meta name=\"robots\" content=\"index, follow, max-snippet:-1, max-image-preview:large, max-video-preview:-1\" \/>\n<link rel=\"canonical\" href=\"https:\/\/www.cg-four.com\/sv\" \/>\n<meta property=\"og:locale\" content=\"sv_SE\" \/>\n<meta property=\"og:type\" content=\"article\" \/>\n<meta property=\"og:title\" content=\"CG4 Coaching: internationell aff\u00e4rscoaching och speaking i 4 spr\u00e5k\" \/>\n<meta property=\"og:description\" content=\"Med &quot;Inspired Leadership. Thriving Business.&quot; aff\u00e4rscoachen Caroline Gr\u00e9goire arbetar med kunder p\u00e5 svenska, engelska, franska och tyska.\" \/>\n<meta property=\"og:url\" content=\"https:\/\/www.cg-four.com\/sv\" \/>\n<meta property=\"og:site_name\" content=\"Caroline Gregoire Coaching\" \/>\n<meta property=\"article:modified_time\" content=\"2025-05-19T15:14:58+00:00\" \/>\n<meta property=\"og:image\" content=\"https:\/\/www.cg-four.com\/wp-content\/uploads\/2016\/03\/cg4_caroline_gregoire_36_home.jpg\" \/>\n\t<meta property=\"og:image:width\" content=\"1920\" \/>\n\t<meta property=\"og:image:height\" content=\"850\" \/>\n\t<meta property=\"og:image:type\" content=\"image\/jpeg\" \/>\n<meta name=\"twitter:card\" content=\"summary_large_image\" \/>\n<meta name=\"twitter:label1\" content=\"Ber\u00e4knad l\u00e4stid\" \/>\n\t<meta name=\"twitter:data1\" content=\"4 minuter\" \/>\n<script type=\"application\/ld+json\" class=\"yoast-schema-graph\">{\"@context\":\"https:\\\/\\\/schema.org\",\"@graph\":[{\"@type\":\"WebPage\",\"@id\":\"https:\\\/\\\/www.cg-four.com\\\/sv\",\"url\":\"https:\\\/\\\/www.cg-four.com\\\/sv\",\"name\":\"CG4 Coaching: internationell aff\u00e4rscoaching och speaking i 4 spr\u00e5k\",\"isPartOf\":{\"@id\":\"https:\\\/\\\/www.cg-four.com\\\/#website\"},\"datePublished\":\"2016-03-15T11:52:07+00:00\",\"dateModified\":\"2025-05-19T15:14:58+00:00\",\"description\":\"Med \\\"Inspired Leadership. Thriving Business.\\\" aff\u00e4rscoachen Caroline Gr\u00e9goire arbetar med kunder p\u00e5 svenska, engelska, franska och tyska.\",\"breadcrumb\":{\"@id\":\"https:\\\/\\\/www.cg-four.com\\\/sv#breadcrumb\"},\"inLanguage\":\"sv-SE\",\"potentialAction\":[{\"@type\":\"ReadAction\",\"target\":[\"https:\\\/\\\/www.cg-four.com\\\/sv\"]}]},{\"@type\":\"BreadcrumbList\",\"@id\":\"https:\\\/\\\/www.cg-four.com\\\/sv#breadcrumb\",\"itemListElement\":[{\"@type\":\"ListItem\",\"position\":1,\"name\":\"Startseite\",\"item\":\"https:\\\/\\\/www.cg-four.com\\\/sv\"},{\"@type\":\"ListItem\",\"position\":2,\"name\":\"Hem\"}]},{\"@type\":\"WebSite\",\"@id\":\"https:\\\/\\\/www.cg-four.com\\\/#website\",\"url\":\"https:\\\/\\\/www.cg-four.com\\\/\",\"name\":\"Caroline Gregoire Coaching\",\"description\":\"International business coach\",\"potentialAction\":[{\"@type\":\"SearchAction\",\"target\":{\"@type\":\"EntryPoint\",\"urlTemplate\":\"https:\\\/\\\/www.cg-four.com\\\/?s={search_term_string}\"},\"query-input\":{\"@type\":\"PropertyValueSpecification\",\"valueRequired\":true,\"valueName\":\"search_term_string\"}}],\"inLanguage\":\"sv-SE\"}]}<\/script>\n<!-- \/ Yoast SEO plugin. -->","yoast_head_json":{"title":"CG4 Coaching: internationell aff\u00e4rscoaching och speaking i 4 spr\u00e5k","description":"Med \"Inspired Leadership. Thriving Business.\" aff\u00e4rscoachen Caroline Gr\u00e9goire arbetar med kunder p\u00e5 svenska, engelska, franska och tyska.","robots":{"index":"index","follow":"follow","max-snippet":"max-snippet:-1","max-image-preview":"max-image-preview:large","max-video-preview":"max-video-preview:-1"},"canonical":"https:\/\/www.cg-four.com\/sv","og_locale":"sv_SE","og_type":"article","og_title":"CG4 Coaching: internationell aff\u00e4rscoaching och speaking i 4 spr\u00e5k","og_description":"Med \"Inspired Leadership. Thriving Business.\" aff\u00e4rscoachen Caroline Gr\u00e9goire arbetar med kunder p\u00e5 svenska, engelska, franska och tyska.","og_url":"https:\/\/www.cg-four.com\/sv","og_site_name":"Caroline Gregoire Coaching","article_modified_time":"2025-05-19T15:14:58+00:00","og_image":[{"width":1920,"height":850,"url":"https:\/\/www.cg-four.com\/wp-content\/uploads\/2016\/03\/cg4_caroline_gregoire_36_home.jpg","type":"image\/jpeg"}],"twitter_card":"summary_large_image","twitter_misc":{"Ber\u00e4knad l\u00e4stid":"4 minuter"},"schema":{"@context":"https:\/\/schema.org","@graph":[{"@type":"WebPage","@id":"https:\/\/www.cg-four.com\/sv","url":"https:\/\/www.cg-four.com\/sv","name":"CG4 Coaching: internationell aff\u00e4rscoaching och speaking i 4 spr\u00e5k","isPartOf":{"@id":"https:\/\/www.cg-four.com\/#website"},"datePublished":"2016-03-15T11:52:07+00:00","dateModified":"2025-05-19T15:14:58+00:00","description":"Med \"Inspired Leadership. Thriving Business.\" aff\u00e4rscoachen Caroline Gr\u00e9goire arbetar med kunder p\u00e5 svenska, engelska, franska och tyska.","breadcrumb":{"@id":"https:\/\/www.cg-four.com\/sv#breadcrumb"},"inLanguage":"sv-SE","potentialAction":[{"@type":"ReadAction","target":["https:\/\/www.cg-four.com\/sv"]}]},{"@type":"BreadcrumbList","@id":"https:\/\/www.cg-four.com\/sv#breadcrumb","itemListElement":[{"@type":"ListItem","position":1,"name":"Startseite","item":"https:\/\/www.cg-four.com\/sv"},{"@type":"ListItem","position":2,"name":"Hem"}]},{"@type":"WebSite","@id":"https:\/\/www.cg-four.com\/#website","url":"https:\/\/www.cg-four.com\/","name":"Caroline Gregoire Coaching","description":"International business coach","potentialAction":[{"@type":"SearchAction","target":{"@type":"EntryPoint","urlTemplate":"https:\/\/www.cg-four.com\/?s={search_term_string}"},"query-input":{"@type":"PropertyValueSpecification","valueRequired":true,"valueName":"search_term_string"}}],"inLanguage":"sv-SE"}]}},"_links":{"self":[{"href":"https:\/\/www.cg-four.com\/sv\/wp-json\/wp\/v2\/pages\/29073","targetHints":{"allow":["GET"]}}],"collection":[{"href":"https:\/\/www.cg-four.com\/sv\/wp-json\/wp\/v2\/pages"}],"about":[{"href":"https:\/\/www.cg-four.com\/sv\/wp-json\/wp\/v2\/types\/page"}],"author":[{"embeddable":true,"href":"https:\/\/www.cg-four.com\/sv\/wp-json\/wp\/v2\/users\/1"}],"replies":[{"embeddable":true,"href":"https:\/\/www.cg-four.com\/sv\/wp-json\/wp\/v2\/comments?post=29073"}],"version-history":[{"count":5,"href":"https:\/\/www.cg-four.com\/sv\/wp-json\/wp\/v2\/pages\/29073\/revisions"}],"predecessor-version":[{"id":32133,"href":"https:\/\/www.cg-four.com\/sv\/wp-json\/wp\/v2\/pages\/29073\/revisions\/32133"}],"wp:attachment":[{"href":"https:\/\/www.cg-four.com\/sv\/wp-json\/wp\/v2\/media?parent=29073"}],"curies":[{"name":"wp","href":"https:\/\/api.w.org\/{rel}","templated":true}]}}