{"id":29085,"date":"2016-01-30T12:18:00","date_gmt":"2016-01-30T12:18:00","guid":{"rendered":"http:\/\/www.cg-four.com\/sv\/kontakt"},"modified":"2020-01-16T19:12:19","modified_gmt":"2020-01-16T19:12:19","slug":"kontakt","status":"publish","type":"page","link":"https:\/\/www.cg-four.com\/sv\/kontakt","title":{"rendered":"Kontakt"},"content":{"rendered":"<div class=\"wpb-content-wrapper\"><p>[vc_row full_width=&#8221;stretch_row&#8221;][vc_column width=&#8221;1\/2&#8243;]<div class=\"clearboth\"><\/div><style>#thegem-divider-69f1ef570de32 {margin-top: 105px !important;}<\/style><div id=\"thegem-divider-69f1ef570de32\" class=\"gem-divider  \" style=\"\" ><\/div>[vc_column_text]<\/p>\n<div class=\"title-h1\" style=\"text-align: center;\"><span class=\"light\">Jag ser fram emot<\/span><\/div>\n<p>[\/vc_column_text]<div class=\"clearboth\"><\/div><style>#thegem-divider-69f1ef570dea1 {margin-top: 38px !important;}<\/style><div id=\"thegem-divider-69f1ef570dea1\" class=\"gem-divider  \" style=\"\" ><\/div>[vc_column_text]<\/p>\n<p class=\"title-h5 title-h2\" style=\"text-align: center;\">att prata med dig s\u00e5 vi\u00a0l\u00e4r k\u00e4nna varandra. D\u00e4rifr\u00e5n kan vi se om vi vill starta ett samarbete. Detta samtal \u00e4r kostnadsfritt och inte bindande.<\/p>\n<p>[\/vc_column_text]<div class=\"clearboth\"><\/div><div id=\"thegem-divider-69f1ef570dee2\" class=\"gem-divider  \" style=\"\" ><\/div>[\/vc_column][vc_column width=&#8221;1\/2&#8243; css=&#8221;.vc_custom_1476956834319{padding-top: 250px !important;padding-bottom: 250px !important;background-image: url(https:\/\/www.cg-four.com\/wp-content\/uploads\/2016\/01\/cg4_caroline_gregoire_367_kontakt.jpg?id=28504) !important;background-position: center !important;background-repeat: no-repeat !important;background-size: cover !important;}&#8221;][\/vc_column][\/vc_row][vc_row equal_height=&#8221;yes&#8221;][vc_column]<div class=\"clearboth\"><\/div><style>#thegem-divider-69f1ef570df1d {margin-top: 50px !important;}<\/style><div id=\"thegem-divider-69f1ef570df1d\" class=\"gem-divider  \" style=\"\" ><\/div><div class=\"gem-icon-with-text gem-icon-with-text-icon-size-medium\" ><div style=\"margin-bottom:0px;margin-top:0px; \" class=\"gem-icon-with-text-icon\"><div class=\"gem-icon gem-icon-pack-material gem-icon-size-medium  gem-icon-shape-square gem-simple-icon \"  style=\"opacity: 1;\"><div class=\"gem-icon-inner\" style=\"\"><span class=\"gem-icon-half-1\" style=\"color: #ffab91;\"><span class=\"back-angle\">&#xf3b4;<\/span><\/span><span class=\"gem-icon-half-2\" style=\"color: #ffab91;\"><span class=\"back-angle\">&#xf3b4;<\/span><\/span><\/div><\/div><\/div><div class=\"gem-icon-with-text-content\" ><div class=\"gem-icon-with-text-text\">[vc_column_text]<\/p>\n<h1>Ta kontakt med mig<\/h1>\n<p>[\/vc_column_text]<\/div><\/div><div class=\"clearboth\"><\/div><\/div>[\/vc_column][\/vc_row][vc_row][vc_column]<div class=\"clearboth\"><\/div><style>#thegem-divider-69f1ef570e0f8 {margin-top: 8px !important;}<\/style><div id=\"thegem-divider-69f1ef570e0f8\" class=\"gem-divider  \" style=\"\" ><\/div>\n<div class=\"wpcf7 no-js\" id=\"wpcf7-f29088-o1\" lang=\"en-US\" dir=\"ltr\" data-wpcf7-id=\"29088\">\n<div class=\"screen-reader-response\"><p role=\"status\" aria-live=\"polite\" aria-atomic=\"true\"><\/p> <ul><\/ul><\/div>\n<form action=\"\/sv\/wp-json\/wp\/v2\/pages\/29085#wpcf7-f29088-o1\" method=\"post\" class=\"wpcf7-form init\" aria-label=\"Contact form\" novalidate=\"novalidate\" data-status=\"init\">\n<fieldset class=\"hidden-fields-container\"><legend class=\"screen-reader-text\">Hidden fields<\/legend><input type=\"hidden\" name=\"_wpcf7\" value=\"29088\" \/><input type=\"hidden\" name=\"_wpcf7_version\" value=\"6.1.5\" \/><input type=\"hidden\" name=\"_wpcf7_locale\" value=\"en_US\" \/><input type=\"hidden\" name=\"_wpcf7_unit_tag\" value=\"wpcf7-f29088-o1\" \/><input type=\"hidden\" name=\"_wpcf7_container_post\" value=\"0\" \/><input type=\"hidden\" name=\"_wpcf7_posted_data_hash\" value=\"\" \/><input type=\"hidden\" name=\"_wpcf7_recaptcha_response\" value=\"\" \/>\n<\/fieldset>\n<div class='form-sidebar contact-form-style-7'>\n<div class='col-lg-6'>\n<p><span class=\"wpcf7-form-control-wrap\" data-name=\"name\"><input size=\"40\" maxlength=\"400\" class=\"wpcf7-form-control wpcf7-text wpcf7-validates-as-required\" aria-required=\"true\" aria-invalid=\"false\" placeholder=\"Namn*\" value=\"\" type=\"text\" name=\"name\" \/><\/span><\/p>\n\n<p><span class=\"wpcf7-form-control-wrap\" data-name=\"email\"><input size=\"40\" maxlength=\"400\" class=\"wpcf7-form-control wpcf7-email wpcf7-validates-as-required wpcf7-text wpcf7-validates-as-email\" aria-required=\"true\" aria-invalid=\"false\" placeholder=\"Mailadress*\" value=\"\" type=\"email\" name=\"email\" \/><\/span> <\/p>\n\n<p><span class=\"wpcf7-form-control-wrap\" data-name=\"betreff\"><select class=\"wpcf7-form-control wpcf7-select wpcf7-validates-as-required gem-combobox\" aria-required=\"true\" aria-invalid=\"false\" name=\"betreff\"><option value=\"\u00c4mne\">\u00c4mne<\/option><option value=\"Allm\u00e4nt\">Allm\u00e4nt<\/option><option value=\"Coaching\">Coaching<\/option><option value=\"Moderation\">Moderation<\/option><option value=\"Speaking\">Speaking<\/option><option value=\"Kurser\">Kurser<\/option><\/select><\/span> <\/p>\n\n<\/div>\n<div class='col-lg-6'>\n<p><span class=\"wpcf7-form-control-wrap\" data-name=\"your-message\"><textarea cols=\"40\" rows=\"10\" maxlength=\"2000\" class=\"wpcf7-form-control wpcf7-textarea wpcf7-validates-as-required\" aria-required=\"true\" aria-invalid=\"false\" placeholder=\"Ditt meddelande*\" name=\"your-message\"><\/textarea><\/span> \n\n\n<\/p><input class=\"wpcf7-form-control wpcf7-submit has-spinner\" type=\"submit\" value=\"Skicka\" \/>\n<\/div>\n\n<\/div><div class=\"wpcf7-response-output\" aria-hidden=\"true\"><\/div>\n<\/form>\n<\/div>\n<div class=\"clearboth\"><\/div><style>#thegem-divider-69f1ef5711fb8 {margin-top: 50px !important;}<\/style><div id=\"thegem-divider-69f1ef5711fb8\" class=\"gem-divider  \" style=\"\" ><\/div>[\/vc_column][\/vc_row][vc_row][vc_column]<div id=\"fullwidth-block-69f1ef5712038\" class=\"fullwidth-block clearfix\"  style=\"\"><script type=\"text\/javascript\">if (typeof(gem_fix_fullwidth_position) == \"function\") { gem_fix_fullwidth_position(document.getElementById(\"fullwidth-block-69f1ef5712038\")); }<\/script><div class=\"fullwidth-block-inner\"><div class=\"gem-map-with-text\"><div class=\"gem-map-with-text-content\" style=\"background-color: #e3f2f1;\"><div class=\"container\"><div class=\"clearboth\"><\/div><style>#thegem-divider-69f1ef5712226 {margin-top: 1px !important;}<\/style><div id=\"thegem-divider-69f1ef5712226\" class=\"gem-divider  \" style=\"\" ><\/div>[vc_row_inner][vc_column_inner]<div class=\"gem-icon-with-text gem-icon-with-text-icon-size-large centered-box\" ><div style=\"margin-bottom:0px;margin-top:0px; \" class=\"gem-icon-with-text-icon\"><div class=\"gem-icon gem-icon-pack-material gem-icon-size-large  gem-icon-shape-square gem-simple-icon \"  style=\"opacity: 1;\"><div class=\"gem-icon-inner\" style=\"\"><span class=\"gem-icon-half-1\" style=\"color: #00577d;\"><span class=\"back-angle\">&#xf217;<\/span><\/span><span class=\"gem-icon-half-2\" style=\"color: #00577d;\"><span class=\"back-angle\">&#xf217;<\/span><\/span><\/div><\/div><\/div><div class=\"gem-icon-with-text-content\" ><div class=\"gem-icon-with-text-text\">[vc_column_text]<span style=\"color: #00577d;\">H\u00e4r hittar du mig:<\/span>[\/vc_column_text][vc_column_text]<span style=\"color: #00577d;\">Quinta dos Salicos 4, 8400-422 Lagoa, Portugal<\/span>[\/vc_column_text][vc_column_text]<span style=\"color: #00577d;\">M: +49 (0) 1522-797 35 48<\/span>[\/vc_column_text]<div class=\"clearboth\"><\/div><style>#thegem-divider-69f1ef5712404 {margin-top: 1px !important;}<\/style><div id=\"thegem-divider-69f1ef5712404\" class=\"gem-divider  \" style=\"\" ><\/div><\/div><\/div><div class=\"clearboth\"><\/div><\/div>[\/vc_column_inner][\/vc_row_inner]<\/div><\/div><div class=\"gem-map-with-text-map\">[vc_gmaps link=\"#E-8_JTNDaWZyYW1lJTIwc3JjJTNEJTIyaHR0cHMlM0ElMkYlMkZ3d3cuZ29vZ2xlLmNvbSUyRm1hcHMlMkZlbWJlZCUzRnBiJTNEJTIxMW0xOCUyMTFtMTIlMjExbTMlMjExZDMxODEuNzM4NzAzNzgwODk2NyUyMTJkLTguNDQ2NDE5OTg1NDM0MTAyJTIxM2QzNy4xMTEzMzY5NTc4MjQ1MyUyMTJtMyUyMTFmMCUyMTJmMCUyMTNmMCUyMTNtMiUyMTFpMTAyNCUyMTJpNzY4JTIxNGYxMy4xJTIxM20zJTIxMW0yJTIxMXMweGQxYWQ2NTlhMTFlMTM2NSUyNTNBMHg3MDg2NjgxMGMxNjUwZDEzJTIxMnNRLnRhJTI1MjBkb3MlMjUyMFNhbGljb3MlMjUyMDQlMjUyQyUyNTIwQ2Fydm9laXJvJTIxNWUwJTIxM20yJTIxMXNlbiUyMTJzcHQlMjE0djE1Njg5OTUzNDI0OTIlMjE1bTIlMjExc2VuJTIxMnNwdCUyMiUyMHdpZHRoJTNEJTIyNjAwJTIyJTIwaGVpZ2h0JTNEJTIyNDUwJTIyJTIwZnJhbWVib3JkZXIlM0QlMjIwJTIyJTIwc3R5bGUlM0QlMjJib3JkZXIlM0EwJTNCJTIyJTIwYWxsb3dmdWxsc2NyZWVuJTNEJTIyJTIyJTNFJTNDJTJGaWZyYW1lJTNF\" size=\"925\" disable_scroll=\"1\" hide_title=\"1\"]<\/div><\/div><\/div><\/div>[\/vc_column][\/vc_row][vc_row][vc_column]<div class=\"clearboth\"><\/div><style>#thegem-divider-69f1ef5712461 {margin-top: 50px !important;}<\/style><div id=\"thegem-divider-69f1ef5712461\" class=\"gem-divider  \" style=\"\" ><\/div>[\/vc_column][\/vc_row]<\/p>\n<\/div>","protected":false},"excerpt":{"rendered":"<p>[vc_row full_width=&#8221;stretch_row&#8221;][vc_column width=&#8221;1\/2&#8243;][vc_column_text] Jag ser fram emot [\/vc_column_text][vc_column_text] att prata med dig s\u00e5 vi\u00a0l\u00e4r k\u00e4nna varandra. D\u00e4rifr\u00e5n kan vi se om vi vill starta ett samarbete. Detta samtal \u00e4r kostnadsfritt och inte bindande. [\/vc_column_text][\/vc_column][vc_column width=&#8221;1\/2&#8243; css=&#8221;.vc_custom_1476956834319{padding-top: 250px !important;padding-bottom: 250px !important;background-image:&#8230;<\/p>\n","protected":false},"author":1,"featured_media":0,"parent":0,"menu_order":0,"comment_status":"closed","ping_status":"closed","template":"","meta":{"_monsterinsights_skip_tracking":false,"_monsterinsights_sitenote_active":false,"_monsterinsights_sitenote_note":"","_monsterinsights_sitenote_category":0,"footnotes":""},"class_list":["post-29085","page","type-page","status-publish"],"yoast_head":"<!-- This site is optimized with the Yoast SEO plugin v27.4 - https:\/\/yoast.com\/product\/yoast-seo-wordpress\/ -->\n<title>Kontakt f\u00f6r CG4 Coaching: adress, telefonnummer och kontaktformul\u00e4r<\/title>\n<meta name=\"description\" content=\"Som kontakt kan du n\u00e5 CG4 Coaching: Quinta dos Salicos 4, 8400-422 Lagoa, Portugal, M: +49 (0) 1522-797 35 48.\" \/>\n<meta name=\"robots\" content=\"index, follow, max-snippet:-1, max-image-preview:large, max-video-preview:-1\" \/>\n<link rel=\"canonical\" href=\"https:\/\/www.cg-four.com\/sv\/kontakt\" \/>\n<meta property=\"og:locale\" content=\"sv_SE\" \/>\n<meta property=\"og:type\" content=\"article\" \/>\n<meta property=\"og:title\" content=\"Kontakt f\u00f6r CG4 Coaching: adress, telefonnummer och kontaktformul\u00e4r\" \/>\n<meta property=\"og:description\" content=\"Som kontakt kan du n\u00e5 CG4 Coaching: Quinta dos Salicos 4, 8400-422 Lagoa, Portugal, M: +49 (0) 1522-797 35 48.\" \/>\n<meta property=\"og:url\" content=\"https:\/\/www.cg-four.com\/sv\/kontakt\" \/>\n<meta property=\"og:site_name\" content=\"Caroline Gregoire Coaching\" \/>\n<meta property=\"article:modified_time\" content=\"2020-01-16T19:12:19+00:00\" \/>\n<meta name=\"twitter:card\" content=\"summary_large_image\" \/>\n<meta name=\"twitter:label1\" content=\"Ber\u00e4knad l\u00e4stid\" \/>\n\t<meta name=\"twitter:data1\" content=\"2 minuter\" \/>\n<script type=\"application\/ld+json\" class=\"yoast-schema-graph\">{\"@context\":\"https:\\\/\\\/schema.org\",\"@graph\":[{\"@type\":\"WebPage\",\"@id\":\"https:\\\/\\\/www.cg-four.com\\\/sv\\\/kontakt\",\"url\":\"https:\\\/\\\/www.cg-four.com\\\/sv\\\/kontakt\",\"name\":\"Kontakt f\u00f6r CG4 Coaching: adress, telefonnummer och kontaktformul\u00e4r\",\"isPartOf\":{\"@id\":\"https:\\\/\\\/www.cg-four.com\\\/#website\"},\"datePublished\":\"2016-01-30T12:18:00+00:00\",\"dateModified\":\"2020-01-16T19:12:19+00:00\",\"description\":\"Som kontakt kan du n\u00e5 CG4 Coaching: Quinta dos Salicos 4, 8400-422 Lagoa, Portugal, M: +49 (0) 1522-797 35 48.\",\"breadcrumb\":{\"@id\":\"https:\\\/\\\/www.cg-four.com\\\/sv\\\/kontakt#breadcrumb\"},\"inLanguage\":\"sv-SE\",\"potentialAction\":[{\"@type\":\"ReadAction\",\"target\":[\"https:\\\/\\\/www.cg-four.com\\\/sv\\\/kontakt\"]}]},{\"@type\":\"BreadcrumbList\",\"@id\":\"https:\\\/\\\/www.cg-four.com\\\/sv\\\/kontakt#breadcrumb\",\"itemListElement\":[{\"@type\":\"ListItem\",\"position\":1,\"name\":\"Startseite\",\"item\":\"https:\\\/\\\/www.cg-four.com\\\/sv\"},{\"@type\":\"ListItem\",\"position\":2,\"name\":\"Kontakt\"}]},{\"@type\":\"WebSite\",\"@id\":\"https:\\\/\\\/www.cg-four.com\\\/#website\",\"url\":\"https:\\\/\\\/www.cg-four.com\\\/\",\"name\":\"Caroline Gregoire Coaching\",\"description\":\"International business coach\",\"potentialAction\":[{\"@type\":\"SearchAction\",\"target\":{\"@type\":\"EntryPoint\",\"urlTemplate\":\"https:\\\/\\\/www.cg-four.com\\\/?s={search_term_string}\"},\"query-input\":{\"@type\":\"PropertyValueSpecification\",\"valueRequired\":true,\"valueName\":\"search_term_string\"}}],\"inLanguage\":\"sv-SE\"}]}<\/script>\n<!-- \/ Yoast SEO plugin. -->","yoast_head_json":{"title":"Kontakt f\u00f6r CG4 Coaching: adress, telefonnummer och kontaktformul\u00e4r","description":"Som kontakt kan du n\u00e5 CG4 Coaching: Quinta dos Salicos 4, 8400-422 Lagoa, Portugal, M: +49 (0) 1522-797 35 48.","robots":{"index":"index","follow":"follow","max-snippet":"max-snippet:-1","max-image-preview":"max-image-preview:large","max-video-preview":"max-video-preview:-1"},"canonical":"https:\/\/www.cg-four.com\/sv\/kontakt","og_locale":"sv_SE","og_type":"article","og_title":"Kontakt f\u00f6r CG4 Coaching: adress, telefonnummer och kontaktformul\u00e4r","og_description":"Som kontakt kan du n\u00e5 CG4 Coaching: Quinta dos Salicos 4, 8400-422 Lagoa, Portugal, M: +49 (0) 1522-797 35 48.","og_url":"https:\/\/www.cg-four.com\/sv\/kontakt","og_site_name":"Caroline Gregoire Coaching","article_modified_time":"2020-01-16T19:12:19+00:00","twitter_card":"summary_large_image","twitter_misc":{"Ber\u00e4knad l\u00e4stid":"2 minuter"},"schema":{"@context":"https:\/\/schema.org","@graph":[{"@type":"WebPage","@id":"https:\/\/www.cg-four.com\/sv\/kontakt","url":"https:\/\/www.cg-four.com\/sv\/kontakt","name":"Kontakt f\u00f6r CG4 Coaching: adress, telefonnummer och kontaktformul\u00e4r","isPartOf":{"@id":"https:\/\/www.cg-four.com\/#website"},"datePublished":"2016-01-30T12:18:00+00:00","dateModified":"2020-01-16T19:12:19+00:00","description":"Som kontakt kan du n\u00e5 CG4 Coaching: Quinta dos Salicos 4, 8400-422 Lagoa, Portugal, M: +49 (0) 1522-797 35 48.","breadcrumb":{"@id":"https:\/\/www.cg-four.com\/sv\/kontakt#breadcrumb"},"inLanguage":"sv-SE","potentialAction":[{"@type":"ReadAction","target":["https:\/\/www.cg-four.com\/sv\/kontakt"]}]},{"@type":"BreadcrumbList","@id":"https:\/\/www.cg-four.com\/sv\/kontakt#breadcrumb","itemListElement":[{"@type":"ListItem","position":1,"name":"Startseite","item":"https:\/\/www.cg-four.com\/sv"},{"@type":"ListItem","position":2,"name":"Kontakt"}]},{"@type":"WebSite","@id":"https:\/\/www.cg-four.com\/#website","url":"https:\/\/www.cg-four.com\/","name":"Caroline Gregoire Coaching","description":"International business coach","potentialAction":[{"@type":"SearchAction","target":{"@type":"EntryPoint","urlTemplate":"https:\/\/www.cg-four.com\/?s={search_term_string}"},"query-input":{"@type":"PropertyValueSpecification","valueRequired":true,"valueName":"search_term_string"}}],"inLanguage":"sv-SE"}]}},"_links":{"self":[{"href":"https:\/\/www.cg-four.com\/sv\/wp-json\/wp\/v2\/pages\/29085","targetHints":{"allow":["GET"]}}],"collection":[{"href":"https:\/\/www.cg-four.com\/sv\/wp-json\/wp\/v2\/pages"}],"about":[{"href":"https:\/\/www.cg-four.com\/sv\/wp-json\/wp\/v2\/types\/page"}],"author":[{"embeddable":true,"href":"https:\/\/www.cg-four.com\/sv\/wp-json\/wp\/v2\/users\/1"}],"replies":[{"embeddable":true,"href":"https:\/\/www.cg-four.com\/sv\/wp-json\/wp\/v2\/comments?post=29085"}],"version-history":[{"count":5,"href":"https:\/\/www.cg-four.com\/sv\/wp-json\/wp\/v2\/pages\/29085\/revisions"}],"predecessor-version":[{"id":31398,"href":"https:\/\/www.cg-four.com\/sv\/wp-json\/wp\/v2\/pages\/29085\/revisions\/31398"}],"wp:attachment":[{"href":"https:\/\/www.cg-four.com\/sv\/wp-json\/wp\/v2\/media?parent=29085"}],"curies":[{"name":"wp","href":"https:\/\/api.w.org\/{rel}","templated":true}]}}