{"id":29098,"date":"2016-09-27T14:34:11","date_gmt":"2016-09-27T14:34:11","guid":{"rendered":"http:\/\/www.cg-four.com\/sv\/moderation"},"modified":"2017-08-31T16:10:49","modified_gmt":"2017-08-31T16:10:49","slug":"moderation","status":"publish","type":"page","link":"https:\/\/www.cg-four.com\/sv\/moderation","title":{"rendered":"Moderation_sv"},"content":{"rendered":"<div class=\"wpb-content-wrapper\"><p>[vc_row equal_height=&#8221;yes&#8221; el_class=&#8221;mobile-respons-style&#8221; css=&#8221;.vc_custom_1476700523973{background-position: center !important;background-repeat: no-repeat !important;background-size: contain !important;}&#8221;][vc_column][vc_single_image image=&#8221;28509&#8243; img_size=&#8221;full&#8221;][\/vc_column][\/vc_row][vc_row][vc_column][vc_text_separator title=&#8221;Moderation av ditt Evenemang&#8221; align=&#8221;align_left&#8221; color=&#8221;white&#8221;][vc_column_text css=&#8221;.vc_custom_1481557979416{margin-right: 100px !important;margin-left: 100px !important;}&#8221;]<\/p>\n<p class=\"title-h5 title-h2\" style=\"text-align: left;\">Du planerar f\u00f6r ett speciellt evenemang med ditt team eller inom ditt f\u00f6retag och beh\u00f6ver en neutral person f\u00f6r att leda en workshop eller hela evenemanget. Med mitt s\u00e4tt att se p\u00e5 ett helhetsperspektiv och min erfarenhet som moderator tar jag med mig professionalism, inspiration och humor (om \u00f6nskat!). Du kan d\u00e5 koncentrera din energi med inneh\u00e5llet av evenemanget som jag ocks\u00e5 kan hj\u00e4lpa dig med.<\/p>\n<p>[\/vc_column_text][vc_single_image image=&#8221;28737&#8243; img_size=&#8221;full&#8221; alignment=&#8221;center&#8221; css=&#8221;.vc_custom_1478101194119{margin-top: 50px !important;border-bottom-width: 50px !important;}&#8221;][\/vc_column][\/vc_row][vc_row][vc_column]<div class=\"clearboth\"><\/div><style>#thegem-divider-69f2de98234d9 {margin-top: 50px !important;}<\/style><div id=\"thegem-divider-69f2de98234d9\" class=\"gem-divider  \" style=\"\" ><\/div>[\/vc_column][\/vc_row]<\/p>\n<\/div>","protected":false},"excerpt":{"rendered":"<p>[vc_row equal_height=&#8221;yes&#8221; el_class=&#8221;mobile-respons-style&#8221; css=&#8221;.vc_custom_1476700523973{background-position: center !important;background-repeat: no-repeat !important;background-size: contain !important;}&#8221;][vc_column][vc_single_image image=&#8221;28509&#8243; img_size=&#8221;full&#8221;][\/vc_column][\/vc_row][vc_row][vc_column][vc_text_separator title=&#8221;Moderation av ditt Evenemang&#8221; align=&#8221;align_left&#8221; color=&#8221;white&#8221;][vc_column_text css=&#8221;.vc_custom_1481557979416{margin-right: 100px !important;margin-left: 100px !important;}&#8221;] Du planerar f\u00f6r ett speciellt evenemang med ditt team eller inom ditt f\u00f6retag och beh\u00f6ver en neutral&#8230;<\/p>\n","protected":false},"author":1,"featured_media":0,"parent":0,"menu_order":0,"comment_status":"closed","ping_status":"closed","template":"","meta":{"_monsterinsights_skip_tracking":false,"_monsterinsights_sitenote_active":false,"_monsterinsights_sitenote_note":"","_monsterinsights_sitenote_category":0,"footnotes":""},"class_list":["post-29098","page","type-page","status-publish"],"yoast_head":"<!-- This site is optimized with the Yoast SEO plugin v27.4 - https:\/\/yoast.com\/product\/yoast-seo-wordpress\/ -->\n<title>Moderation_sv - Caroline Gregoire Coaching<\/title>\n<meta name=\"robots\" content=\"index, follow, max-snippet:-1, max-image-preview:large, max-video-preview:-1\" \/>\n<link rel=\"canonical\" href=\"https:\/\/www.cg-four.com\/sv\/moderation\" \/>\n<meta property=\"og:locale\" content=\"sv_SE\" \/>\n<meta property=\"og:type\" content=\"article\" \/>\n<meta property=\"og:title\" content=\"Moderation_sv - Caroline Gregoire Coaching\" \/>\n<meta property=\"og:description\" content=\"[vc_row equal_height=&#8221;yes&#8221; el_class=&#8221;mobile-respons-style&#8221; css=&#8221;.vc_custom_1476700523973{background-position: center !important;background-repeat: no-repeat !important;background-size: contain !important;}&#8221;][vc_column][vc_single_image image=&#8221;28509&#8243; img_size=&#8221;full&#8221;][\/vc_column][\/vc_row][vc_row][vc_column][vc_text_separator title=&#8221;Moderation av ditt Evenemang&#8221; align=&#8221;align_left&#8221; color=&#8221;white&#8221;][vc_column_text css=&#8221;.vc_custom_1481557979416{margin-right: 100px !important;margin-left: 100px !important;}&#8221;] Du planerar f\u00f6r ett speciellt evenemang med ditt team eller inom ditt f\u00f6retag och beh\u00f6ver en neutral...\" \/>\n<meta property=\"og:url\" content=\"https:\/\/www.cg-four.com\/sv\/moderation\" \/>\n<meta property=\"og:site_name\" content=\"Caroline Gregoire Coaching\" \/>\n<meta property=\"article:modified_time\" content=\"2017-08-31T16:10:49+00:00\" \/>\n<meta name=\"twitter:card\" content=\"summary_large_image\" \/>\n<meta name=\"twitter:label1\" content=\"Ber\u00e4knad l\u00e4stid\" \/>\n\t<meta name=\"twitter:data1\" content=\"1 minut\" \/>\n<script type=\"application\/ld+json\" class=\"yoast-schema-graph\">{\"@context\":\"https:\\\/\\\/schema.org\",\"@graph\":[{\"@type\":\"WebPage\",\"@id\":\"https:\\\/\\\/www.cg-four.com\\\/sv\\\/moderation\",\"url\":\"https:\\\/\\\/www.cg-four.com\\\/sv\\\/moderation\",\"name\":\"Moderation_sv - Caroline Gregoire Coaching\",\"isPartOf\":{\"@id\":\"https:\\\/\\\/www.cg-four.com\\\/#website\"},\"datePublished\":\"2016-09-27T14:34:11+00:00\",\"dateModified\":\"2017-08-31T16:10:49+00:00\",\"breadcrumb\":{\"@id\":\"https:\\\/\\\/www.cg-four.com\\\/sv\\\/moderation#breadcrumb\"},\"inLanguage\":\"sv-SE\",\"potentialAction\":[{\"@type\":\"ReadAction\",\"target\":[\"https:\\\/\\\/www.cg-four.com\\\/sv\\\/moderation\"]}]},{\"@type\":\"BreadcrumbList\",\"@id\":\"https:\\\/\\\/www.cg-four.com\\\/sv\\\/moderation#breadcrumb\",\"itemListElement\":[{\"@type\":\"ListItem\",\"position\":1,\"name\":\"Startseite\",\"item\":\"https:\\\/\\\/www.cg-four.com\\\/sv\"},{\"@type\":\"ListItem\",\"position\":2,\"name\":\"Moderation_sv\"}]},{\"@type\":\"WebSite\",\"@id\":\"https:\\\/\\\/www.cg-four.com\\\/#website\",\"url\":\"https:\\\/\\\/www.cg-four.com\\\/\",\"name\":\"Caroline Gregoire Coaching\",\"description\":\"International business coach\",\"potentialAction\":[{\"@type\":\"SearchAction\",\"target\":{\"@type\":\"EntryPoint\",\"urlTemplate\":\"https:\\\/\\\/www.cg-four.com\\\/?s={search_term_string}\"},\"query-input\":{\"@type\":\"PropertyValueSpecification\",\"valueRequired\":true,\"valueName\":\"search_term_string\"}}],\"inLanguage\":\"sv-SE\"}]}<\/script>\n<!-- \/ Yoast SEO plugin. -->","yoast_head_json":{"title":"Moderation_sv - Caroline Gregoire Coaching","robots":{"index":"index","follow":"follow","max-snippet":"max-snippet:-1","max-image-preview":"max-image-preview:large","max-video-preview":"max-video-preview:-1"},"canonical":"https:\/\/www.cg-four.com\/sv\/moderation","og_locale":"sv_SE","og_type":"article","og_title":"Moderation_sv - Caroline Gregoire Coaching","og_description":"[vc_row equal_height=&#8221;yes&#8221; el_class=&#8221;mobile-respons-style&#8221; css=&#8221;.vc_custom_1476700523973{background-position: center !important;background-repeat: no-repeat !important;background-size: contain !important;}&#8221;][vc_column][vc_single_image image=&#8221;28509&#8243; img_size=&#8221;full&#8221;][\/vc_column][\/vc_row][vc_row][vc_column][vc_text_separator title=&#8221;Moderation av ditt Evenemang&#8221; align=&#8221;align_left&#8221; color=&#8221;white&#8221;][vc_column_text css=&#8221;.vc_custom_1481557979416{margin-right: 100px !important;margin-left: 100px !important;}&#8221;] Du planerar f\u00f6r ett speciellt evenemang med ditt team eller inom ditt f\u00f6retag och beh\u00f6ver en neutral...","og_url":"https:\/\/www.cg-four.com\/sv\/moderation","og_site_name":"Caroline Gregoire Coaching","article_modified_time":"2017-08-31T16:10:49+00:00","twitter_card":"summary_large_image","twitter_misc":{"Ber\u00e4knad l\u00e4stid":"1 minut"},"schema":{"@context":"https:\/\/schema.org","@graph":[{"@type":"WebPage","@id":"https:\/\/www.cg-four.com\/sv\/moderation","url":"https:\/\/www.cg-four.com\/sv\/moderation","name":"Moderation_sv - Caroline Gregoire Coaching","isPartOf":{"@id":"https:\/\/www.cg-four.com\/#website"},"datePublished":"2016-09-27T14:34:11+00:00","dateModified":"2017-08-31T16:10:49+00:00","breadcrumb":{"@id":"https:\/\/www.cg-four.com\/sv\/moderation#breadcrumb"},"inLanguage":"sv-SE","potentialAction":[{"@type":"ReadAction","target":["https:\/\/www.cg-four.com\/sv\/moderation"]}]},{"@type":"BreadcrumbList","@id":"https:\/\/www.cg-four.com\/sv\/moderation#breadcrumb","itemListElement":[{"@type":"ListItem","position":1,"name":"Startseite","item":"https:\/\/www.cg-four.com\/sv"},{"@type":"ListItem","position":2,"name":"Moderation_sv"}]},{"@type":"WebSite","@id":"https:\/\/www.cg-four.com\/#website","url":"https:\/\/www.cg-four.com\/","name":"Caroline Gregoire Coaching","description":"International business coach","potentialAction":[{"@type":"SearchAction","target":{"@type":"EntryPoint","urlTemplate":"https:\/\/www.cg-four.com\/?s={search_term_string}"},"query-input":{"@type":"PropertyValueSpecification","valueRequired":true,"valueName":"search_term_string"}}],"inLanguage":"sv-SE"}]}},"_links":{"self":[{"href":"https:\/\/www.cg-four.com\/sv\/wp-json\/wp\/v2\/pages\/29098","targetHints":{"allow":["GET"]}}],"collection":[{"href":"https:\/\/www.cg-four.com\/sv\/wp-json\/wp\/v2\/pages"}],"about":[{"href":"https:\/\/www.cg-four.com\/sv\/wp-json\/wp\/v2\/types\/page"}],"author":[{"embeddable":true,"href":"https:\/\/www.cg-four.com\/sv\/wp-json\/wp\/v2\/users\/1"}],"replies":[{"embeddable":true,"href":"https:\/\/www.cg-four.com\/sv\/wp-json\/wp\/v2\/comments?post=29098"}],"version-history":[{"count":5,"href":"https:\/\/www.cg-four.com\/sv\/wp-json\/wp\/v2\/pages\/29098\/revisions"}],"predecessor-version":[{"id":29639,"href":"https:\/\/www.cg-four.com\/sv\/wp-json\/wp\/v2\/pages\/29098\/revisions\/29639"}],"wp:attachment":[{"href":"https:\/\/www.cg-four.com\/sv\/wp-json\/wp\/v2\/media?parent=29098"}],"curies":[{"name":"wp","href":"https:\/\/api.w.org\/{rel}","templated":true}]}}