{"id":29101,"date":"2016-09-26T19:58:56","date_gmt":"2016-09-26T19:58:56","guid":{"rendered":"http:\/\/www.cg-four.com\/sv\/speaking"},"modified":"2020-01-16T19:01:55","modified_gmt":"2020-01-16T19:01:55","slug":"speaking","status":"publish","type":"page","link":"https:\/\/www.cg-four.com\/sv\/speaking","title":{"rendered":"Speaking_sv"},"content":{"rendered":"<div class=\"wpb-content-wrapper\"><p>[vc_row equal_height=&#8221;yes&#8221; el_class=&#8221;mobile-respons-style&#8221; css=&#8221;.vc_custom_1509881046967{background-position: center !important;background-repeat: no-repeat !important;background-size: contain !important;}&#8221;][vc_column css=&#8221;.vc_custom_1474984170569{background-position: center !important;background-repeat: no-repeat !important;background-size: cover !important;}&#8221;][vc_single_image image=&#8221;28507&#8243; img_size=&#8221;full&#8221;]<div class=\"clearboth\"><\/div><style>#thegem-divider-69f213d60cf52 {margin-top: 70px !important;}<\/style><div id=\"thegem-divider-69f213d60cf52\" class=\"gem-divider  \" style=\"\" ><\/div>[vc_column_text]<\/p>\n<div class=\"title-h2\" style=\"text-align: center;\">Vad andra s\u00e4ger:<\/div>\n<p>[\/vc_column_text][\/vc_column][\/vc_row][vc_row][vc_column][vc_row_inner css=&#8221;.vc_custom_1533569095651{margin-right: 50px !important;margin-left: 50px !important;}&#8221;][vc_column_inner css=&#8221;.vc_custom_1533568443559{background-color: #e3f2f1 !important;}&#8221;]<div class=\"preloader\"><div class=\"preloader-spin\"><\/div><\/div><div class=\"size-small style1 gem-testimonials\" style=\"background-color:;\"> <div id=\"post-30851\" class=\"gem-testimonial-item post-30851 thegem_testimonial type-thegem_testimonial status-publish\"> <div class=\"gem-testimonial-wrapper \"> <div class=\"gem-testimonial-image\"> <\/div> <div class=\"gem-testimonial-content\"> <div class=\"gem-testimonial-name\" >Eva Johansson<\/div> <div class=\"gem-testimonial-company\" >PRI Pensionsgaranti<\/div> <div class=\"gem-testimonial-text\" > <p>Din presentation \u00e4r mycket innovativ och ditt tillv\u00e4gag\u00e5ngss\u00e4tt \u00e4r det som vi (aktuarier och riskmanager) beh\u00f6ver.<\/p> <\/div> <\/div> <\/div> <\/div> <div id=\"post-30852\" class=\"gem-testimonial-item post-30852 thegem_testimonial type-thegem_testimonial status-publish\"> <div class=\"gem-testimonial-wrapper \"> <div class=\"gem-testimonial-image\"> <\/div> <div class=\"gem-testimonial-content\"> <div class=\"gem-testimonial-name\" >Eberhard M\u00fcller<\/div> <div class=\"gem-testimonial-company\" >riskmueller Consulting GmbH<\/div> <div class=\"gem-testimonial-position\" >Grundare & VD<\/div> <div class=\"gem-testimonial-text\" > <p>Det \u00e4r perspektivet som g\u00f6r skillnaden! Tack f\u00f6r att ha breddat min horisont. Kommunikation fr\u00e5n denna vinkel utg\u00f6r en fantastisk f\u00f6rb\u00e4ttring f\u00f6r att n\u00e5 sina m\u00e5l. Jag tycket att det kan hj\u00e4lpa mer \u00e4n n\u00e5got regelverk.<\/p> <\/div> <\/div> <\/div> <\/div> <div id=\"post-30853\" class=\"gem-testimonial-item post-30853 thegem_testimonial type-thegem_testimonial status-publish\"> <div class=\"gem-testimonial-wrapper \"> <div class=\"gem-testimonial-image\"> <\/div> <div class=\"gem-testimonial-content\"> <div class=\"gem-testimonial-name\" >Ren\u00e9 Scholing<\/div> <div class=\"gem-testimonial-text\" > <p>Absolut annorlunda och utanf\u00f6r det vanliga &#8211; det hj\u00e4lper aktuarier att titta p\u00e5 saker och ting fr\u00e5n en annan vinkel och att kunna l\u00e4sa mellan raderna.<\/p> <\/div> <\/div> <\/div> <\/div> <div id=\"post-30921\" class=\"gem-testimonial-item post-30921 thegem_testimonial type-thegem_testimonial status-publish\"> <div class=\"gem-testimonial-wrapper \"> <div class=\"gem-testimonial-image\"> <\/div> <div class=\"gem-testimonial-content\"> <div class=\"gem-testimonial-name\" >Andr\u00e9 Wong<\/div> <div class=\"gem-testimonial-position\" >Head of actuarial function<\/div> <div class=\"gem-testimonial-text\" > <p>En intressant och rolig f\u00f6rel\u00e4sning om olika s\u00e4tt att kommunicera.<\/p> <\/div> <\/div> <\/div> <\/div> <div id=\"post-31019\" class=\"gem-testimonial-item post-31019 thegem_testimonial type-thegem_testimonial status-publish\"> <div class=\"gem-testimonial-wrapper \"> <div class=\"gem-testimonial-image\"> <\/div> <div class=\"gem-testimonial-content\"> <div class=\"gem-testimonial-name\" >Jos\u00e9 Blanco<\/div> <div class=\"gem-testimonial-company\" >Chubb Limited<\/div> <div class=\"gem-testimonial-position\" >Chief Actuary & Finance Manager Switzerland<\/div> <div class=\"gem-testimonial-text\" > <p>Caroline f\u00f6rst\u00e5r kommunikationsutmaningarna av en aktuarie. Hon har ett uppfriskande s\u00e4tt att bem\u00f6ta dem och medf\u00f6ra intressanta id\u00e9er.<\/p> <\/div> <\/div> <\/div> <\/div> <div class=\"testimonials_svg\"><svg style=\"fill: \" width=\"100\" height=\"50\"><path d=\"M 0,-1 Q 45,5 50,50 Q 55,5 100,-1\" \/><\/svg><\/div><\/div>[\/vc_column_inner][\/vc_row_inner]<div class=\"clearboth\"><\/div><style>#thegem-divider-69f213d6107ca {margin-top: 50px !important;}<\/style><div id=\"thegem-divider-69f213d6107ca\" class=\"gem-divider  \" style=\"\" ><\/div>[vc_row_inner css=&#8221;.vc_custom_1533569273456{margin-right: 100px !important;margin-left: 50px !important;}&#8221;][vc_column_inner width=&#8221;1\/4&#8243; css=&#8221;.vc_custom_1533672173397{padding-top: 200px !important;padding-bottom: 200px !important;background-image: url(https:\/\/www.cg-four.com\/wp-content\/uploads\/2018\/08\/3_Gregoire-smaller.jpg?id=30518) !important;background-position: center !important;background-repeat: no-repeat !important;background-size: cover !important;}&#8221;][\/vc_column_inner][vc_column_inner width=&#8221;3\/4&#8243; css=&#8221;.vc_custom_1533569002359{margin-left: 50px !important;}&#8221;][vc_column_text]<\/p>\n<div class=\"title-h2\" style=\"text-align: left;\">Aktuariell och riskkommunikation:<br \/>\nHur du och dina aff\u00e4rspartner kan f\u00f6rst\u00e5 varandra b\u00e4ttre.<\/div>\n<p>Hur bra vet du hur dina aff\u00e4rspartner bearbetar informationer? Genom praktiska \u00f6vningar l\u00e4r du dig hur du kan ta itu med din n\u00e4sta kommunikationsutmaning f\u00f6r att undvika missf\u00f6rst\u00e5nd, konflikter och felaktiga beslut. Du till\u00e4gnar dig konkreta verktyg f\u00f6r ditt dagliga arbete.<\/p>\n<p>Min presentationen som jag h\u00f6ll under International Congress of Actuaries kan du se med din VICA-kod <a href=\"https:\/\/www.actuarial-center.org\/actuarial-and-risk-communication-an-introduction-on-how-to-better-interact-with-your-business-partners_25e82e7d4.html\" target=\"_blank\" rel=\"noopener noreferrer\">h\u00e4r<\/a>. Du hittar ocks\u00e5 en extrakt p\u00e5 YouTube n\u00e4r du klickar <a href=\"https:\/\/youtu.be\/8aSyLRyR_RI\" target=\"_blank\" rel=\"noopener noreferrer\">p\u00e5 l\u00e4nken h\u00e4r<\/a>.<\/p>\n<p>M\u00f6jligvis \u00e4r du nyfiken att veta mer om <a href=\"https:\/\/www.cg-four.com\/sv\/aktuarier-pa-scenen\" target=\"_blank\" rel=\"noopener noreferrer\">&#8221;Aktuarier p\u00e5 scenen&#8221;<\/a> som \u00e4r en kurs f\u00f6r att f\u00e5 b\u00e4st kontakt med dina \u00e5h\u00f6rare.[\/vc_column_text][vc_single_image image=&#8221;28732&#8243; img_size=&#8221;full&#8221; alignment=&#8221;center&#8221;][\/vc_column_inner][\/vc_row_inner]<div class=\"clearboth\"><\/div><style>#thegem-divider-69f213d6107f9 {margin-top: 50px !important;}<\/style><div id=\"thegem-divider-69f213d6107f9\" class=\"gem-divider  \" style=\"\" ><\/div>[vc_row_inner css=&#8221;.vc_custom_1533569273456{margin-right: 100px !important;margin-left: 50px !important;}&#8221;][vc_column_inner width=&#8221;1\/4&#8243; css=&#8221;.vc_custom_1533672992281{padding-top: 200px !important;padding-bottom: 200px !important;background-image: url(https:\/\/www.cg-four.com\/wp-content\/uploads\/2018\/08\/20180126_PKN_Caroline_Gregoire_last-page.jpg?id=30573) !important;background-position: center !important;background-repeat: no-repeat !important;background-size: cover !important;}&#8221;][\/vc_column_inner][vc_column_inner width=&#8221;3\/4&#8243; css=&#8221;.vc_custom_1533569002359{margin-left: 50px !important;}&#8221;][vc_column_text]<\/p>\n<div class=\"title-h2\" style=\"text-align: left;\">Kommunikation: en inte s\u00e5 trivial konst<\/div>\n<p>Har du m\u00e4rkt n\u00e5gon g\u00e5ng att hur du uttrycker dig skiljer sig fr\u00e5n hur din kollega eller din granne g\u00f6r det? G\u00f6r du det r\u00e4tt och den andra fel? Kommunikationen \u00e4r en konst som du kan \u00f6va och bli b\u00e4ttre p\u00e5 f\u00f6r mer f\u00f6rst\u00e5else, \u00f6ppenhet och samarbete!<\/p>\n<p>Jag bjuder dig att se min presentation p\u00e5 den officiella Pecha Kucha* websida <a href=\"https:\/\/www.pechakucha.org\/presentations\/kommunikation-eine-nicht-so-banale-kunst\" target=\"_blank\" rel=\"noopener noreferrer\">h\u00e4r<\/a>. Du kommer att se bilderna och h\u00f6ra min r\u00f6st (p\u00e5 tyska).<\/p>\n<p>* PechaKucha \u00e4r en presentationsformat som visar 20 bilder (var 20 sekunder) medan talaren pratar (totalt: 6 min. and 40 sec.).[\/vc_column_text][vc_single_image image=&#8221;28732&#8243; img_size=&#8221;full&#8221; alignment=&#8221;center&#8221; css=&#8221;.vc_custom_1533676131583{margin-top: 80px !important;border-bottom-width: 50px !important;}&#8221;][\/vc_column_inner][\/vc_row_inner]<div class=\"clearboth\"><\/div><style>#thegem-divider-69f213d61081e {margin-top: 20px !important;}<\/style><div id=\"thegem-divider-69f213d61081e\" class=\"gem-divider  \" style=\"\" ><\/div>[\/vc_column][\/vc_row][vc_row][vc_column]<div class=\"clearboth\"><\/div><style>#thegem-divider-69f213d610846 {margin-top: 30px !important;}<\/style><div id=\"thegem-divider-69f213d610846\" class=\"gem-divider  \" style=\"\" ><\/div>[vc_column_text css=&#8221;.vc_custom_1579201282254{margin-right: 100px !important;margin-left: 100px !important;}&#8221;]<\/p>\n<h1 style=\"text-align: center;\">Jag n\u00e5r ut till din publik<\/h1>\n<p>[\/vc_column_text]<div class=\"clearboth\"><\/div><style>#thegem-divider-69f213d61086b {margin-top: 30px !important;}<\/style><div id=\"thegem-divider-69f213d61086b\" class=\"gem-divider  \" style=\"\" ><\/div>[vc_column_text css=&#8221;.vc_custom_1534418995286{margin-right: 100px !important;margin-left: 100px !important;}&#8221;]<\/p>\n<p class=\"title-h5 title-h2\" style=\"text-align: left;\">Att kunna n\u00e5 din publik utg\u00f6r en optimal m\u00f6jlighet att dela mina erfarenheter. Du blir inspirerad att uppt\u00e4cka saker och ting fr\u00e5n en ny och annorlunda vinkel, du l\u00e4r dig genom ett aktivt deltagande och du \u00e4r motiverad att anv\u00e4nda dina nya kunskaper i ditt dagliga liv.<\/p>\n<p class=\"title-h5 title-h2\" style=\"text-align: left;\">F\u00f6redragsteman omfattar kommunikation, ledarskap, strategi, f\u00f6retags- och riskkulturen. Kontakta mig <a href=\"https:\/\/www.cg-four.com\/sv\/kontakt\" target=\"_blank\" rel=\"noopener noreferrer\">h\u00e4r<\/a> f\u00f6r din n\u00e4sta konferens!<\/p>\n<p class=\"title-h5 title-h2\" style=\"text-align: left;\">En kort sammanfattning om mig kan du hitta <a href=\"https:\/\/www.cg-four.com\/wp-content\/uploads\/2018\/08\/Short-bio-C-Gregoire-Speaking-Svenska.pdf\" target=\"_blank\" rel=\"noopener noreferrer\">h\u00e4r<\/a>.<\/p>\n<p>[\/vc_column_text][vc_single_image image=&#8221;28737&#8243; img_size=&#8221;full&#8221; alignment=&#8221;center&#8221; css=&#8221;.vc_custom_1533673805228{margin-top: 100px !important;border-bottom-width: 100px !important;}&#8221;][\/vc_column][\/vc_row][vc_row][vc_column]<div class=\"clearboth\"><\/div><style>#thegem-divider-69f213d61088c {margin-top: 50px !important;}<\/style><div id=\"thegem-divider-69f213d61088c\" class=\"gem-divider  \" style=\"\" ><\/div>[\/vc_column][\/vc_row]<\/p>\n<\/div>","protected":false},"excerpt":{"rendered":"<p>[vc_row equal_height=&#8221;yes&#8221; el_class=&#8221;mobile-respons-style&#8221; css=&#8221;.vc_custom_1509881046967{background-position: center !important;background-repeat: no-repeat !important;background-size: contain !important;}&#8221;][vc_column css=&#8221;.vc_custom_1474984170569{background-position: center !important;background-repeat: no-repeat !important;background-size: cover !important;}&#8221;][vc_single_image image=&#8221;28507&#8243; img_size=&#8221;full&#8221;][vc_column_text] Vad andra s\u00e4ger: [\/vc_column_text][\/vc_column][\/vc_row][vc_row][vc_column][vc_row_inner css=&#8221;.vc_custom_1533569095651{margin-right: 50px !important;margin-left: 50px !important;}&#8221;][vc_column_inner css=&#8221;.vc_custom_1533568443559{background-color: #e3f2f1 !important;}&#8221;][\/vc_column_inner][\/vc_row_inner][vc_row_inner css=&#8221;.vc_custom_1533569273456{margin-right: 100px !important;margin-left: 50px !important;}&#8221;][vc_column_inner width=&#8221;1\/4&#8243; css=&#8221;.vc_custom_1533672173397{padding-top: 200px !important;padding-bottom:&#8230;<\/p>\n","protected":false},"author":1,"featured_media":0,"parent":0,"menu_order":0,"comment_status":"closed","ping_status":"closed","template":"","meta":{"_monsterinsights_skip_tracking":false,"_monsterinsights_sitenote_active":false,"_monsterinsights_sitenote_note":"","_monsterinsights_sitenote_category":0,"footnotes":""},"class_list":["post-29101","page","type-page","status-publish"],"yoast_head":"<!-- This site is optimized with the Yoast SEO plugin v27.4 - https:\/\/yoast.com\/product\/yoast-seo-wordpress\/ -->\n<title>Speaking CG4 Coaching: aktuariell och riskkommunikation &amp; mer!<\/title>\n<meta name=\"description\" content=\"Du vill inspirera din publik vid din n\u00e4sta konferens? Med teman som kommunikation, ledarskap, strategi, f\u00f6retags- och riskkultur?\" \/>\n<meta name=\"robots\" content=\"index, follow, max-snippet:-1, max-image-preview:large, max-video-preview:-1\" \/>\n<link rel=\"canonical\" href=\"https:\/\/www.cg-four.com\/sv\/speaking\" \/>\n<meta property=\"og:locale\" content=\"sv_SE\" \/>\n<meta property=\"og:type\" content=\"article\" \/>\n<meta property=\"og:title\" content=\"Speaking CG4 Coaching: aktuariell och riskkommunikation &amp; mer!\" \/>\n<meta property=\"og:description\" content=\"Du vill inspirera din publik vid din n\u00e4sta konferens? Med teman som kommunikation, ledarskap, strategi, f\u00f6retags- och riskkultur?\" \/>\n<meta property=\"og:url\" content=\"https:\/\/www.cg-four.com\/sv\/speaking\" \/>\n<meta property=\"og:site_name\" content=\"Caroline Gregoire Coaching\" \/>\n<meta property=\"article:modified_time\" content=\"2020-01-16T19:01:55+00:00\" \/>\n<meta property=\"og:image\" content=\"https:\/\/www.cg-four.com\/wp-content\/uploads\/2018\/08\/3_Gregoire.jpg\" \/>\n\t<meta property=\"og:image:width\" content=\"4320\" \/>\n\t<meta property=\"og:image:height\" content=\"2880\" \/>\n\t<meta property=\"og:image:type\" content=\"image\/jpeg\" \/>\n<meta name=\"twitter:card\" content=\"summary_large_image\" \/>\n<meta name=\"twitter:label1\" content=\"Ber\u00e4knad l\u00e4stid\" \/>\n\t<meta name=\"twitter:data1\" content=\"3 minuter\" \/>\n<script type=\"application\/ld+json\" class=\"yoast-schema-graph\">{\"@context\":\"https:\\\/\\\/schema.org\",\"@graph\":[{\"@type\":\"WebPage\",\"@id\":\"https:\\\/\\\/www.cg-four.com\\\/sv\\\/speaking\",\"url\":\"https:\\\/\\\/www.cg-four.com\\\/sv\\\/speaking\",\"name\":\"Speaking CG4 Coaching: aktuariell och riskkommunikation & mer!\",\"isPartOf\":{\"@id\":\"https:\\\/\\\/www.cg-four.com\\\/#website\"},\"datePublished\":\"2016-09-26T19:58:56+00:00\",\"dateModified\":\"2020-01-16T19:01:55+00:00\",\"description\":\"Du vill inspirera din publik vid din n\u00e4sta konferens? Med teman som kommunikation, ledarskap, strategi, f\u00f6retags- och riskkultur?\",\"breadcrumb\":{\"@id\":\"https:\\\/\\\/www.cg-four.com\\\/sv\\\/speaking#breadcrumb\"},\"inLanguage\":\"sv-SE\",\"potentialAction\":[{\"@type\":\"ReadAction\",\"target\":[\"https:\\\/\\\/www.cg-four.com\\\/sv\\\/speaking\"]}]},{\"@type\":\"BreadcrumbList\",\"@id\":\"https:\\\/\\\/www.cg-four.com\\\/sv\\\/speaking#breadcrumb\",\"itemListElement\":[{\"@type\":\"ListItem\",\"position\":1,\"name\":\"Startseite\",\"item\":\"https:\\\/\\\/www.cg-four.com\\\/sv\"},{\"@type\":\"ListItem\",\"position\":2,\"name\":\"Speaking_sv\"}]},{\"@type\":\"WebSite\",\"@id\":\"https:\\\/\\\/www.cg-four.com\\\/#website\",\"url\":\"https:\\\/\\\/www.cg-four.com\\\/\",\"name\":\"Caroline Gregoire Coaching\",\"description\":\"International business coach\",\"potentialAction\":[{\"@type\":\"SearchAction\",\"target\":{\"@type\":\"EntryPoint\",\"urlTemplate\":\"https:\\\/\\\/www.cg-four.com\\\/?s={search_term_string}\"},\"query-input\":{\"@type\":\"PropertyValueSpecification\",\"valueRequired\":true,\"valueName\":\"search_term_string\"}}],\"inLanguage\":\"sv-SE\"}]}<\/script>\n<!-- \/ Yoast SEO plugin. -->","yoast_head_json":{"title":"Speaking CG4 Coaching: aktuariell och riskkommunikation & mer!","description":"Du vill inspirera din publik vid din n\u00e4sta konferens? Med teman som kommunikation, ledarskap, strategi, f\u00f6retags- och riskkultur?","robots":{"index":"index","follow":"follow","max-snippet":"max-snippet:-1","max-image-preview":"max-image-preview:large","max-video-preview":"max-video-preview:-1"},"canonical":"https:\/\/www.cg-four.com\/sv\/speaking","og_locale":"sv_SE","og_type":"article","og_title":"Speaking CG4 Coaching: aktuariell och riskkommunikation & mer!","og_description":"Du vill inspirera din publik vid din n\u00e4sta konferens? Med teman som kommunikation, ledarskap, strategi, f\u00f6retags- och riskkultur?","og_url":"https:\/\/www.cg-four.com\/sv\/speaking","og_site_name":"Caroline Gregoire Coaching","article_modified_time":"2020-01-16T19:01:55+00:00","og_image":[{"width":4320,"height":2880,"url":"https:\/\/www.cg-four.com\/wp-content\/uploads\/2018\/08\/3_Gregoire.jpg","type":"image\/jpeg"}],"twitter_card":"summary_large_image","twitter_misc":{"Ber\u00e4knad l\u00e4stid":"3 minuter"},"schema":{"@context":"https:\/\/schema.org","@graph":[{"@type":"WebPage","@id":"https:\/\/www.cg-four.com\/sv\/speaking","url":"https:\/\/www.cg-four.com\/sv\/speaking","name":"Speaking CG4 Coaching: aktuariell och riskkommunikation & mer!","isPartOf":{"@id":"https:\/\/www.cg-four.com\/#website"},"datePublished":"2016-09-26T19:58:56+00:00","dateModified":"2020-01-16T19:01:55+00:00","description":"Du vill inspirera din publik vid din n\u00e4sta konferens? Med teman som kommunikation, ledarskap, strategi, f\u00f6retags- och riskkultur?","breadcrumb":{"@id":"https:\/\/www.cg-four.com\/sv\/speaking#breadcrumb"},"inLanguage":"sv-SE","potentialAction":[{"@type":"ReadAction","target":["https:\/\/www.cg-four.com\/sv\/speaking"]}]},{"@type":"BreadcrumbList","@id":"https:\/\/www.cg-four.com\/sv\/speaking#breadcrumb","itemListElement":[{"@type":"ListItem","position":1,"name":"Startseite","item":"https:\/\/www.cg-four.com\/sv"},{"@type":"ListItem","position":2,"name":"Speaking_sv"}]},{"@type":"WebSite","@id":"https:\/\/www.cg-four.com\/#website","url":"https:\/\/www.cg-four.com\/","name":"Caroline Gregoire Coaching","description":"International business coach","potentialAction":[{"@type":"SearchAction","target":{"@type":"EntryPoint","urlTemplate":"https:\/\/www.cg-four.com\/?s={search_term_string}"},"query-input":{"@type":"PropertyValueSpecification","valueRequired":true,"valueName":"search_term_string"}}],"inLanguage":"sv-SE"}]}},"_links":{"self":[{"href":"https:\/\/www.cg-four.com\/sv\/wp-json\/wp\/v2\/pages\/29101","targetHints":{"allow":["GET"]}}],"collection":[{"href":"https:\/\/www.cg-four.com\/sv\/wp-json\/wp\/v2\/pages"}],"about":[{"href":"https:\/\/www.cg-four.com\/sv\/wp-json\/wp\/v2\/types\/page"}],"author":[{"embeddable":true,"href":"https:\/\/www.cg-four.com\/sv\/wp-json\/wp\/v2\/users\/1"}],"replies":[{"embeddable":true,"href":"https:\/\/www.cg-four.com\/sv\/wp-json\/wp\/v2\/comments?post=29101"}],"version-history":[{"count":5,"href":"https:\/\/www.cg-four.com\/sv\/wp-json\/wp\/v2\/pages\/29101\/revisions"}],"predecessor-version":[{"id":31395,"href":"https:\/\/www.cg-four.com\/sv\/wp-json\/wp\/v2\/pages\/29101\/revisions\/31395"}],"wp:attachment":[{"href":"https:\/\/www.cg-four.com\/sv\/wp-json\/wp\/v2\/media?parent=29101"}],"curies":[{"name":"wp","href":"https:\/\/api.w.org\/{rel}","templated":true}]}}