{"id":29106,"date":"2016-09-27T18:47:10","date_gmt":"2016-09-27T18:47:10","guid":{"rendered":"http:\/\/www.cg-four.com\/sv\/einzelcoaching"},"modified":"2017-08-31T16:05:47","modified_gmt":"2017-08-31T16:05:47","slug":"enskildcoaching","status":"publish","type":"page","link":"https:\/\/www.cg-four.com\/sv\/enskildcoaching","title":{"rendered":"EnskildCoaching"},"content":{"rendered":"<div class=\"wpb-content-wrapper\"><p>[vc_row full_width=&#8221;stretch_row_content&#8221; equal_height=&#8221;yes&#8221; css=&#8221;.vc_custom_1476279932049{margin-right: 40px !important;margin-left: 40px !important;}&#8221;][vc_column css=&#8221;.vc_custom_1476958008266{padding-top: 250px !important;padding-bottom: 250px !important;background-image: url(https:\/\/www.cg-four.com\/wp-content\/uploads\/2016\/09\/cg4_caroline_gregoire_220_einzelcoaching.jpg?id=28513) !important;background-position: center !important;background-repeat: no-repeat !important;background-size: cover !important;}&#8221; offset=&#8221;vc_col-lg-offset-0 vc_col-lg-6 vc_col-md-offset-0 vc_col-md-6 vc_col-sm-offset-0 vc_col-xs-12&#8243;][\/vc_column][vc_column width=&#8221;1\/2&#8243; css=&#8221;.vc_custom_1476118080939{margin-right: 50px !important;margin-left: 50px !important;padding-bottom: 30px !important;}&#8221;][vc_text_separator title=&#8221;Enskild Coaching&#8221; title_align=&#8221;separator_align_left&#8221; align=&#8221;align_left&#8221; color=&#8221;white&#8221;][vc_column_text]<\/p>\n<p style=\"text-align: left;\">Om du som nybliven eller erfaren chef\/executive eller som aff\u00e4rs\u00e4gare:<\/p>\n<p>[\/vc_column_text][vc_column_text]<\/p>\n<ul>\n<li>Du vill arbeta med din position inom din organisation, eller<\/li>\n<li>Du st\u00e5r inf\u00f6r olika utmaningar med ditt team eller med dina aff\u00e4rspartner, eller<\/li>\n<li>Du ska s\u00e4tta upp en aff\u00e4rsstrategi med motsvarande m\u00e5len, eller<\/li>\n<li>Du beh\u00f6ver feedback och r\u00e5dgivning inf\u00f6r en presentation eller ett tal, eller<\/li>\n<li>Du generellt \u00f6nskar f\u00f6rb\u00e4ttra ditt ledarskap eller dina sociala kompetenser, eller<\/li>\n<li>Du vill ha tid f\u00f6r att reflektera \u00f6ver din roll?<\/li>\n<\/ul>\n<p>[\/vc_column_text][vc_single_image image=&#8221;28730&#8243; img_size=&#8221;full&#8221; alignment=&#8221;center&#8221; css=&#8221;.vc_custom_1478098365271{margin-top: 50px !important;border-bottom-width: 50px !important;}&#8221;][\/vc_column][\/vc_row][vc_row equal_height=&#8221;yes&#8221;][vc_column width=&#8221;1\/2&#8243; css=&#8221;.vc_custom_1475848179638{margin-right: 40px !important;margin-left: 40px !important;}&#8221;]<div class=\"clearboth\"><\/div><style>#thegem-divider-69f200e00606a {margin-top: 120px !important;}<\/style><div id=\"thegem-divider-69f200e00606a\" class=\"gem-divider  \" style=\"\" ><\/div>[vc_column_text css=&#8221;.vc_custom_1481559389075{margin-right: 40px !important;margin-left: 40px !important;}&#8221;]<\/p>\n<p style=\"text-align: left;\">S\u00e5 \u00e4r enskild coaching det passande f\u00f6r dig: jag agerar som sparringpartner och st\u00f6djer dig i ditt ledarskap, din strategie och din kommunikation. Jag ger dig verktyg s\u00e5 att du kan \u00f6ka ditt medvetande och f\u00e5 f\u00f6rst\u00e5else f\u00f6r de fr\u00e5gor som du har med dig och jag arbetar tillsammans med dig f\u00f6r att hitta konkreta l\u00f6sningar som hj\u00e4lper dig att n\u00e5 dina m\u00e5l.<\/p>\n<p>[\/vc_column_text][vc_single_image image=&#8221;28730&#8243; img_size=&#8221;full&#8221; alignment=&#8221;center&#8221; css=&#8221;.vc_custom_1478098414195{margin-top: 100px !important;border-bottom-width: 100px !important;}&#8221;][\/vc_column][vc_column css=&#8221;.vc_custom_1476958075488{padding-top: 250px !important;padding-bottom: 250px !important;background-image: url(https:\/\/www.cg-four.com\/wp-content\/uploads\/2016\/09\/cg4_caroline_gregoire_269_einzelcoaching.jpg?id=28514) !important;background-position: center !important;background-repeat: no-repeat !important;background-size: cover !important;}&#8221; offset=&#8221;vc_col-lg-6 vc_col-md-6&#8243;][\/vc_column][\/vc_row][vc_row][vc_column]<div class=\"clearboth\"><\/div><style>#thegem-divider-69f200e0060df {margin-top: 50px !important;}<\/style><div id=\"thegem-divider-69f200e0060df\" class=\"gem-divider  \" style=\"\" ><\/div>[\/vc_column][\/vc_row]<\/p>\n<\/div>","protected":false},"excerpt":{"rendered":"<p>[vc_row full_width=&#8221;stretch_row_content&#8221; equal_height=&#8221;yes&#8221; css=&#8221;.vc_custom_1476279932049{margin-right: 40px !important;margin-left: 40px !important;}&#8221;][vc_column css=&#8221;.vc_custom_1476958008266{padding-top: 250px !important;padding-bottom: 250px !important;background-image: url(https:\/\/www.cg-four.com\/wp-content\/uploads\/2016\/09\/cg4_caroline_gregoire_220_einzelcoaching.jpg?id=28513) !important;background-position: center !important;background-repeat: no-repeat !important;background-size: cover !important;}&#8221; offset=&#8221;vc_col-lg-offset-0 vc_col-lg-6 vc_col-md-offset-0 vc_col-md-6 vc_col-sm-offset-0 vc_col-xs-12&#8243;][\/vc_column][vc_column width=&#8221;1\/2&#8243; css=&#8221;.vc_custom_1476118080939{margin-right: 50px !important;margin-left: 50px !important;padding-bottom: 30px !important;}&#8221;][vc_text_separator title=&#8221;Enskild Coaching&#8221; title_align=&#8221;separator_align_left&#8221; align=&#8221;align_left&#8221; color=&#8221;white&#8221;][vc_column_text]&#8230;<\/p>\n","protected":false},"author":1,"featured_media":0,"parent":0,"menu_order":0,"comment_status":"closed","ping_status":"closed","template":"","meta":{"_monsterinsights_skip_tracking":false,"_monsterinsights_sitenote_active":false,"_monsterinsights_sitenote_note":"","_monsterinsights_sitenote_category":0,"footnotes":""},"class_list":["post-29106","page","type-page","status-publish"],"yoast_head":"<!-- This site is optimized with the Yoast SEO plugin v27.4 - https:\/\/yoast.com\/product\/yoast-seo-wordpress\/ -->\n<title>Aff\u00e4rscoaching p\u00e5 enskild basis f\u00f6r chefer, VD:ar och aff\u00e4rs\u00e4gare<\/title>\n<meta name=\"description\" content=\"Enskild coaching t\u00e4cker teman som ledarskap, kommunikation och strategi, p\u00e5 lokal s\u00e5som p\u00e5 internationell niv\u00e5. Allting ur ett helhetsperspektiv.\" \/>\n<meta name=\"robots\" content=\"index, follow, max-snippet:-1, max-image-preview:large, max-video-preview:-1\" \/>\n<link rel=\"canonical\" href=\"https:\/\/www.cg-four.com\/sv\/enskildcoaching\" \/>\n<meta property=\"og:locale\" content=\"sv_SE\" \/>\n<meta property=\"og:type\" content=\"article\" \/>\n<meta property=\"og:title\" content=\"Aff\u00e4rscoaching p\u00e5 enskild basis f\u00f6r chefer, VD:ar och aff\u00e4rs\u00e4gare\" \/>\n<meta property=\"og:description\" content=\"Enskild coaching t\u00e4cker teman som ledarskap, kommunikation och strategi, p\u00e5 lokal s\u00e5som p\u00e5 internationell niv\u00e5. Allting ur ett helhetsperspektiv.\" \/>\n<meta property=\"og:url\" content=\"https:\/\/www.cg-four.com\/sv\/enskildcoaching\" \/>\n<meta property=\"og:site_name\" content=\"Caroline Gregoire Coaching\" \/>\n<meta property=\"article:modified_time\" content=\"2017-08-31T16:05:47+00:00\" \/>\n<meta name=\"twitter:card\" content=\"summary_large_image\" \/>\n<meta name=\"twitter:label1\" content=\"Ber\u00e4knad l\u00e4stid\" \/>\n\t<meta name=\"twitter:data1\" content=\"2 minuter\" \/>\n<script type=\"application\/ld+json\" class=\"yoast-schema-graph\">{\"@context\":\"https:\\\/\\\/schema.org\",\"@graph\":[{\"@type\":\"WebPage\",\"@id\":\"https:\\\/\\\/www.cg-four.com\\\/sv\\\/enskildcoaching\",\"url\":\"https:\\\/\\\/www.cg-four.com\\\/sv\\\/enskildcoaching\",\"name\":\"Aff\u00e4rscoaching p\u00e5 enskild basis f\u00f6r chefer, VD:ar och aff\u00e4rs\u00e4gare\",\"isPartOf\":{\"@id\":\"https:\\\/\\\/www.cg-four.com\\\/#website\"},\"datePublished\":\"2016-09-27T18:47:10+00:00\",\"dateModified\":\"2017-08-31T16:05:47+00:00\",\"description\":\"Enskild coaching t\u00e4cker teman som ledarskap, kommunikation och strategi, p\u00e5 lokal s\u00e5som p\u00e5 internationell niv\u00e5. Allting ur ett helhetsperspektiv.\",\"breadcrumb\":{\"@id\":\"https:\\\/\\\/www.cg-four.com\\\/sv\\\/enskildcoaching#breadcrumb\"},\"inLanguage\":\"sv-SE\",\"potentialAction\":[{\"@type\":\"ReadAction\",\"target\":[\"https:\\\/\\\/www.cg-four.com\\\/sv\\\/enskildcoaching\"]}]},{\"@type\":\"BreadcrumbList\",\"@id\":\"https:\\\/\\\/www.cg-four.com\\\/sv\\\/enskildcoaching#breadcrumb\",\"itemListElement\":[{\"@type\":\"ListItem\",\"position\":1,\"name\":\"Startseite\",\"item\":\"https:\\\/\\\/www.cg-four.com\\\/sv\"},{\"@type\":\"ListItem\",\"position\":2,\"name\":\"EnskildCoaching\"}]},{\"@type\":\"WebSite\",\"@id\":\"https:\\\/\\\/www.cg-four.com\\\/#website\",\"url\":\"https:\\\/\\\/www.cg-four.com\\\/\",\"name\":\"Caroline Gregoire Coaching\",\"description\":\"International business coach\",\"potentialAction\":[{\"@type\":\"SearchAction\",\"target\":{\"@type\":\"EntryPoint\",\"urlTemplate\":\"https:\\\/\\\/www.cg-four.com\\\/?s={search_term_string}\"},\"query-input\":{\"@type\":\"PropertyValueSpecification\",\"valueRequired\":true,\"valueName\":\"search_term_string\"}}],\"inLanguage\":\"sv-SE\"}]}<\/script>\n<!-- \/ Yoast SEO plugin. -->","yoast_head_json":{"title":"Aff\u00e4rscoaching p\u00e5 enskild basis f\u00f6r chefer, VD:ar och aff\u00e4rs\u00e4gare","description":"Enskild coaching t\u00e4cker teman som ledarskap, kommunikation och strategi, p\u00e5 lokal s\u00e5som p\u00e5 internationell niv\u00e5. Allting ur ett helhetsperspektiv.","robots":{"index":"index","follow":"follow","max-snippet":"max-snippet:-1","max-image-preview":"max-image-preview:large","max-video-preview":"max-video-preview:-1"},"canonical":"https:\/\/www.cg-four.com\/sv\/enskildcoaching","og_locale":"sv_SE","og_type":"article","og_title":"Aff\u00e4rscoaching p\u00e5 enskild basis f\u00f6r chefer, VD:ar och aff\u00e4rs\u00e4gare","og_description":"Enskild coaching t\u00e4cker teman som ledarskap, kommunikation och strategi, p\u00e5 lokal s\u00e5som p\u00e5 internationell niv\u00e5. Allting ur ett helhetsperspektiv.","og_url":"https:\/\/www.cg-four.com\/sv\/enskildcoaching","og_site_name":"Caroline Gregoire Coaching","article_modified_time":"2017-08-31T16:05:47+00:00","twitter_card":"summary_large_image","twitter_misc":{"Ber\u00e4knad l\u00e4stid":"2 minuter"},"schema":{"@context":"https:\/\/schema.org","@graph":[{"@type":"WebPage","@id":"https:\/\/www.cg-four.com\/sv\/enskildcoaching","url":"https:\/\/www.cg-four.com\/sv\/enskildcoaching","name":"Aff\u00e4rscoaching p\u00e5 enskild basis f\u00f6r chefer, VD:ar och aff\u00e4rs\u00e4gare","isPartOf":{"@id":"https:\/\/www.cg-four.com\/#website"},"datePublished":"2016-09-27T18:47:10+00:00","dateModified":"2017-08-31T16:05:47+00:00","description":"Enskild coaching t\u00e4cker teman som ledarskap, kommunikation och strategi, p\u00e5 lokal s\u00e5som p\u00e5 internationell niv\u00e5. Allting ur ett helhetsperspektiv.","breadcrumb":{"@id":"https:\/\/www.cg-four.com\/sv\/enskildcoaching#breadcrumb"},"inLanguage":"sv-SE","potentialAction":[{"@type":"ReadAction","target":["https:\/\/www.cg-four.com\/sv\/enskildcoaching"]}]},{"@type":"BreadcrumbList","@id":"https:\/\/www.cg-four.com\/sv\/enskildcoaching#breadcrumb","itemListElement":[{"@type":"ListItem","position":1,"name":"Startseite","item":"https:\/\/www.cg-four.com\/sv"},{"@type":"ListItem","position":2,"name":"EnskildCoaching"}]},{"@type":"WebSite","@id":"https:\/\/www.cg-four.com\/#website","url":"https:\/\/www.cg-four.com\/","name":"Caroline Gregoire Coaching","description":"International business coach","potentialAction":[{"@type":"SearchAction","target":{"@type":"EntryPoint","urlTemplate":"https:\/\/www.cg-four.com\/?s={search_term_string}"},"query-input":{"@type":"PropertyValueSpecification","valueRequired":true,"valueName":"search_term_string"}}],"inLanguage":"sv-SE"}]}},"_links":{"self":[{"href":"https:\/\/www.cg-four.com\/sv\/wp-json\/wp\/v2\/pages\/29106","targetHints":{"allow":["GET"]}}],"collection":[{"href":"https:\/\/www.cg-four.com\/sv\/wp-json\/wp\/v2\/pages"}],"about":[{"href":"https:\/\/www.cg-four.com\/sv\/wp-json\/wp\/v2\/types\/page"}],"author":[{"embeddable":true,"href":"https:\/\/www.cg-four.com\/sv\/wp-json\/wp\/v2\/users\/1"}],"replies":[{"embeddable":true,"href":"https:\/\/www.cg-four.com\/sv\/wp-json\/wp\/v2\/comments?post=29106"}],"version-history":[{"count":3,"href":"https:\/\/www.cg-four.com\/sv\/wp-json\/wp\/v2\/pages\/29106\/revisions"}],"predecessor-version":[{"id":29109,"href":"https:\/\/www.cg-four.com\/sv\/wp-json\/wp\/v2\/pages\/29106\/revisions\/29109"}],"wp:attachment":[{"href":"https:\/\/www.cg-four.com\/sv\/wp-json\/wp\/v2\/media?parent=29106"}],"curies":[{"name":"wp","href":"https:\/\/api.w.org\/{rel}","templated":true}]}}