{"id":29110,"date":"2016-09-06T07:55:02","date_gmt":"2016-09-06T07:55:02","guid":{"rendered":"http:\/\/www.cg-four.com\/sv\/coaching"},"modified":"2017-08-31T16:05:13","modified_gmt":"2017-08-31T16:05:13","slug":"coaching","status":"publish","type":"page","link":"https:\/\/www.cg-four.com\/sv\/coaching","title":{"rendered":"Coaching_sv"},"content":{"rendered":"<div class=\"wpb-content-wrapper\"><p>[vc_row full_height=&#8221;yes&#8221; equal_height=&#8221;yes&#8221; css=&#8221;.vc_custom_1476970958676{padding-top: 100px !important;padding-bottom: 250px !important;background-image: url(https:\/\/www.cg-four.com\/wp-content\/uploads\/2016\/09\/cg4_caroline_gregoire_86_coaching-1.jpg?id=28530) !important;background-position: center !important;background-repeat: no-repeat !important;background-size: cover !important;}&#8221;][vc_column]<div class=\"clearboth\"><\/div><div id=\"thegem-divider-69f1fd54b155a\" class=\"gem-divider  \" style=\"\" ><\/div>[vc_column_text css=&#8221;.vc_custom_1481576239262{padding-right: 50px !important;}&#8221;]<\/p>\n<div class=\"title-h1 title-h2\" style=\"text-align: right;\">Coaching betyder f\u00f6r mig<\/div>\n<div class=\"title-h1 title-h2\" style=\"text-align: right;\">\u00a0&#8221;hj\u00e4lp till sj\u00e4lvhj\u00e4lp&#8221;<\/div>\n<p>[\/vc_column_text]<div class=\"clearboth\"><\/div><div id=\"thegem-divider-69f1fd54b15d9\" class=\"gem-divider  \" style=\"\" ><\/div>[\/vc_column][\/vc_row][vc_row css=&#8221;.vc_custom_1476110285901{padding-bottom: 100px !important;}&#8221;][vc_column][vc_column_text css=&#8221;.vc_custom_1486932470516{padding-right: 30px !important;padding-left: 30px !important;}&#8221;]<\/p>\n<p class=\"title-h5 title-h2\" style=\"text-align: center;\">Jag st\u00f6ttar dig och hj\u00e4lper dig att utveckla ditt ledarskap, s\u00e5 att du, ditt team och din organisation kan v\u00e4xa och frodas. Tillsammans utvecklar vi strategier f\u00f6r hur du ska agera och t\u00e4nka f\u00f6r att uppn\u00e5 dina m\u00e5l. Som en fotbollscoach eller en konst\u00e5kningstr\u00e4nare finns jag d\u00e4r f\u00f6r att heja p\u00e5 dig men jag kommer inte att spela med i matchen och inte heller kommer jag att s\u00e4tta p\u00e5 dina skidskor. Jag kommer att tillsammans med dig analysera och reflektera \u00f6ver de resultat som du uppn\u00e5tt: vad som var bra och vad som beh\u00f6ver f\u00f6rb\u00e4ttras till n\u00e4sta g\u00e5ng.<\/p>\n<p>[\/vc_column_text][vc_single_image image=&#8221;28731&#8243; img_size=&#8221;250&#215;23&#8243; alignment=&#8221;center&#8221; css=&#8221;.vc_custom_1478099464363{margin-top: 50px !important;}&#8221;][\/vc_column][\/vc_row][vc_row equal_height=&#8221;yes&#8221; css=&#8221;.vc_custom_1476110397584{padding-right: 50px !important;padding-left: 50px !important;}&#8221;][vc_column width=&#8221;1\/2&#8243; css=&#8221;.vc_custom_1475846188113{padding-top: 150px !important;padding-bottom: 150px !important;background-color: #00577d !important;}&#8221;][vc_column_text]<\/p>\n<div class=\"title-h2\" style=\"text-align: center;\"><span style=\"color: #ffffff;\">&#8221;Det \u00e4r 100 procent troligt<\/span><\/div>\n<div class=\"title-h2\" style=\"text-align: center;\"><span style=\"color: #ffffff;\">att du inte tr\u00e4ffar<\/span><\/div>\n<div class=\"title-h2\" style=\"text-align: center;\"><span style=\"color: #ffffff;\">med de skott du inte skjuter.&#8221;<\/span><\/div>\n<div class=\"title-h2\" style=\"text-align: center;\"><span style=\"color: #ffffff;\">&#8211;\u00a0Wayne Gretzky\u00a0&#8211;<\/span><\/div>\n<p>[\/vc_column_text][\/vc_column][vc_column width=&#8221;1\/2&#8243; css=&#8221;.vc_custom_1476110524606{padding-top: 20px !important;padding-left: 50px !important;}&#8221;][vc_column_text]<\/p>\n<div class=\"title-h2\" style=\"text-align: left;\">Mitt Coachingss\u00e4tt<\/div>\n<p>[\/vc_column_text]<div class=\"clearboth\"><\/div><div id=\"thegem-divider-69f1fd54b162b\" class=\"gem-divider  \" style=\"\" ><\/div>[vc_column_text]<\/p>\n<div style=\"text-align: left;\">Tillsammans med\u00a0HBT (Human Balance Training) och N\u00d6HRA FUN-metoder anv\u00e4nder jag m\u00e5linriktade verktyg f\u00f6r att skapa klarhet och medvetande i varje situation och f\u00f6r att hitta praktiska l\u00f6sningar.<\/div>\n<p>[\/vc_column_text]<div class=\"clearboth\"><\/div><div id=\"thegem-divider-69f1fd54b166d\" class=\"gem-divider  \" style=\"\" ><\/div>[vc_column_text]<\/p>\n<div style=\"text-align: left;\">V\u00e5ra coachingspass kann \u00e4ga rum p\u00e5 olika s\u00e4tt:<\/div>\n<p>[\/vc_column_text]<div class=\"clearboth\"><\/div><div id=\"thegem-divider-69f1fd54b16aa\" class=\"gem-divider  \" style=\"\" ><\/div>[vc_column_text]<span style=\"color: #000000; font-family: Carouge Pro Light;\">\u2022<\/span>\u00a0p\u00e5 ditt kontor<\/p>\n<p><span style=\"color: #000000; font-family: Carouge Pro Light;\">\u2022<\/span>\u00a0p\u00e5 mitt kontor<\/p>\n<p><span style=\"color: #000000; font-family: Carouge Pro Light;\">\u2022<\/span>\u00a0via skype<\/p>\n<p><span style=\"color: #000000; font-family: Carouge Pro Light;\">\u2022<\/span>\u00a0via telefon<\/p>\n<p><span style=\"color: #000000; font-family: Carouge Pro Light;\">\u2022<\/span>\u00a0eller en kombination av f\u00f6reslagen ovan[\/vc_column_text]<div class=\"clearboth\"><\/div><style>#thegem-divider-69f1fd54b16e6 {margin-top: 50px !important;}<\/style><div id=\"thegem-divider-69f1fd54b16e6\" class=\"gem-divider  \" style=\"\" ><\/div>[vc_single_image image=&#8221;28732&#8243; img_size=&#8221;250&#215;7&#8243; alignment=&#8221;center&#8221;][\/vc_column][\/vc_row][vc_row css=&#8221;.vc_custom_1476110603587{padding-top: 100px !important;}&#8221;][vc_column][vc_column_text]<\/p>\n<div class=\"title-h1\" style=\"text-align: center;\">V\u00e5rt samarbete baserar p\u00e5:<\/div>\n<p>[\/vc_column_text][\/vc_column][\/vc_row][vc_row gap=&#8221;35&#8243;][vc_column width=&#8221;1\/4&#8243; css=&#8221;.vc_custom_1478096772766{border-top-width: 1px !important;border-right-width: 1px !important;border-bottom-width: 1px !important;border-left-width: 1px !important;border-left-color: #00577d !important;border-left-style: solid !important;border-right-color: #00577d !important;border-right-style: solid !important;border-top-color: #00577d !important;border-top-style: solid !important;border-bottom-color: #00577d !important;border-bottom-style: solid !important;border-radius: 1px !important;}&#8221;][vc_single_image image=&#8221;28860&#8243; img_size=&#8221;120&#215;120&#8243; alignment=&#8221;center&#8221;][vc_column_text]<\/p>\n<div class=\"title-h5\" style=\"text-align: center;\"><span style=\"color: #ff4814;\">F\u00d6RTROENDE<\/span><\/div>\n<p>[\/vc_column_text][vc_column_text]<\/p>\n<p style=\"text-align: center;\"><span style=\"color: #00577d;\">f\u00f6r att ge plats till processen<\/span><\/p>\n<p>[\/vc_column_text][\/vc_column][vc_column width=&#8221;1\/4&#8243; css=&#8221;.vc_custom_1478096779268{border-top-width: 1px !important;border-right-width: 1px !important;border-bottom-width: 1px !important;border-left-width: 1px !important;border-left-color: #00577d !important;border-left-style: solid !important;border-right-color: #00577d !important;border-right-style: solid !important;border-top-color: #00577d !important;border-top-style: solid !important;border-bottom-color: #00577d !important;border-bottom-style: solid !important;border-radius: 1px !important;}&#8221;][vc_single_image image=&#8221;28857&#8243; img_size=&#8221;120&#215;120&#8243; alignment=&#8221;center&#8221;][vc_column_text]<\/p>\n<div class=\"title-h5\" style=\"text-align: center;\"><span style=\"color: #ff4814;\">NYFIKENHET<\/span><\/div>\n<p>[\/vc_column_text][vc_column_text]<\/p>\n<p style=\"text-align: center;\"><span style=\"color: #00577d;\">f\u00f6r att kunna uppt\u00e4cka nya saker<\/span><\/p>\n<p>[\/vc_column_text][\/vc_column][vc_column width=&#8221;1\/4&#8243; css=&#8221;.vc_custom_1478096820544{border-top-width: 1px !important;border-right-width: 1px !important;border-bottom-width: 1px !important;border-left-width: 1px !important;border-left-color: #00577d !important;border-left-style: solid !important;border-right-color: #00577d !important;border-right-style: solid !important;border-top-color: #00577d !important;border-top-style: solid !important;border-bottom-color: #00577d !important;border-bottom-style: solid !important;border-radius: 1px !important;}&#8221;][vc_single_image image=&#8221;28858&#8243; img_size=&#8221;120&#215;120&#8243; alignment=&#8221;center&#8221;][vc_column_text]<\/p>\n<div class=\"title-h5\" style=\"text-align: center;\"><span style=\"color: #ff4814;\">\u00d6PPENHET<\/span><\/div>\n<p>[\/vc_column_text][vc_column_text]<\/p>\n<p style=\"text-align: center;\"><span style=\"color: #00577d;\">f\u00f6r att v\u00e5ga prova nya v\u00e4gar<\/span><\/p>\n<p>[\/vc_column_text][\/vc_column][vc_column width=&#8221;1\/4&#8243; css=&#8221;.vc_custom_1478096839782{border-top-width: 1px !important;border-right-width: 1px !important;border-bottom-width: 1px !important;border-left-width: 1px !important;border-left-color: #00577d !important;border-left-style: solid !important;border-right-color: #00577d !important;border-right-style: solid !important;border-top-color: #00577d !important;border-top-style: solid !important;border-bottom-color: #00577d !important;border-bottom-style: solid !important;border-radius: 1px !important;}&#8221;][vc_single_image image=&#8221;28856&#8243; img_size=&#8221;120&#215;120&#8243; alignment=&#8221;center&#8221;][vc_column_text]<\/p>\n<div class=\"title-h5\" style=\"text-align: center;\"><span style=\"color: #ff4814;\">HUMOR<\/span><\/div>\n<p>[\/vc_column_text][vc_column_text]<\/p>\n<p style=\"text-align: center;\"><span style=\"color: #00577d;\">f\u00f6r att ge l\u00e4tthet till saker och ting<\/span><\/p>\n<p>[\/vc_column_text][\/vc_column][\/vc_row][vc_row][vc_column]<div class=\"clearboth\"><\/div><style>#thegem-divider-69f1fd54b1721 {margin-top: 50px !important;}<\/style><div id=\"thegem-divider-69f1fd54b1721\" class=\"gem-divider  \" style=\"\" ><\/div>[\/vc_column][\/vc_row]<\/p>\n<\/div>","protected":false},"excerpt":{"rendered":"<p>[vc_row full_height=&#8221;yes&#8221; equal_height=&#8221;yes&#8221; css=&#8221;.vc_custom_1476970958676{padding-top: 100px !important;padding-bottom: 250px !important;background-image: url(https:\/\/www.cg-four.com\/wp-content\/uploads\/2016\/09\/cg4_caroline_gregoire_86_coaching-1.jpg?id=28530) !important;background-position: center !important;background-repeat: no-repeat !important;background-size: cover !important;}&#8221;][vc_column][vc_column_text css=&#8221;.vc_custom_1481576239262{padding-right: 50px !important;}&#8221;] Coaching betyder f\u00f6r mig \u00a0&#8221;hj\u00e4lp till sj\u00e4lvhj\u00e4lp&#8221; [\/vc_column_text][\/vc_column][\/vc_row][vc_row css=&#8221;.vc_custom_1476110285901{padding-bottom: 100px !important;}&#8221;][vc_column][vc_column_text css=&#8221;.vc_custom_1486932470516{padding-right: 30px !important;padding-left: 30px !important;}&#8221;] Jag st\u00f6ttar dig och hj\u00e4lper&#8230;<\/p>\n","protected":false},"author":1,"featured_media":0,"parent":0,"menu_order":0,"comment_status":"closed","ping_status":"open","template":"","meta":{"_monsterinsights_skip_tracking":false,"_monsterinsights_sitenote_active":false,"_monsterinsights_sitenote_note":"","_monsterinsights_sitenote_category":0,"footnotes":""},"class_list":["post-29110","page","type-page","status-publish"],"yoast_head":"<!-- This site is optimized with the Yoast SEO plugin v27.4 - https:\/\/yoast.com\/product\/yoast-seo-wordpress\/ -->\n<title>Coachingerbjudande av CG4 Coaching: p\u00e5 enskild och team basis<\/title>\n<meta name=\"description\" content=\"Coachningen st\u00e4llt s\u00e4ker en utveckling och uppfyllningen av dina m\u00e5l. Du ska ta med dig f\u00f6rtroende, nyfikenhet, \u00f6ppenhet och humor!\" \/>\n<meta name=\"robots\" content=\"index, follow, max-snippet:-1, max-image-preview:large, max-video-preview:-1\" \/>\n<link rel=\"canonical\" href=\"https:\/\/www.cg-four.com\/sv\/coaching\" \/>\n<meta property=\"og:locale\" content=\"sv_SE\" \/>\n<meta property=\"og:type\" content=\"article\" \/>\n<meta property=\"og:title\" content=\"Coachingerbjudande av CG4 Coaching: p\u00e5 enskild och team basis\" \/>\n<meta property=\"og:description\" content=\"Coachningen st\u00e4llt s\u00e4ker en utveckling och uppfyllningen av dina m\u00e5l. Du ska ta med dig f\u00f6rtroende, nyfikenhet, \u00f6ppenhet och humor!\" \/>\n<meta property=\"og:url\" content=\"https:\/\/www.cg-four.com\/sv\/coaching\" \/>\n<meta property=\"og:site_name\" content=\"Caroline Gregoire Coaching\" \/>\n<meta property=\"article:modified_time\" content=\"2017-08-31T16:05:13+00:00\" \/>\n<meta name=\"twitter:card\" content=\"summary_large_image\" \/>\n<meta name=\"twitter:label1\" content=\"Ber\u00e4knad l\u00e4stid\" \/>\n\t<meta name=\"twitter:data1\" content=\"4 minuter\" \/>\n<script type=\"application\/ld+json\" class=\"yoast-schema-graph\">{\"@context\":\"https:\\\/\\\/schema.org\",\"@graph\":[{\"@type\":\"WebPage\",\"@id\":\"https:\\\/\\\/www.cg-four.com\\\/sv\\\/coaching\",\"url\":\"https:\\\/\\\/www.cg-four.com\\\/sv\\\/coaching\",\"name\":\"Coachingerbjudande av CG4 Coaching: p\u00e5 enskild och team basis\",\"isPartOf\":{\"@id\":\"https:\\\/\\\/www.cg-four.com\\\/#website\"},\"datePublished\":\"2016-09-06T07:55:02+00:00\",\"dateModified\":\"2017-08-31T16:05:13+00:00\",\"description\":\"Coachningen st\u00e4llt s\u00e4ker en utveckling och uppfyllningen av dina m\u00e5l. Du ska ta med dig f\u00f6rtroende, nyfikenhet, \u00f6ppenhet och humor!\",\"breadcrumb\":{\"@id\":\"https:\\\/\\\/www.cg-four.com\\\/sv\\\/coaching#breadcrumb\"},\"inLanguage\":\"sv-SE\",\"potentialAction\":[{\"@type\":\"ReadAction\",\"target\":[\"https:\\\/\\\/www.cg-four.com\\\/sv\\\/coaching\"]}]},{\"@type\":\"BreadcrumbList\",\"@id\":\"https:\\\/\\\/www.cg-four.com\\\/sv\\\/coaching#breadcrumb\",\"itemListElement\":[{\"@type\":\"ListItem\",\"position\":1,\"name\":\"Startseite\",\"item\":\"https:\\\/\\\/www.cg-four.com\\\/sv\"},{\"@type\":\"ListItem\",\"position\":2,\"name\":\"Coaching_sv\"}]},{\"@type\":\"WebSite\",\"@id\":\"https:\\\/\\\/www.cg-four.com\\\/#website\",\"url\":\"https:\\\/\\\/www.cg-four.com\\\/\",\"name\":\"Caroline Gregoire Coaching\",\"description\":\"International business coach\",\"potentialAction\":[{\"@type\":\"SearchAction\",\"target\":{\"@type\":\"EntryPoint\",\"urlTemplate\":\"https:\\\/\\\/www.cg-four.com\\\/?s={search_term_string}\"},\"query-input\":{\"@type\":\"PropertyValueSpecification\",\"valueRequired\":true,\"valueName\":\"search_term_string\"}}],\"inLanguage\":\"sv-SE\"}]}<\/script>\n<!-- \/ Yoast SEO plugin. -->","yoast_head_json":{"title":"Coachingerbjudande av CG4 Coaching: p\u00e5 enskild och team basis","description":"Coachningen st\u00e4llt s\u00e4ker en utveckling och uppfyllningen av dina m\u00e5l. Du ska ta med dig f\u00f6rtroende, nyfikenhet, \u00f6ppenhet och humor!","robots":{"index":"index","follow":"follow","max-snippet":"max-snippet:-1","max-image-preview":"max-image-preview:large","max-video-preview":"max-video-preview:-1"},"canonical":"https:\/\/www.cg-four.com\/sv\/coaching","og_locale":"sv_SE","og_type":"article","og_title":"Coachingerbjudande av CG4 Coaching: p\u00e5 enskild och team basis","og_description":"Coachningen st\u00e4llt s\u00e4ker en utveckling och uppfyllningen av dina m\u00e5l. Du ska ta med dig f\u00f6rtroende, nyfikenhet, \u00f6ppenhet och humor!","og_url":"https:\/\/www.cg-four.com\/sv\/coaching","og_site_name":"Caroline Gregoire Coaching","article_modified_time":"2017-08-31T16:05:13+00:00","twitter_card":"summary_large_image","twitter_misc":{"Ber\u00e4knad l\u00e4stid":"4 minuter"},"schema":{"@context":"https:\/\/schema.org","@graph":[{"@type":"WebPage","@id":"https:\/\/www.cg-four.com\/sv\/coaching","url":"https:\/\/www.cg-four.com\/sv\/coaching","name":"Coachingerbjudande av CG4 Coaching: p\u00e5 enskild och team basis","isPartOf":{"@id":"https:\/\/www.cg-four.com\/#website"},"datePublished":"2016-09-06T07:55:02+00:00","dateModified":"2017-08-31T16:05:13+00:00","description":"Coachningen st\u00e4llt s\u00e4ker en utveckling och uppfyllningen av dina m\u00e5l. Du ska ta med dig f\u00f6rtroende, nyfikenhet, \u00f6ppenhet och humor!","breadcrumb":{"@id":"https:\/\/www.cg-four.com\/sv\/coaching#breadcrumb"},"inLanguage":"sv-SE","potentialAction":[{"@type":"ReadAction","target":["https:\/\/www.cg-four.com\/sv\/coaching"]}]},{"@type":"BreadcrumbList","@id":"https:\/\/www.cg-four.com\/sv\/coaching#breadcrumb","itemListElement":[{"@type":"ListItem","position":1,"name":"Startseite","item":"https:\/\/www.cg-four.com\/sv"},{"@type":"ListItem","position":2,"name":"Coaching_sv"}]},{"@type":"WebSite","@id":"https:\/\/www.cg-four.com\/#website","url":"https:\/\/www.cg-four.com\/","name":"Caroline Gregoire Coaching","description":"International business coach","potentialAction":[{"@type":"SearchAction","target":{"@type":"EntryPoint","urlTemplate":"https:\/\/www.cg-four.com\/?s={search_term_string}"},"query-input":{"@type":"PropertyValueSpecification","valueRequired":true,"valueName":"search_term_string"}}],"inLanguage":"sv-SE"}]}},"_links":{"self":[{"href":"https:\/\/www.cg-four.com\/sv\/wp-json\/wp\/v2\/pages\/29110","targetHints":{"allow":["GET"]}}],"collection":[{"href":"https:\/\/www.cg-four.com\/sv\/wp-json\/wp\/v2\/pages"}],"about":[{"href":"https:\/\/www.cg-four.com\/sv\/wp-json\/wp\/v2\/types\/page"}],"author":[{"embeddable":true,"href":"https:\/\/www.cg-four.com\/sv\/wp-json\/wp\/v2\/users\/1"}],"replies":[{"embeddable":true,"href":"https:\/\/www.cg-four.com\/sv\/wp-json\/wp\/v2\/comments?post=29110"}],"version-history":[{"count":5,"href":"https:\/\/www.cg-four.com\/sv\/wp-json\/wp\/v2\/pages\/29110\/revisions"}],"predecessor-version":[{"id":29588,"href":"https:\/\/www.cg-four.com\/sv\/wp-json\/wp\/v2\/pages\/29110\/revisions\/29588"}],"wp:attachment":[{"href":"https:\/\/www.cg-four.com\/sv\/wp-json\/wp\/v2\/media?parent=29110"}],"curies":[{"name":"wp","href":"https:\/\/api.w.org\/{rel}","templated":true}]}}