{"id":29113,"date":"2016-09-28T08:36:04","date_gmt":"2016-09-28T08:36:04","guid":{"rendered":"http:\/\/www.cg-four.com\/sv\/teamcoaching"},"modified":"2017-08-31T16:10:58","modified_gmt":"2017-08-31T16:10:58","slug":"teamcoaching","status":"publish","type":"page","link":"https:\/\/www.cg-four.com\/sv\/teamcoaching","title":{"rendered":"Teamcoaching_sv"},"content":{"rendered":"<div class=\"wpb-content-wrapper\"><p>[vc_row full_width=&#8221;stretch_row_content&#8221; equal_height=&#8221;yes&#8221;][vc_column width=&#8221;1\/2&#8243; css=&#8221;.vc_custom_1476966558203{padding-top: 250px !important;padding-bottom: 250px !important;background-image: url(https:\/\/www.cg-four.com\/wp-content\/uploads\/2016\/09\/cg4_caroline_gregoire_300_teamcoaching.jpg?id=28520) !important;background-position: center !important;background-repeat: no-repeat !important;background-size: cover !important;}&#8221;][\/vc_column][vc_column width=&#8221;1\/2&#8243; css=&#8221;.vc_custom_1475848388834{margin-right: 50px !important;margin-left: 50px !important;}&#8221;]<div class=\"clearboth\"><\/div><style>#thegem-divider-69f1fe343ac86 {margin-top: 50px !important;}<\/style><div id=\"thegem-divider-69f1fe343ac86\" class=\"gem-divider  \" style=\"\" ><\/div>[vc_text_separator title=&#8221;Teamcoaching&#8221; title_align=&#8221;separator_align_left&#8221; align=&#8221;align_left&#8221; color=&#8221;white&#8221;][vc_column_text]<\/p>\n<div style=\"text-align: left;\">Jag st\u00f6djer ocks\u00e5 team genom att utvecka samarbetet i gruppen och genom att utveckla strategier, m\u00e5ls\u00e4ttningar, kommunikation, teams\u00e4ttning, presentationer, mm.<\/div>\n<div style=\"text-align: left;\"><\/div>\n<div style=\"text-align: left;\">F\u00f6r teamdagar eller kick-offs erbjuder jag b\u00e5de standardprogram och skr\u00e4ddarsydda l\u00f6sningar.<\/div>\n<p>[\/vc_column_text]<div class=\"clearboth\"><\/div><style>#thegem-divider-69f1fe343ace7 {margin-top: 50px !important;}<\/style><div id=\"thegem-divider-69f1fe343ace7\" class=\"gem-divider  \" style=\"\" ><\/div>[vc_single_image image=&#8221;28741&#8243; img_size=&#8221;full&#8221; alignment=&#8221;center&#8221;][\/vc_column][\/vc_row][vc_row equal_height=&#8221;yes&#8221;][vc_column width=&#8221;1\/2&#8243; css=&#8221;.vc_custom_1475848761034{margin-right: 40px !important;margin-left: 40px !important;}&#8221;]<div class=\"clearboth\"><\/div><style>#thegem-divider-69f1fe343ad1b {margin-top: 30px !important;}<\/style><div id=\"thegem-divider-69f1fe343ad1b\" class=\"gem-divider  \" style=\"\" ><\/div>[vc_text_separator title=&#8221;\u00d6msesidig Team Coaching&#8221; title_align=&#8221;separator_align_left&#8221; align=&#8221;align_left&#8221; color=&#8221;white&#8221;]<div class=\"clearboth\"><\/div><div id=\"thegem-divider-69f1fe343ad4c\" class=\"gem-divider  \" style=\"\" ><\/div>[vc_column_text]<\/p>\n<div style=\"text-align: left;\">Programmet ger dig och ditt team verktyg som kommer att st\u00e4rka det gemensamma arbetet inom teamet. Som resultat kommer du och ditt team att:<\/div>\n<p>[\/vc_column_text]<div class=\"clearboth\"><\/div><div id=\"thegem-divider-69f1fe343ad7c\" class=\"gem-divider  \" style=\"\" ><\/div>[vc_column_text]<\/p>\n<ul>\n<li>uppleva att ni f\u00e5r positiva bidrag till de m\u00e5l som ni satt,<\/li>\n<li>arbeta med gemensamma och h\u00e5llbara l\u00f6sningar p\u00e5 ett mer effektivt s\u00e4tt,<\/li>\n<li>enklare kunna bem\u00e4stra utmaningar,<\/li>\n<li>b\u00e4ttre kunna utnyttja och dra l\u00e4rdom av varandras kunskaper, och<\/li>\n<li>bidra till en b\u00e4ttre st\u00e4mning och \u00f6ppnare kommunikation.<\/li>\n<\/ul>\n<p>[\/vc_column_text]<div class=\"clearboth\"><\/div><div id=\"thegem-divider-69f1fe343ada9\" class=\"gem-divider  \" style=\"\" ><\/div>[vc_single_image image=&#8221;28741&#8243; img_size=&#8221;full&#8221; alignment=&#8221;center&#8221;][\/vc_column][vc_column width=&#8221;1\/2&#8243; css=&#8221;.vc_custom_1476967660045{padding-top: 250px !important;padding-bottom: 250px !important;background-image: url(https:\/\/www.cg-four.com\/wp-content\/uploads\/2016\/09\/cg4_caroline_gregoire_279_teamcoaching.jpg?id=28522) !important;background-position: center !important;background-repeat: no-repeat !important;background-size: cover !important;}&#8221;][\/vc_column][\/vc_row][vc_row][vc_column]<div class=\"clearboth\"><\/div><style>#thegem-divider-69f1fe343add7 {margin-top: 50px !important;}<\/style><div id=\"thegem-divider-69f1fe343add7\" class=\"gem-divider  \" style=\"\" ><\/div>[\/vc_column][\/vc_row]<\/p>\n<\/div>","protected":false},"excerpt":{"rendered":"<p>[vc_row full_width=&#8221;stretch_row_content&#8221; equal_height=&#8221;yes&#8221;][vc_column width=&#8221;1\/2&#8243; css=&#8221;.vc_custom_1476966558203{padding-top: 250px !important;padding-bottom: 250px !important;background-image: url(https:\/\/www.cg-four.com\/wp-content\/uploads\/2016\/09\/cg4_caroline_gregoire_300_teamcoaching.jpg?id=28520) !important;background-position: center !important;background-repeat: no-repeat !important;background-size: cover !important;}&#8221;][\/vc_column][vc_column width=&#8221;1\/2&#8243; css=&#8221;.vc_custom_1475848388834{margin-right: 50px !important;margin-left: 50px !important;}&#8221;][vc_text_separator title=&#8221;Teamcoaching&#8221; title_align=&#8221;separator_align_left&#8221; align=&#8221;align_left&#8221; color=&#8221;white&#8221;][vc_column_text] Jag st\u00f6djer ocks\u00e5 team genom att utvecka samarbetet i gruppen och genom att&#8230;<\/p>\n","protected":false},"author":1,"featured_media":0,"parent":0,"menu_order":0,"comment_status":"closed","ping_status":"closed","template":"","meta":{"_monsterinsights_skip_tracking":false,"_monsterinsights_sitenote_active":false,"_monsterinsights_sitenote_note":"","_monsterinsights_sitenote_category":0,"footnotes":""},"class_list":["post-29113","page","type-page","status-publish"],"yoast_head":"<!-- This site is optimized with the Yoast SEO plugin v27.4 - https:\/\/yoast.com\/product\/yoast-seo-wordpress\/ -->\n<title>Teamcoaching_sv - Caroline Gregoire Coaching<\/title>\n<meta name=\"robots\" content=\"index, follow, max-snippet:-1, max-image-preview:large, max-video-preview:-1\" \/>\n<link rel=\"canonical\" href=\"https:\/\/www.cg-four.com\/sv\/teamcoaching\" \/>\n<meta property=\"og:locale\" content=\"sv_SE\" \/>\n<meta property=\"og:type\" content=\"article\" \/>\n<meta property=\"og:title\" content=\"Teamcoaching_sv - Caroline Gregoire Coaching\" \/>\n<meta property=\"og:description\" content=\"[vc_row full_width=&#8221;stretch_row_content&#8221; equal_height=&#8221;yes&#8221;][vc_column width=&#8221;1\/2&#8243; css=&#8221;.vc_custom_1476966558203{padding-top: 250px !important;padding-bottom: 250px !important;background-image: url(https:\/\/www.cg-four.com\/wp-content\/uploads\/2016\/09\/cg4_caroline_gregoire_300_teamcoaching.jpg?id=28520) !important;background-position: center !important;background-repeat: no-repeat !important;background-size: cover !important;}&#8221;][\/vc_column][vc_column width=&#8221;1\/2&#8243; css=&#8221;.vc_custom_1475848388834{margin-right: 50px !important;margin-left: 50px !important;}&#8221;][vc_text_separator title=&#8221;Teamcoaching&#8221; title_align=&#8221;separator_align_left&#8221; align=&#8221;align_left&#8221; color=&#8221;white&#8221;][vc_column_text] Jag st\u00f6djer ocks\u00e5 team genom att utvecka samarbetet i gruppen och genom att...\" \/>\n<meta property=\"og:url\" content=\"https:\/\/www.cg-four.com\/sv\/teamcoaching\" \/>\n<meta property=\"og:site_name\" content=\"Caroline Gregoire Coaching\" \/>\n<meta property=\"article:modified_time\" content=\"2017-08-31T16:10:58+00:00\" \/>\n<meta name=\"twitter:card\" content=\"summary_large_image\" \/>\n<meta name=\"twitter:label1\" content=\"Ber\u00e4knad l\u00e4stid\" \/>\n\t<meta name=\"twitter:data1\" content=\"2 minuter\" \/>\n<script type=\"application\/ld+json\" class=\"yoast-schema-graph\">{\"@context\":\"https:\\\/\\\/schema.org\",\"@graph\":[{\"@type\":\"WebPage\",\"@id\":\"https:\\\/\\\/www.cg-four.com\\\/sv\\\/teamcoaching\",\"url\":\"https:\\\/\\\/www.cg-four.com\\\/sv\\\/teamcoaching\",\"name\":\"Teamcoaching_sv - Caroline Gregoire Coaching\",\"isPartOf\":{\"@id\":\"https:\\\/\\\/www.cg-four.com\\\/#website\"},\"datePublished\":\"2016-09-28T08:36:04+00:00\",\"dateModified\":\"2017-08-31T16:10:58+00:00\",\"breadcrumb\":{\"@id\":\"https:\\\/\\\/www.cg-four.com\\\/sv\\\/teamcoaching#breadcrumb\"},\"inLanguage\":\"sv-SE\",\"potentialAction\":[{\"@type\":\"ReadAction\",\"target\":[\"https:\\\/\\\/www.cg-four.com\\\/sv\\\/teamcoaching\"]}]},{\"@type\":\"BreadcrumbList\",\"@id\":\"https:\\\/\\\/www.cg-four.com\\\/sv\\\/teamcoaching#breadcrumb\",\"itemListElement\":[{\"@type\":\"ListItem\",\"position\":1,\"name\":\"Startseite\",\"item\":\"https:\\\/\\\/www.cg-four.com\\\/sv\"},{\"@type\":\"ListItem\",\"position\":2,\"name\":\"Teamcoaching_sv\"}]},{\"@type\":\"WebSite\",\"@id\":\"https:\\\/\\\/www.cg-four.com\\\/#website\",\"url\":\"https:\\\/\\\/www.cg-four.com\\\/\",\"name\":\"Caroline Gregoire Coaching\",\"description\":\"International business coach\",\"potentialAction\":[{\"@type\":\"SearchAction\",\"target\":{\"@type\":\"EntryPoint\",\"urlTemplate\":\"https:\\\/\\\/www.cg-four.com\\\/?s={search_term_string}\"},\"query-input\":{\"@type\":\"PropertyValueSpecification\",\"valueRequired\":true,\"valueName\":\"search_term_string\"}}],\"inLanguage\":\"sv-SE\"}]}<\/script>\n<!-- \/ Yoast SEO plugin. -->","yoast_head_json":{"title":"Teamcoaching_sv - Caroline Gregoire Coaching","robots":{"index":"index","follow":"follow","max-snippet":"max-snippet:-1","max-image-preview":"max-image-preview:large","max-video-preview":"max-video-preview:-1"},"canonical":"https:\/\/www.cg-four.com\/sv\/teamcoaching","og_locale":"sv_SE","og_type":"article","og_title":"Teamcoaching_sv - Caroline Gregoire Coaching","og_description":"[vc_row full_width=&#8221;stretch_row_content&#8221; equal_height=&#8221;yes&#8221;][vc_column width=&#8221;1\/2&#8243; css=&#8221;.vc_custom_1476966558203{padding-top: 250px !important;padding-bottom: 250px !important;background-image: url(https:\/\/www.cg-four.com\/wp-content\/uploads\/2016\/09\/cg4_caroline_gregoire_300_teamcoaching.jpg?id=28520) !important;background-position: center !important;background-repeat: no-repeat !important;background-size: cover !important;}&#8221;][\/vc_column][vc_column width=&#8221;1\/2&#8243; css=&#8221;.vc_custom_1475848388834{margin-right: 50px !important;margin-left: 50px !important;}&#8221;][vc_text_separator title=&#8221;Teamcoaching&#8221; title_align=&#8221;separator_align_left&#8221; align=&#8221;align_left&#8221; color=&#8221;white&#8221;][vc_column_text] Jag st\u00f6djer ocks\u00e5 team genom att utvecka samarbetet i gruppen och genom att...","og_url":"https:\/\/www.cg-four.com\/sv\/teamcoaching","og_site_name":"Caroline Gregoire Coaching","article_modified_time":"2017-08-31T16:10:58+00:00","twitter_card":"summary_large_image","twitter_misc":{"Ber\u00e4knad l\u00e4stid":"2 minuter"},"schema":{"@context":"https:\/\/schema.org","@graph":[{"@type":"WebPage","@id":"https:\/\/www.cg-four.com\/sv\/teamcoaching","url":"https:\/\/www.cg-four.com\/sv\/teamcoaching","name":"Teamcoaching_sv - Caroline Gregoire Coaching","isPartOf":{"@id":"https:\/\/www.cg-four.com\/#website"},"datePublished":"2016-09-28T08:36:04+00:00","dateModified":"2017-08-31T16:10:58+00:00","breadcrumb":{"@id":"https:\/\/www.cg-four.com\/sv\/teamcoaching#breadcrumb"},"inLanguage":"sv-SE","potentialAction":[{"@type":"ReadAction","target":["https:\/\/www.cg-four.com\/sv\/teamcoaching"]}]},{"@type":"BreadcrumbList","@id":"https:\/\/www.cg-four.com\/sv\/teamcoaching#breadcrumb","itemListElement":[{"@type":"ListItem","position":1,"name":"Startseite","item":"https:\/\/www.cg-four.com\/sv"},{"@type":"ListItem","position":2,"name":"Teamcoaching_sv"}]},{"@type":"WebSite","@id":"https:\/\/www.cg-four.com\/#website","url":"https:\/\/www.cg-four.com\/","name":"Caroline Gregoire Coaching","description":"International business coach","potentialAction":[{"@type":"SearchAction","target":{"@type":"EntryPoint","urlTemplate":"https:\/\/www.cg-four.com\/?s={search_term_string}"},"query-input":{"@type":"PropertyValueSpecification","valueRequired":true,"valueName":"search_term_string"}}],"inLanguage":"sv-SE"}]}},"_links":{"self":[{"href":"https:\/\/www.cg-four.com\/sv\/wp-json\/wp\/v2\/pages\/29113","targetHints":{"allow":["GET"]}}],"collection":[{"href":"https:\/\/www.cg-four.com\/sv\/wp-json\/wp\/v2\/pages"}],"about":[{"href":"https:\/\/www.cg-four.com\/sv\/wp-json\/wp\/v2\/types\/page"}],"author":[{"embeddable":true,"href":"https:\/\/www.cg-four.com\/sv\/wp-json\/wp\/v2\/users\/1"}],"replies":[{"embeddable":true,"href":"https:\/\/www.cg-four.com\/sv\/wp-json\/wp\/v2\/comments?post=29113"}],"version-history":[{"count":3,"href":"https:\/\/www.cg-four.com\/sv\/wp-json\/wp\/v2\/pages\/29113\/revisions"}],"predecessor-version":[{"id":29192,"href":"https:\/\/www.cg-four.com\/sv\/wp-json\/wp\/v2\/pages\/29113\/revisions\/29192"}],"wp:attachment":[{"href":"https:\/\/www.cg-four.com\/sv\/wp-json\/wp\/v2\/media?parent=29113"}],"curies":[{"name":"wp","href":"https:\/\/api.w.org\/{rel}","templated":true}]}}