{"id":29119,"date":"2016-09-30T14:53:24","date_gmt":"2016-09-30T14:53:24","guid":{"rendered":"http:\/\/www.cg-four.com\/sv\/impressum"},"modified":"2026-01-21T15:16:42","modified_gmt":"2026-01-21T15:16:42","slug":"imprint-personuppgifter","status":"publish","type":"page","link":"https:\/\/www.cg-four.com\/sv\/imprint-personuppgifter","title":{"rendered":"Imprint Personuppgifter"},"content":{"rendered":"<div class=\"wpb-content-wrapper\"><p>[vc_row][vc_column]<div class=\"clearboth\"><\/div><style>#thegem-divider-69f45fea237d5 {margin-top: 30px !important;}<\/style><div id=\"thegem-divider-69f45fea237d5\" class=\"gem-divider  \" style=\"\" ><\/div>[vc_column_text]<\/p>\n<div class=\"title-h2\">Imprint<\/div>\n<p>[\/vc_column_text][\/vc_column][\/vc_row][vc_row][vc_column width=&#8221;1\/2&#8243;]<div class=\"clearboth\"><\/div><style>#thegem-divider-69f45fea2384b {margin-top: 20px !important;}<\/style><div id=\"thegem-divider-69f45fea2384b\" class=\"gem-divider  \" style=\"\" ><\/div>[vc_column_text css=&#8221;&#8221;]<\/p>\n<p class=\"title-h5 title-h2\">Uppgifter om CG<sup>4<\/sup><\/p>\n<p>[\/vc_column_text]<div class=\"clearboth\"><\/div><style>#thegem-divider-69f45fea23888 {margin-top: 20px !important;}<\/style><div id=\"thegem-divider-69f45fea23888\" class=\"gem-divider  \" style=\"\" ><\/div>[vc_column_text css=&#8221;&#8221;]F\u00f6retagsnamn: The Caroline Gr\u00e9goire Company, Lda.<\/p>\n<p>Adress: Quinta dos Salicos 4, 8400-422 Lagoa, Portugal<\/p>\n<p>Mobil: +49 (0) 1522-797 35 48<\/p>\n<p>Email: caroline.gregoire@cg-four.com<\/p>\n<p>Hemsida: www.cg-four.com<\/p>\n<p>Ansvarig f\u00f6r inneh\u00e5llet: Caroline Gr\u00e9goire<\/p>\n<p>Fotografier: <a href=\"http:\/\/www.theshutterbug.de\" target=\"_blank\" rel=\"noopener noreferrer\">The Shutterbug | Marc Huppert<\/a><\/p>\n<p>Koncept\u00a0och Design: <a href=\"http:\/\/www.samwaikiki.de\" target=\"_blank\" rel=\"noopener noreferrer\">sam waikiki<\/a><\/p>\n<div class=\"title-h5\"><\/div>\n<p>[\/vc_column_text][\/vc_column][vc_column width=&#8221;1\/2&#8243;]<div class=\"clearboth\"><\/div><style>#thegem-divider-69f45fea238be {margin-top: 20px !important;}<\/style><div id=\"thegem-divider-69f45fea238be\" class=\"gem-divider  \" style=\"\" ><\/div>[vc_column_text]<\/p>\n<div class=\"title-h5\"><\/div>\n<p>[\/vc_column_text][\/vc_column][\/vc_row][vc_row][vc_column]<div class=\"clearboth\"><\/div><style>#thegem-divider-69f45fea238f3 {margin-top: 20px !important;}<\/style><div id=\"thegem-divider-69f45fea238f3\" class=\"gem-divider  \" style=\"\" ><\/div>[vc_column_text]<\/p>\n<div class=\"title-h2\">Data Privacy Statement<\/div>\n<p>[\/vc_column_text]<div class=\"clearboth\"><\/div><style>#thegem-divider-69f45fea23929 {margin-top: 20px !important;}<\/style><div id=\"thegem-divider-69f45fea23929\" class=\"gem-divider  \" style=\"\" ><\/div>[vc_column_text]<\/p>\n<p class=\"title-h5 title-h2\">1. Scope of application and basic principles<\/p>\n<p>[\/vc_column_text][vc_column_text]<span lang=\"EN\">We attach considerable importance to the protection of your personal data. We would therefore like to inform you about when we save which data and how we use such data.<\/span><\/p>\n<p><span lang=\"EN\">In this regard we would first draw your attention to a number of basic points:<\/span><\/p>\n<ul>\n<li><span lang=\"EN\">These data privacy rules apply to\u00a0the website www.cg-four.com.<\/span><\/li>\n<li><span lang=\"EN\">Insofar as personal data are recorded through this website, we shall process and use such data solely for specific purposes and in accordance with the provisions of the German Federal Data Protection Act (BDSG). Personal data normally consist of specific information about your personal and material circumstances including, for example, your name, your address, your date of birth and your occupation as well as your state of health, your financial standing, your IP address etc. All these particulars are subject to special protection under the BDSG, which we ensure by means of technical and organisational safeguards.<\/span><\/li>\n<li><span lang=\"EN\">Your personal data are stored on specially protected computer systems.<\/span><\/li>\n<li><span lang=\"EN\">Processing and storage are carried out solely in accordance with the purpose for which you have provided us with such data.<\/span><\/li>\n<li><span lang=\"EN\">Our employees are required to comply with the provisions of data privacy law and are bound to secrecy.<\/span><\/li>\n<li><span lang=\"EN\">Service providers who collect, process or use personal data on our behalf are carefully selected and bound by contract with particular regard to the requirements of data privacy.<\/span><\/li>\n<li><span lang=\"EN\">The website www.cg-four.com may link to third-party websites to which these data privacy rules do not apply.<\/span><\/li>\n<\/ul>\n<p>[\/vc_column_text][vc_column_text]<\/p>\n<p class=\"title-h5 title-h2\">2. Collection and processing of your data<\/p>\n<p>[\/vc_column_text][vc_column_text]<span lang=\"EN\">We collect your data in various ways:<\/span><\/p>\n<ul>\n<li><span lang=\"EN\">Access data and server log files<\/span><\/li>\n<\/ul>\n<p><span lang=\"EN\">In order to technically optimise the utilisation of our Internet offerings, we require information about which technical tools are used to access which of our webpages. We save these data temporarily in so-called server log files. The data do not normally include any personal data.<\/span><\/p>\n<ul>\n<li>Direct inquiries using contact forms or via e-mail<\/li>\n<\/ul>\n<p>Inquiries that we receive via the contact\u00a0form or which you send directly to a\u00a0contact\u00a0person\u00a0will be saved (including the contact information that you submitted)\u00a0for the sole purpose of responding to your particular inquiry. Such data\u00a0will not be forwarded without your consent.[\/vc_column_text][vc_column_text]<\/p>\n<p class=\"title-h5 title-h2\">3. Use of cookies<\/p>\n<p>[\/vc_column_text][vc_column_text]<span lang=\"EN\">Cookies are small files that we send through your Web browser to your computer&#8217;s hard drive and which we can read during your current visit to our webpage and upon subsequent visits. Our cookies enable us to make the use of special functionalities available to you.<\/span><\/p>\n<p><span lang=\"EN\">You can prevent cookies being saved by setting your browser software accordingly; we would, however, point out to you that in this case you may not be able to use all functions of this website to the full extent.<\/span>[\/vc_column_text][vc_column_text]<\/p>\n<p class=\"title-h5 title-h2\">4. Disclosure of your data<\/p>\n<p>[\/vc_column_text][vc_column_text]<span lang=\"EN\">We disclose personal data to third parties only on the basis of strict German data privacy regulations. Insofar as data are passed on to service providers and\/or affiliated companies in the context of commissioned data processing, these parties too are bound by the requirements of the Federal Data Protection Act and other statutory requirements and they act solely on our instructions.<\/span>[\/vc_column_text][vc_column_text]<\/p>\n<p class=\"title-h5 title-h2\">5. Data security<\/p>\n<p>[\/vc_column_text][vc_column_text]<span lang=\"EN\">We use technical and organisational safeguards to protect your data under our administration against random or deliberate manipulation, loss or destruction or against access by unauthorised parties. Our security measures are subject to continuous refinement.<\/span><\/p>\n<p><span lang=\"EN\">All data that you transmit using the e-mail form on our website are encrypted to protect them against misuse by third parties.\u00a0We cannot, however, guarantee the security of data transmitted to us over the Internet.<\/span>[\/vc_column_text][vc_column_text]<\/p>\n<p class=\"title-h5 title-h2\">6. Your rights<\/p>\n<p>[\/vc_column_text][vc_column_text]<span lang=\"EN\">Various rights may be available to you under the Federal Data Protection Act (BDSG) with regard to the protection of your rights. These include, in particular:<\/span><\/p>\n<ul>\n<li><span lang=\"EN\">Right to request information pursuant to Section 34 (1) BDSG<\/span><\/li>\n<li><span lang=\"EN\">Right to rectification of your data pursuant to Section 35 (1) BDSG<\/span><\/li>\n<li><span lang=\"EN\">Right to erasure of data pursuant to Section 35 (2) BDSG<\/span><\/li>\n<li><span lang=\"EN\">Right to blocking of data pursuant to Section 35 (3) BDSG<\/span><\/li>\n<li><span lang=\"EN\">Right of objection pursuant to Section 35 (5) BDSG<\/span><\/li>\n<li><span lang=\"EN\">Right of revocation pursuant to Section 13 (3)\u00a0TMG and Section 28 (3a) BDSG<\/span><\/li>\n<\/ul>\n<p>[\/vc_column_text][vc_column_text]<\/p>\n<p class=\"title-h5 title-h2\">7. Responsibility<\/p>\n<p>[\/vc_column_text][vc_column_text]Responsibility for the website and as defined by the BDSG rests with:<\/p>\n<ul>\n<li>Company name: CG<sup>4<\/sup> Coaching<\/li>\n<li>Address: Schiffgraben 39, 30175 Hanover, Germany<\/li>\n<li>Mobile: +49 (0) 1522-797 3548<\/li>\n<li>E-mail: caroline.gregoire@cg-four.com<\/li>\n<li>Responsible for content: Caroline Gr\u00e9goire<\/li>\n<\/ul>\n<p>[\/vc_column_text][vc_column_text]<\/p>\n<p class=\"title-h5 title-h2\">8. Reservation of right of modification<\/p>\n<p>[\/vc_column_text][vc_column_text]We reserve the right to modify these data privacy rules at any time within the limits set by applicable laws.[\/vc_column_text][\/vc_column][\/vc_row][vc_row][vc_column]<div class=\"clearboth\"><\/div><style>#thegem-divider-69f45fea2395d {margin-top: 50px !important;}<\/style><div id=\"thegem-divider-69f45fea2395d\" class=\"gem-divider  \" style=\"\" ><\/div>[\/vc_column][\/vc_row]<\/p>\n<\/div>","protected":false},"excerpt":{"rendered":"<p>[vc_row][vc_column][vc_column_text] Imprint [\/vc_column_text][\/vc_column][\/vc_row][vc_row][vc_column width=&#8221;1\/2&#8243;][vc_column_text css=&#8221;&#8221;] Uppgifter om CG4 [\/vc_column_text][vc_column_text css=&#8221;&#8221;]F\u00f6retagsnamn: The Caroline Gr\u00e9goire Company, Lda. Adress: Quinta dos Salicos 4, 8400-422 Lagoa, Portugal Mobil: +49 (0) 1522-797 35 48 Email: caroline.gregoire@cg-four.com Hemsida: www.cg-four.com Ansvarig f\u00f6r inneh\u00e5llet: Caroline Gr\u00e9goire Fotografier: The&#8230;<\/p>\n","protected":false},"author":1,"featured_media":0,"parent":0,"menu_order":0,"comment_status":"closed","ping_status":"closed","template":"","meta":{"_monsterinsights_skip_tracking":false,"_monsterinsights_sitenote_active":false,"_monsterinsights_sitenote_note":"","_monsterinsights_sitenote_category":0,"footnotes":""},"class_list":["post-29119","page","type-page","status-publish"],"yoast_head":"<!-- This site is optimized with the Yoast SEO plugin v27.5 - https:\/\/yoast.com\/product\/yoast-seo-wordpress\/ -->\n<title>Imprint Personuppgifter - Caroline Gregoire Coaching<\/title>\n<meta name=\"robots\" content=\"index, follow, max-snippet:-1, max-image-preview:large, max-video-preview:-1\" \/>\n<link rel=\"canonical\" href=\"https:\/\/www.cg-four.com\/sv\/imprint-personuppgifter\" \/>\n<meta property=\"og:locale\" content=\"sv_SE\" \/>\n<meta property=\"og:type\" content=\"article\" \/>\n<meta property=\"og:title\" content=\"Imprint Personuppgifter - Caroline Gregoire Coaching\" \/>\n<meta property=\"og:description\" content=\"[vc_row][vc_column][vc_column_text] Imprint [\/vc_column_text][\/vc_column][\/vc_row][vc_row][vc_column width=&#8221;1\/2&#8243;][vc_column_text css=&#8221;&#8221;] Uppgifter om CG4 [\/vc_column_text][vc_column_text css=&#8221;&#8221;]F\u00f6retagsnamn: The Caroline Gr\u00e9goire Company, Lda. Adress: Quinta dos Salicos 4, 8400-422 Lagoa, Portugal Mobil: +49 (0) 1522-797 35 48 Email: caroline.gregoire@cg-four.com Hemsida: www.cg-four.com Ansvarig f\u00f6r inneh\u00e5llet: Caroline Gr\u00e9goire Fotografier: The...\" \/>\n<meta property=\"og:url\" content=\"https:\/\/www.cg-four.com\/sv\/imprint-personuppgifter\" \/>\n<meta property=\"og:site_name\" content=\"Caroline Gregoire Coaching\" \/>\n<meta property=\"article:modified_time\" content=\"2026-01-21T15:16:42+00:00\" \/>\n<meta name=\"twitter:card\" content=\"summary_large_image\" \/>\n<meta name=\"twitter:label1\" content=\"Ber\u00e4knad l\u00e4stid\" \/>\n\t<meta name=\"twitter:data1\" content=\"5 minuter\" \/>\n<script type=\"application\/ld+json\" class=\"yoast-schema-graph\">{\"@context\":\"https:\\\/\\\/schema.org\",\"@graph\":[{\"@type\":\"WebPage\",\"@id\":\"https:\\\/\\\/www.cg-four.com\\\/sv\\\/imprint-personuppgifter\",\"url\":\"https:\\\/\\\/www.cg-four.com\\\/sv\\\/imprint-personuppgifter\",\"name\":\"Imprint Personuppgifter - Caroline Gregoire Coaching\",\"isPartOf\":{\"@id\":\"https:\\\/\\\/www.cg-four.com\\\/#website\"},\"datePublished\":\"2016-09-30T14:53:24+00:00\",\"dateModified\":\"2026-01-21T15:16:42+00:00\",\"breadcrumb\":{\"@id\":\"https:\\\/\\\/www.cg-four.com\\\/sv\\\/imprint-personuppgifter#breadcrumb\"},\"inLanguage\":\"sv-SE\",\"potentialAction\":[{\"@type\":\"ReadAction\",\"target\":[\"https:\\\/\\\/www.cg-four.com\\\/sv\\\/imprint-personuppgifter\"]}]},{\"@type\":\"BreadcrumbList\",\"@id\":\"https:\\\/\\\/www.cg-four.com\\\/sv\\\/imprint-personuppgifter#breadcrumb\",\"itemListElement\":[{\"@type\":\"ListItem\",\"position\":1,\"name\":\"Startseite\",\"item\":\"https:\\\/\\\/www.cg-four.com\\\/sv\"},{\"@type\":\"ListItem\",\"position\":2,\"name\":\"Imprint Personuppgifter\"}]},{\"@type\":\"WebSite\",\"@id\":\"https:\\\/\\\/www.cg-four.com\\\/#website\",\"url\":\"https:\\\/\\\/www.cg-four.com\\\/\",\"name\":\"Caroline Gregoire Coaching\",\"description\":\"International business coach\",\"potentialAction\":[{\"@type\":\"SearchAction\",\"target\":{\"@type\":\"EntryPoint\",\"urlTemplate\":\"https:\\\/\\\/www.cg-four.com\\\/?s={search_term_string}\"},\"query-input\":{\"@type\":\"PropertyValueSpecification\",\"valueRequired\":true,\"valueName\":\"search_term_string\"}}],\"inLanguage\":\"sv-SE\"}]}<\/script>\n<!-- \/ Yoast SEO plugin. -->","yoast_head_json":{"title":"Imprint Personuppgifter - Caroline Gregoire Coaching","robots":{"index":"index","follow":"follow","max-snippet":"max-snippet:-1","max-image-preview":"max-image-preview:large","max-video-preview":"max-video-preview:-1"},"canonical":"https:\/\/www.cg-four.com\/sv\/imprint-personuppgifter","og_locale":"sv_SE","og_type":"article","og_title":"Imprint Personuppgifter - Caroline Gregoire Coaching","og_description":"[vc_row][vc_column][vc_column_text] Imprint [\/vc_column_text][\/vc_column][\/vc_row][vc_row][vc_column width=&#8221;1\/2&#8243;][vc_column_text css=&#8221;&#8221;] Uppgifter om CG4 [\/vc_column_text][vc_column_text css=&#8221;&#8221;]F\u00f6retagsnamn: The Caroline Gr\u00e9goire Company, Lda. Adress: Quinta dos Salicos 4, 8400-422 Lagoa, Portugal Mobil: +49 (0) 1522-797 35 48 Email: caroline.gregoire@cg-four.com Hemsida: www.cg-four.com Ansvarig f\u00f6r inneh\u00e5llet: Caroline Gr\u00e9goire Fotografier: The...","og_url":"https:\/\/www.cg-four.com\/sv\/imprint-personuppgifter","og_site_name":"Caroline Gregoire Coaching","article_modified_time":"2026-01-21T15:16:42+00:00","twitter_card":"summary_large_image","twitter_misc":{"Ber\u00e4knad l\u00e4stid":"5 minuter"},"schema":{"@context":"https:\/\/schema.org","@graph":[{"@type":"WebPage","@id":"https:\/\/www.cg-four.com\/sv\/imprint-personuppgifter","url":"https:\/\/www.cg-four.com\/sv\/imprint-personuppgifter","name":"Imprint Personuppgifter - Caroline Gregoire Coaching","isPartOf":{"@id":"https:\/\/www.cg-four.com\/#website"},"datePublished":"2016-09-30T14:53:24+00:00","dateModified":"2026-01-21T15:16:42+00:00","breadcrumb":{"@id":"https:\/\/www.cg-four.com\/sv\/imprint-personuppgifter#breadcrumb"},"inLanguage":"sv-SE","potentialAction":[{"@type":"ReadAction","target":["https:\/\/www.cg-four.com\/sv\/imprint-personuppgifter"]}]},{"@type":"BreadcrumbList","@id":"https:\/\/www.cg-four.com\/sv\/imprint-personuppgifter#breadcrumb","itemListElement":[{"@type":"ListItem","position":1,"name":"Startseite","item":"https:\/\/www.cg-four.com\/sv"},{"@type":"ListItem","position":2,"name":"Imprint Personuppgifter"}]},{"@type":"WebSite","@id":"https:\/\/www.cg-four.com\/#website","url":"https:\/\/www.cg-four.com\/","name":"Caroline Gregoire Coaching","description":"International business coach","potentialAction":[{"@type":"SearchAction","target":{"@type":"EntryPoint","urlTemplate":"https:\/\/www.cg-four.com\/?s={search_term_string}"},"query-input":{"@type":"PropertyValueSpecification","valueRequired":true,"valueName":"search_term_string"}}],"inLanguage":"sv-SE"}]}},"_links":{"self":[{"href":"https:\/\/www.cg-four.com\/sv\/wp-json\/wp\/v2\/pages\/29119","targetHints":{"allow":["GET"]}}],"collection":[{"href":"https:\/\/www.cg-four.com\/sv\/wp-json\/wp\/v2\/pages"}],"about":[{"href":"https:\/\/www.cg-four.com\/sv\/wp-json\/wp\/v2\/types\/page"}],"author":[{"embeddable":true,"href":"https:\/\/www.cg-four.com\/sv\/wp-json\/wp\/v2\/users\/1"}],"replies":[{"embeddable":true,"href":"https:\/\/www.cg-four.com\/sv\/wp-json\/wp\/v2\/comments?post=29119"}],"version-history":[{"count":5,"href":"https:\/\/www.cg-four.com\/sv\/wp-json\/wp\/v2\/pages\/29119\/revisions"}],"predecessor-version":[{"id":32209,"href":"https:\/\/www.cg-four.com\/sv\/wp-json\/wp\/v2\/pages\/29119\/revisions\/32209"}],"wp:attachment":[{"href":"https:\/\/www.cg-four.com\/sv\/wp-json\/wp\/v2\/media?parent=29119"}],"curies":[{"name":"wp","href":"https:\/\/api.w.org\/{rel}","templated":true}]}}