{"id":29906,"date":"2017-11-04T10:11:51","date_gmt":"2017-11-04T10:11:51","guid":{"rendered":"http:\/\/cg.mattiasstiller.de?page_id=29906"},"modified":"2026-01-21T12:12:58","modified_gmt":"2026-01-21T12:12:58","slug":"kurser","status":"publish","type":"page","link":"https:\/\/www.cg-four.com\/sv\/kurser","title":{"rendered":"Kurser"},"content":{"rendered":"<div class=\"wpb-content-wrapper\"><p>[vc_row full_width=&#8221;stretch_row&#8221; equal_height=&#8221;yes&#8221;][vc_column width=&#8221;1\/4&#8243; css=&#8221;.vc_custom_1768929871146{padding-top: 30px !important;padding-bottom: 30px !important;background-color: #00577D !important;}&#8221;][vc_row_inner css=&#8221;.vc_custom_1478097672625{margin-right: 10px !important;margin-left: 10px !important;background-color: #ffffff !important;}&#8221;][vc_column_inner][vc_single_image image=&#8221;32157&#8243; img_size=&#8221;120&#215;160&#8243; alignment=&#8221;center&#8221; onclick=&#8221;custom_link&#8221; img_link_target=&#8221;_blank&#8221; css=&#8221;&#8221; link=&#8221;https:\/\/carolinegregoire.kartra.com\/page\/confidence&#8221;][vc_column_text css=&#8221;&#8221;]<\/p>\n<div class=\"title-h3 styled-subtitle\" style=\"text-align: center;\"><a href=\"https:\/\/carolinegregoire.kartra.com\/page\/confidence\" target=\"_blank\" rel=\"noopener noreferrer\"><strong><span style=\"color: #ff4814;\"><span style=\"color: #00577d;\">THE CONFIDENCE EDGE<\/span><\/span><\/strong><\/a><\/div>\n<p>[\/vc_column_text]<div class=\"clearboth\"><\/div><style>#thegem-divider-69f1fee2bf531 {margin-top: 30px !important;}<\/style><div id=\"thegem-divider-69f1fee2bf531\" class=\"gem-divider  \" style=\"\" ><\/div>[vc_column_text css=&#8221;&#8221;]<\/p>\n<p style=\"text-align: center;\"><span style=\"color: #00577d;\">Embodied Confidence.<\/span><br \/>\n<span style=\"color: #00577d;\">Once and for all.<\/span><\/p>\n<p>[\/vc_column_text][\/vc_column_inner][\/vc_row_inner][\/vc_column][vc_column width=&#8221;1\/4&#8243; css=&#8221;.vc_custom_1505744740868{padding-top: 30px !important;padding-bottom: 30px !important;background-color: #98d2dd !important;}&#8221;][vc_row_inner css=&#8221;.vc_custom_1478097672625{margin-right: 10px !important;margin-left: 10px !important;background-color: #ffffff !important;}&#8221;][vc_column_inner][vc_single_image image=&#8221;30779&#8243; img_size=&#8221;120&#215;120&#8243; alignment=&#8221;center&#8221; onclick=&#8221;custom_link&#8221; img_link_target=&#8221;_blank&#8221; link=&#8221;https:\/\/www.cg-four.com\/sv\/kommunikation-for-aktuarier&#8221;]<div class=\"clearboth\"><\/div><style>#thegem-divider-69f1fee2bf591 {margin-top: 50px !important;}<\/style><div id=\"thegem-divider-69f1fee2bf591\" class=\"gem-divider  \" style=\"\" ><\/div>[vc_column_text]<\/p>\n<div class=\"title-h3 styled-subtitle\" style=\"text-align: center;\"><a href=\"https:\/\/www.cg-four.com\/sv\/kommunikation-for-aktuarier\" target=\"_blank\" rel=\"noopener noreferrer\"><span style=\"color: #98d2dd;\"><strong>KOMMUNIKATION F\u00d6R AKTUARIER<\/strong><\/span><\/a><\/div>\n<p>[\/vc_column_text]<div class=\"clearboth\"><\/div><style>#thegem-divider-69f1fee2bf5bf {margin-top: 40px !important;}<\/style><div id=\"thegem-divider-69f1fee2bf5bf\" class=\"gem-divider  \" style=\"\" ><\/div>[vc_column_text]<\/p>\n<p style=\"text-align: center;\"><span style=\"color: #98d2dd;\">Hur du f\u00e5r b\u00e4st kontakt med dina\u00a0\u00e5h\u00f6rare.<\/span><\/p>\n<p>[\/vc_column_text][\/vc_column_inner][\/vc_row_inner][\/vc_column][vc_column width=&#8221;1\/4&#8243; css=&#8221;.vc_custom_1505828554322{padding-top: 30px !important;padding-bottom: 30px !important;background-color: #00577d !important;}&#8221;][vc_row_inner css=&#8221;.vc_custom_1505821652566{margin-right: 10px !important;margin-left: 10px !important;background-color: #ffffff !important;}&#8221;][vc_column_inner][vc_single_image image=&#8221;30776&#8243; img_size=&#8221;120&#215;120&#8243; alignment=&#8221;center&#8221; onclick=&#8221;custom_link&#8221; img_link_target=&#8221;_blank&#8221; link=&#8221;https:\/\/www.cg-four.com\/sv\/strack-pa-ditt-ledarskap&#8221;]<div class=\"clearboth\"><\/div><style>#thegem-divider-69f1fee2bf5f5 {margin-top: 50px !important;}<\/style><div id=\"thegem-divider-69f1fee2bf5f5\" class=\"gem-divider  \" style=\"\" ><\/div>[vc_column_text]<\/p>\n<div class=\"title-h3 styled-subtitle\" style=\"text-align: center;\"><a href=\"https:\/\/www.cg-four.com\/sv\/strack-pa-ditt-ledarskap\" target=\"_blank\" rel=\"noopener noreferrer\"><span style=\"color: #00577d;\"><strong>STR\u00c4CK P\u00c5 DITT LEDARSKAP!<\/strong><\/span><\/a><\/div>\n<p>[\/vc_column_text]<div class=\"clearboth\"><\/div><style>#thegem-divider-69f1fee2bf62c {margin-top: 40px !important;}<\/style><div id=\"thegem-divider-69f1fee2bf62c\" class=\"gem-divider  \" style=\"\" ><\/div>[vc_column_text]<\/p>\n<p style=\"text-align: center;\"><span style=\"color: #00577d;\">Inspired Leadership.<\/span><br \/>\n<span style=\"color: #00577d;\">Thriving Business.<\/span><\/p>\n<p>[\/vc_column_text][\/vc_column_inner][\/vc_row_inner][\/vc_column][vc_column width=&#8221;1\/4&#8243; css=&#8221;.vc_custom_1768930030276{padding-top: 30px !important;padding-bottom: 30px !important;background-color: #98D2DD !important;}&#8221;][vc_row_inner css=&#8221;.vc_custom_1505821652566{margin-right: 10px !important;margin-left: 10px !important;background-color: #ffffff !important;}&#8221;][vc_column_inner][vc_single_image image=&#8221;32168&#8243; img_size=&#8221;120&#215;120&#8243; alignment=&#8221;center&#8221; onclick=&#8221;custom_link&#8221; img_link_target=&#8221;_blank&#8221; css=&#8221;&#8221; link=&#8221;https:\/\/carolinegregoire.kartra.com\/page\/WorkshopNextLevelYou&#8221;]<div class=\"clearboth\"><\/div><style>#thegem-divider-69f1fee2bf661 {margin-top: 50px !important;}<\/style><div id=\"thegem-divider-69f1fee2bf661\" class=\"gem-divider  \" style=\"\" ><\/div>[vc_column_text css=&#8221;&#8221;]<\/p>\n<div class=\"title-h3 styled-subtitle\" style=\"text-align: center;\"><a href=\"https:\/\/carolinegregoire.kartra.com\/page\/WorkshopNextLevelYou\" target=\"_blank\" rel=\"noopener noreferrer\"><strong><span style=\"color: #ff4814;\"><span style=\"color: #98d2dd;\">NEW YEAR. NEXT LEVEL YOU.<\/span><\/span><\/strong><\/a><\/div>\n<p>[\/vc_column_text]<div class=\"clearboth\"><\/div><style>#thegem-divider-69f1fee2bf699 {margin-top: 40px !important;}<\/style><div id=\"thegem-divider-69f1fee2bf699\" class=\"gem-divider  \" style=\"\" ><\/div>[vc_column_text css=&#8221;&#8221;]<\/p>\n<p style=\"text-align: center;\"><span style=\"color: #98d2dd;\">Strong. Aligned. Happy.<\/span><\/p>\n<p>[\/vc_column_text]<div class=\"clearboth\"><\/div><style>#thegem-divider-69f1fee2bf6d2 {margin-top: 42px !important;}<\/style><div id=\"thegem-divider-69f1fee2bf6d2\" class=\"gem-divider  \" style=\"\" ><\/div>[\/vc_column_inner][\/vc_row_inner][\/vc_column][\/vc_row][vc_row][vc_column]<div class=\"clearboth\"><\/div><style>#thegem-divider-69f1fee2bf70a {margin-top: 30px !important;}<\/style><div id=\"thegem-divider-69f1fee2bf70a\" class=\"gem-divider  \" style=\"\" ><\/div>[vc_column_text css=&#8221;.vc_custom_1579192209467{margin-right: 100px !important;margin-left: 100px !important;}&#8221;]<\/p>\n<h1 style=\"text-align: center;\">M\u00f6jligheterna till din Utveckling<\/h1>\n<p>[\/vc_column_text]<div class=\"clearboth\"><\/div><style>#thegem-divider-69f1fee2bf742 {margin-top: 30px !important;}<\/style><div id=\"thegem-divider-69f1fee2bf742\" class=\"gem-divider  \" style=\"\" ><\/div>[vc_column_text css=&#8221;.vc_custom_1579192399488{margin-right: 100px !important;margin-left: 100px !important;}&#8221;]<\/p>\n<p class=\"title-h5 title-h2\" style=\"text-align: left;\">Utvecklingen av ditt team betyder ett enormt potential f\u00f6r ditt f\u00f6retag. Om det r\u00f6r sig om expertis, yrkes- eller sociala kompetenser, en kvalificerad, alert och bra samarbetande personalstyrka utg\u00f6r en s\u00e4ker v\u00e4g till framg\u00e5ngen.<\/p>\n<p>&nbsp;<\/p>\n<p class=\"title-h5 title-h2\" style=\"text-align: center;\">Vad skulle du s\u00e4ga om:<\/p>\n<p>&nbsp;<\/p>\n<p class=\"title-h5 title-h2\" style=\"text-align: left;\">\u2022 ett m\u00e5ngfaldigt team som k\u00e4nner sig starkt genom erfarenheten av &#8221;helheten \u00e4r st\u00f6rre \u00e4n summan av delarna&#8221;?<\/p>\n<p class=\"title-h5 title-h2\" style=\"text-align: left;\">\u2022 specialister som kan kommunicera sina resultat p\u00e5 ett tydligt och tillg\u00e4ngligt s\u00e4tt?<\/p>\n<p class=\"title-h5 title-h2\" style=\"text-align: left;\">\u2022 ett ledarskap som inser och motiverar potentialer och som genom detta n\u00e5r sina m\u00e5l?<\/p>\n<p class=\"title-h5 title-h2\" style=\"text-align: left;\">\u2022 korta och uppfriskande impulser om \u00e4mne som ledarskap, kommunikation och strategi i en avsl\u00e4pnad st\u00e4mning?<\/p>\n<p>&nbsp;<\/p>\n<p class=\"title-h5 title-h2\" style=\"text-align: center;\">Ett stort utbud av m\u00f6jligheter v\u00e4ntar p\u00e5 dig.<\/p>\n<p>[\/vc_column_text][vc_single_image image=&#8221;30752&#8243; img_size=&#8221;full&#8221; alignment=&#8221;center&#8221; css=&#8221;.vc_custom_1509538246496{margin-top: 100px !important;border-bottom-width: 100px !important;}&#8221;][\/vc_column][\/vc_row][vc_row][vc_column]<div class=\"clearboth\"><\/div><style>#thegem-divider-69f1fee2bf77a {margin-top: 50px !important;}<\/style><div id=\"thegem-divider-69f1fee2bf77a\" class=\"gem-divider  \" style=\"\" ><\/div>[\/vc_column][\/vc_row]<\/p>\n<\/div>","protected":false},"excerpt":{"rendered":"<p>[vc_row full_width=&#8221;stretch_row&#8221; equal_height=&#8221;yes&#8221;][vc_column width=&#8221;1\/4&#8243; css=&#8221;.vc_custom_1768929871146{padding-top: 30px !important;padding-bottom: 30px !important;background-color: #00577D !important;}&#8221;][vc_row_inner css=&#8221;.vc_custom_1478097672625{margin-right: 10px !important;margin-left: 10px !important;background-color: #ffffff !important;}&#8221;][vc_column_inner][vc_single_image image=&#8221;32157&#8243; img_size=&#8221;120&#215;160&#8243; alignment=&#8221;center&#8221; onclick=&#8221;custom_link&#8221; img_link_target=&#8221;_blank&#8221; css=&#8221;&#8221; link=&#8221;https:\/\/carolinegregoire.kartra.com\/page\/confidence&#8221;][vc_column_text css=&#8221;&#8221;] THE CONFIDENCE EDGE [\/vc_column_text][vc_column_text css=&#8221;&#8221;] Embodied Confidence. Once and for all. [\/vc_column_text][\/vc_column_inner][\/vc_row_inner][\/vc_column][vc_column width=&#8221;1\/4&#8243; css=&#8221;.vc_custom_1505744740868{padding-top:&#8230;<\/p>\n","protected":false},"author":1,"featured_media":0,"parent":0,"menu_order":0,"comment_status":"closed","ping_status":"closed","template":"","meta":{"_monsterinsights_skip_tracking":false,"_monsterinsights_sitenote_active":false,"_monsterinsights_sitenote_note":"","_monsterinsights_sitenote_category":0,"footnotes":""},"class_list":["post-29906","page","type-page","status-publish"],"yoast_head":"<!-- This site is optimized with the Yoast SEO plugin v27.4 - https:\/\/yoast.com\/product\/yoast-seo-wordpress\/ -->\n<title>Kurser - Caroline Gregoire Coaching<\/title>\n<meta name=\"robots\" content=\"index, follow, max-snippet:-1, max-image-preview:large, max-video-preview:-1\" \/>\n<link rel=\"canonical\" href=\"https:\/\/www.cg-four.com\/sv\/kurser\" \/>\n<meta property=\"og:locale\" content=\"sv_SE\" \/>\n<meta property=\"og:type\" content=\"article\" \/>\n<meta property=\"og:title\" content=\"Kurser - Caroline Gregoire Coaching\" \/>\n<meta property=\"og:description\" content=\"[vc_row full_width=&#8221;stretch_row&#8221; equal_height=&#8221;yes&#8221;][vc_column width=&#8221;1\/4&#8243; css=&#8221;.vc_custom_1768929871146{padding-top: 30px !important;padding-bottom: 30px !important;background-color: #00577D !important;}&#8221;][vc_row_inner css=&#8221;.vc_custom_1478097672625{margin-right: 10px !important;margin-left: 10px !important;background-color: #ffffff !important;}&#8221;][vc_column_inner][vc_single_image image=&#8221;32157&#8243; img_size=&#8221;120&#215;160&#8243; alignment=&#8221;center&#8221; onclick=&#8221;custom_link&#8221; img_link_target=&#8221;_blank&#8221; css=&#8221;&#8221; link=&#8221;https:\/\/carolinegregoire.kartra.com\/page\/confidence&#8221;][vc_column_text css=&#8221;&#8221;] THE CONFIDENCE EDGE [\/vc_column_text][vc_column_text css=&#8221;&#8221;] Embodied Confidence. Once and for all. [\/vc_column_text][\/vc_column_inner][\/vc_row_inner][\/vc_column][vc_column width=&#8221;1\/4&#8243; css=&#8221;.vc_custom_1505744740868{padding-top:...\" \/>\n<meta property=\"og:url\" content=\"https:\/\/www.cg-four.com\/sv\/kurser\" \/>\n<meta property=\"og:site_name\" content=\"Caroline Gregoire Coaching\" \/>\n<meta property=\"article:modified_time\" content=\"2026-01-21T12:12:58+00:00\" \/>\n<meta name=\"twitter:card\" content=\"summary_large_image\" \/>\n<meta name=\"twitter:label1\" content=\"Ber\u00e4knad l\u00e4stid\" \/>\n\t<meta name=\"twitter:data1\" content=\"3 minuter\" \/>\n<script type=\"application\/ld+json\" class=\"yoast-schema-graph\">{\"@context\":\"https:\\\/\\\/schema.org\",\"@graph\":[{\"@type\":\"WebPage\",\"@id\":\"https:\\\/\\\/www.cg-four.com\\\/sv\\\/kurser\",\"url\":\"https:\\\/\\\/www.cg-four.com\\\/sv\\\/kurser\",\"name\":\"Kurser - Caroline Gregoire Coaching\",\"isPartOf\":{\"@id\":\"https:\\\/\\\/www.cg-four.com\\\/#website\"},\"datePublished\":\"2017-11-04T10:11:51+00:00\",\"dateModified\":\"2026-01-21T12:12:58+00:00\",\"breadcrumb\":{\"@id\":\"https:\\\/\\\/www.cg-four.com\\\/sv\\\/kurser#breadcrumb\"},\"inLanguage\":\"sv-SE\",\"potentialAction\":[{\"@type\":\"ReadAction\",\"target\":[\"https:\\\/\\\/www.cg-four.com\\\/sv\\\/kurser\"]}]},{\"@type\":\"BreadcrumbList\",\"@id\":\"https:\\\/\\\/www.cg-four.com\\\/sv\\\/kurser#breadcrumb\",\"itemListElement\":[{\"@type\":\"ListItem\",\"position\":1,\"name\":\"Startseite\",\"item\":\"https:\\\/\\\/www.cg-four.com\\\/sv\"},{\"@type\":\"ListItem\",\"position\":2,\"name\":\"Kurser\"}]},{\"@type\":\"WebSite\",\"@id\":\"https:\\\/\\\/www.cg-four.com\\\/#website\",\"url\":\"https:\\\/\\\/www.cg-four.com\\\/\",\"name\":\"Caroline Gregoire Coaching\",\"description\":\"International business coach\",\"potentialAction\":[{\"@type\":\"SearchAction\",\"target\":{\"@type\":\"EntryPoint\",\"urlTemplate\":\"https:\\\/\\\/www.cg-four.com\\\/?s={search_term_string}\"},\"query-input\":{\"@type\":\"PropertyValueSpecification\",\"valueRequired\":true,\"valueName\":\"search_term_string\"}}],\"inLanguage\":\"sv-SE\"}]}<\/script>\n<!-- \/ Yoast SEO plugin. -->","yoast_head_json":{"title":"Kurser - Caroline Gregoire Coaching","robots":{"index":"index","follow":"follow","max-snippet":"max-snippet:-1","max-image-preview":"max-image-preview:large","max-video-preview":"max-video-preview:-1"},"canonical":"https:\/\/www.cg-four.com\/sv\/kurser","og_locale":"sv_SE","og_type":"article","og_title":"Kurser - Caroline Gregoire Coaching","og_description":"[vc_row full_width=&#8221;stretch_row&#8221; equal_height=&#8221;yes&#8221;][vc_column width=&#8221;1\/4&#8243; css=&#8221;.vc_custom_1768929871146{padding-top: 30px !important;padding-bottom: 30px !important;background-color: #00577D !important;}&#8221;][vc_row_inner css=&#8221;.vc_custom_1478097672625{margin-right: 10px !important;margin-left: 10px !important;background-color: #ffffff !important;}&#8221;][vc_column_inner][vc_single_image image=&#8221;32157&#8243; img_size=&#8221;120&#215;160&#8243; alignment=&#8221;center&#8221; onclick=&#8221;custom_link&#8221; img_link_target=&#8221;_blank&#8221; css=&#8221;&#8221; link=&#8221;https:\/\/carolinegregoire.kartra.com\/page\/confidence&#8221;][vc_column_text css=&#8221;&#8221;] THE CONFIDENCE EDGE [\/vc_column_text][vc_column_text css=&#8221;&#8221;] Embodied Confidence. Once and for all. [\/vc_column_text][\/vc_column_inner][\/vc_row_inner][\/vc_column][vc_column width=&#8221;1\/4&#8243; css=&#8221;.vc_custom_1505744740868{padding-top:...","og_url":"https:\/\/www.cg-four.com\/sv\/kurser","og_site_name":"Caroline Gregoire Coaching","article_modified_time":"2026-01-21T12:12:58+00:00","twitter_card":"summary_large_image","twitter_misc":{"Ber\u00e4knad l\u00e4stid":"3 minuter"},"schema":{"@context":"https:\/\/schema.org","@graph":[{"@type":"WebPage","@id":"https:\/\/www.cg-four.com\/sv\/kurser","url":"https:\/\/www.cg-four.com\/sv\/kurser","name":"Kurser - Caroline Gregoire Coaching","isPartOf":{"@id":"https:\/\/www.cg-four.com\/#website"},"datePublished":"2017-11-04T10:11:51+00:00","dateModified":"2026-01-21T12:12:58+00:00","breadcrumb":{"@id":"https:\/\/www.cg-four.com\/sv\/kurser#breadcrumb"},"inLanguage":"sv-SE","potentialAction":[{"@type":"ReadAction","target":["https:\/\/www.cg-four.com\/sv\/kurser"]}]},{"@type":"BreadcrumbList","@id":"https:\/\/www.cg-four.com\/sv\/kurser#breadcrumb","itemListElement":[{"@type":"ListItem","position":1,"name":"Startseite","item":"https:\/\/www.cg-four.com\/sv"},{"@type":"ListItem","position":2,"name":"Kurser"}]},{"@type":"WebSite","@id":"https:\/\/www.cg-four.com\/#website","url":"https:\/\/www.cg-four.com\/","name":"Caroline Gregoire Coaching","description":"International business coach","potentialAction":[{"@type":"SearchAction","target":{"@type":"EntryPoint","urlTemplate":"https:\/\/www.cg-four.com\/?s={search_term_string}"},"query-input":{"@type":"PropertyValueSpecification","valueRequired":true,"valueName":"search_term_string"}}],"inLanguage":"sv-SE"}]}},"_links":{"self":[{"href":"https:\/\/www.cg-four.com\/sv\/wp-json\/wp\/v2\/pages\/29906","targetHints":{"allow":["GET"]}}],"collection":[{"href":"https:\/\/www.cg-four.com\/sv\/wp-json\/wp\/v2\/pages"}],"about":[{"href":"https:\/\/www.cg-four.com\/sv\/wp-json\/wp\/v2\/types\/page"}],"author":[{"embeddable":true,"href":"https:\/\/www.cg-four.com\/sv\/wp-json\/wp\/v2\/users\/1"}],"replies":[{"embeddable":true,"href":"https:\/\/www.cg-four.com\/sv\/wp-json\/wp\/v2\/comments?post=29906"}],"version-history":[{"count":5,"href":"https:\/\/www.cg-four.com\/sv\/wp-json\/wp\/v2\/pages\/29906\/revisions"}],"predecessor-version":[{"id":32205,"href":"https:\/\/www.cg-four.com\/sv\/wp-json\/wp\/v2\/pages\/29906\/revisions\/32205"}],"wp:attachment":[{"href":"https:\/\/www.cg-four.com\/sv\/wp-json\/wp\/v2\/media?parent=29906"}],"curies":[{"name":"wp","href":"https:\/\/api.w.org\/{rel}","templated":true}]}}