{"id":29984,"date":"2017-11-05T15:45:02","date_gmt":"2017-11-05T15:45:02","guid":{"rendered":"http:\/\/cg.mattiasstiller.de?page_id=29984"},"modified":"2017-11-06T07:08:46","modified_gmt":"2017-11-06T07:08:46","slug":"strack-pa-ditt-ledarskap","status":"publish","type":"page","link":"https:\/\/www.cg-four.com\/sv\/strack-pa-ditt-ledarskap","title":{"rendered":"Strack pa ditt ledarskap"},"content":{"rendered":"<div class=\"wpb-content-wrapper\"><p>[vc_row css=&#8221;.vc_custom_1505989659532{padding-bottom: 30px !important;background-color: #00577d !important;}&#8221;][vc_column][vc_row_inner][vc_column_inner width=&#8221;1\/6&#8243;][\/vc_column_inner][vc_column_inner width=&#8221;2\/3&#8243; css=&#8221;.vc_custom_1490040555356{background-color: #ffffff !important;}&#8221;][vc_single_image image=&#8221;28865&#8243; img_size=&#8221;120&#215;120&#8243; alignment=&#8221;center&#8221;][vc_column_text]<\/p>\n<div class=\"title-h3 styled-subtitle\" style=\"text-align: center;\"><span style=\"color: #00577d;\"><strong>STR\u00c4CK P\u00c5 DITT LEDARSKAP!<\/strong><\/span><\/div>\n<div><\/div>\n<div style=\"text-align: center;\"><span style=\"color: #00577d;\">Inspired Leadership. Thriving Business.<\/span><\/div>\n<p>[\/vc_column_text][\/vc_column_inner][vc_column_inner width=&#8221;1\/6&#8243;][\/vc_column_inner][\/vc_row_inner][\/vc_column][\/vc_row][vc_row][vc_column]<div class=\"clearboth\"><\/div><style>#thegem-divider-69f200499f9a7 {margin-top: 20px !important;}<\/style><div id=\"thegem-divider-69f200499f9a7\" class=\"gem-divider  \" style=\"\" ><\/div>[\/vc_column][\/vc_row][vc_row][vc_column width=&#8221;1\/6&#8243;][\/vc_column][vc_column width=&#8221;2\/3&#8243;][vc_column_text]<\/p>\n<div class=\"title-h3\" style=\"text-align: center;\"><span style=\"color: #00557d;\">EN INBJUDAN<\/span><\/div>\n<p>Som f\u00f6rebild arbetar ditt ledarteam enligt v\u00e4rdena av f\u00f6retaget, oavsett om det handlar om en ny chef eller om en &#8221;veteran&#8221;. Det positiva inflytande av engagerade, motiverade och friska chefer p\u00e5 sina medarbetare \u00e4r en n\u00f6dv\u00e4ndig f\u00f6ruts\u00e4ttning f\u00f6r din organisations framg\u00e5ng.<\/p>\n<p>Medan du s\u00e4kert \u00e4r helt \u00f6verens med dessa orden, vet du ocks\u00e5 att det dagliga arbete kan se ut s\u00e5 h\u00e4r: m\u00f6tesmaraton, kr\u00e4vande kunder, fr\u00e5nvarande medarbetare, l\u00e5ngsamma processer, otydliga f\u00f6rdelningar av uppgifter, osv. En verktygsl\u00e5da med \u00a0 \u00a0 \u00a0\u00a0 kombinerad med ett starkt n\u00e4tverk kan ge l\u00f6sningar till m\u00e5nga av dessa situationer.<\/p>\n<p>Hur bra en ledare forts\u00e4tter att blicka p\u00e5 det v\u00e4sentliga, att ta med sitt team och att samtidigt beh\u00e5lla f\u00f6rnunften best\u00e4mmer \u00f6ver framg\u00e5ngsniv\u00e5n. D\u00e4rf\u00f6r siktar &#8221;Str\u00e4ck p\u00e5 ditt ledarskap!&#8221; p\u00e5 att ge fullt st\u00f6d till dessa f\u00f6rebilder.[\/vc_column_text]<div class=\"clearboth\"><\/div><style>#thegem-divider-69f200499fa0d {margin-top: 30px !important;}<\/style><div id=\"thegem-divider-69f200499fa0d\" class=\"gem-divider  \" style=\"\" ><\/div>[vc_column_text]<\/p>\n<div class=\"title-h3\" style=\"text-align: center;\"><span style=\"color: #00557d;\">DINA VINSTER<\/span><\/div>\n<p>Genom praktiska \u00f6vningar kommer du bl. a. att l\u00e4ra dig att:<\/p>\n<ul>\n<li>F\u00e5 klarhet om dina egna m\u00e5l, ditt teams och f\u00f6retags m\u00e5l,<\/li>\n<li>G\u00f6ra en konkret plan f\u00f6r att n\u00e5 dessa m\u00e5l,<\/li>\n<li>Inse och dra nytta av resurser och potentialer som har ditt team,<\/li>\n<li>F\u00f6rb\u00e4ttra dina kommunikationskompetenser,<\/li>\n<li>Bygga ett starkt och tillf\u00f6rlitligt n\u00e4tverk,<\/li>\n<li>Se till att du m\u00e5r bra och g\u00f6ra dem n\u00f6dv\u00e4ndiga anpassningarna om det beh\u00f6vs.<\/li>\n<\/ul>\n<p>[\/vc_column_text]<div class=\"clearboth\"><\/div><style>#thegem-divider-69f200499fa4c {margin-top: 30px !important;}<\/style><div id=\"thegem-divider-69f200499fa4c\" class=\"gem-divider  \" style=\"\" ><\/div>[vc_column_text]<\/p>\n<div class=\"title-h3\" style=\"text-align: center;\"><span style=\"color: #00577d;\">TIDSPLAN &amp; MERA<\/span><\/div>\n<p>F\u00f6r nya\/framtida chefer erbjuder jag en 6-dagars standardkurs. F\u00f6r mer erfarna ledare kan v\u00e4ljas mellan olika 2-dagars moduler f\u00f6r att vidareutveckla kunskaper. Modulerna kan ocks\u00e5 anpassas till aktuella fr\u00e5gor som deltagare har.[\/vc_column_text]<div class=\"clearboth\"><\/div><style>#thegem-divider-69f200499faa1 {margin-top: 30px !important;}<\/style><div id=\"thegem-divider-69f200499faa1\" class=\"gem-divider  \" style=\"\" ><\/div>[vc_column_text]<\/p>\n<div class=\"title-h3\" style=\"text-align: center;\"><span style=\"color: #00577d;\">KONTAKT &amp; OFFERT<\/span><\/div>\n<p>F\u00f6r ett utbyte om vad skulle kunna passa speciellt f\u00f6r ditt ledarteam eller f\u00f6retag, \u00e4r du v\u00e4lkommen att ringa mig eller att kontakta mig via kontaktmallen <a href=\"https:\/\/www.cg-four.com\/sv\/kontakt\" target=\"_blank\" rel=\"noopener\">h\u00e4r<\/a>.[\/vc_column_text]<div class=\"clearboth\"><\/div><style>#thegem-divider-69f200499fad4 {margin-top: 20px !important;}<\/style><div id=\"thegem-divider-69f200499fad4\" class=\"gem-divider  \" style=\"\" ><\/div>[vc_single_image image=&#8221;28737&#8243; img_size=&#8221;full&#8221; alignment=&#8221;center&#8221;][\/vc_column][vc_column width=&#8221;1\/6&#8243;][\/vc_column][\/vc_row][vc_row][vc_column]<div class=\"clearboth\"><\/div><style>#thegem-divider-69f200499fb06 {margin-top: 20px !important;}<\/style><div id=\"thegem-divider-69f200499fb06\" class=\"gem-divider  \" style=\"\" ><\/div>[\/vc_column][\/vc_row]<\/p>\n<\/div>","protected":false},"excerpt":{"rendered":"<p>[vc_row css=&#8221;.vc_custom_1505989659532{padding-bottom: 30px !important;background-color: #00577d !important;}&#8221;][vc_column][vc_row_inner][vc_column_inner width=&#8221;1\/6&#8243;][\/vc_column_inner][vc_column_inner width=&#8221;2\/3&#8243; css=&#8221;.vc_custom_1490040555356{background-color: #ffffff !important;}&#8221;][vc_single_image image=&#8221;28865&#8243; img_size=&#8221;120&#215;120&#8243; alignment=&#8221;center&#8221;][vc_column_text] STR\u00c4CK P\u00c5 DITT LEDARSKAP! Inspired Leadership. Thriving Business. [\/vc_column_text][\/vc_column_inner][vc_column_inner width=&#8221;1\/6&#8243;][\/vc_column_inner][\/vc_row_inner][\/vc_column][\/vc_row][vc_row][vc_column][\/vc_column][\/vc_row][vc_row][vc_column width=&#8221;1\/6&#8243;][\/vc_column][vc_column width=&#8221;2\/3&#8243;][vc_column_text] EN INBJUDAN Som f\u00f6rebild arbetar ditt ledarteam enligt v\u00e4rdena av f\u00f6retaget, oavsett om det&#8230;<\/p>\n","protected":false},"author":1,"featured_media":0,"parent":0,"menu_order":0,"comment_status":"closed","ping_status":"closed","template":"","meta":{"_monsterinsights_skip_tracking":false,"_monsterinsights_sitenote_active":false,"_monsterinsights_sitenote_note":"","_monsterinsights_sitenote_category":0,"footnotes":""},"class_list":["post-29984","page","type-page","status-publish"],"yoast_head":"<!-- This site is optimized with the Yoast SEO plugin v27.4 - https:\/\/yoast.com\/product\/yoast-seo-wordpress\/ -->\n<title>Strack pa ditt ledarskap - Caroline Gregoire Coaching<\/title>\n<meta name=\"robots\" content=\"index, follow, max-snippet:-1, max-image-preview:large, max-video-preview:-1\" \/>\n<link rel=\"canonical\" href=\"https:\/\/www.cg-four.com\/sv\/strack-pa-ditt-ledarskap\" \/>\n<meta property=\"og:locale\" content=\"sv_SE\" \/>\n<meta property=\"og:type\" content=\"article\" \/>\n<meta property=\"og:title\" content=\"Strack pa ditt ledarskap - Caroline Gregoire Coaching\" \/>\n<meta property=\"og:description\" content=\"[vc_row css=&#8221;.vc_custom_1505989659532{padding-bottom: 30px !important;background-color: #00577d !important;}&#8221;][vc_column][vc_row_inner][vc_column_inner width=&#8221;1\/6&#8243;][\/vc_column_inner][vc_column_inner width=&#8221;2\/3&#8243; css=&#8221;.vc_custom_1490040555356{background-color: #ffffff !important;}&#8221;][vc_single_image image=&#8221;28865&#8243; img_size=&#8221;120&#215;120&#8243; alignment=&#8221;center&#8221;][vc_column_text] STR\u00c4CK P\u00c5 DITT LEDARSKAP! Inspired Leadership. Thriving Business. [\/vc_column_text][\/vc_column_inner][vc_column_inner width=&#8221;1\/6&#8243;][\/vc_column_inner][\/vc_row_inner][\/vc_column][\/vc_row][vc_row][vc_column][\/vc_column][\/vc_row][vc_row][vc_column width=&#8221;1\/6&#8243;][\/vc_column][vc_column width=&#8221;2\/3&#8243;][vc_column_text] EN INBJUDAN Som f\u00f6rebild arbetar ditt ledarteam enligt v\u00e4rdena av f\u00f6retaget, oavsett om det...\" \/>\n<meta property=\"og:url\" content=\"https:\/\/www.cg-four.com\/sv\/strack-pa-ditt-ledarskap\" \/>\n<meta property=\"og:site_name\" content=\"Caroline Gregoire Coaching\" \/>\n<meta property=\"article:modified_time\" content=\"2017-11-06T07:08:46+00:00\" \/>\n<meta name=\"twitter:card\" content=\"summary_large_image\" \/>\n<meta name=\"twitter:label1\" content=\"Ber\u00e4knad l\u00e4stid\" \/>\n\t<meta name=\"twitter:data1\" content=\"2 minuter\" \/>\n<script type=\"application\/ld+json\" class=\"yoast-schema-graph\">{\"@context\":\"https:\\\/\\\/schema.org\",\"@graph\":[{\"@type\":\"WebPage\",\"@id\":\"https:\\\/\\\/www.cg-four.com\\\/sv\\\/strack-pa-ditt-ledarskap\",\"url\":\"https:\\\/\\\/www.cg-four.com\\\/sv\\\/strack-pa-ditt-ledarskap\",\"name\":\"Strack pa ditt ledarskap - Caroline Gregoire Coaching\",\"isPartOf\":{\"@id\":\"https:\\\/\\\/www.cg-four.com\\\/#website\"},\"datePublished\":\"2017-11-05T15:45:02+00:00\",\"dateModified\":\"2017-11-06T07:08:46+00:00\",\"breadcrumb\":{\"@id\":\"https:\\\/\\\/www.cg-four.com\\\/sv\\\/strack-pa-ditt-ledarskap#breadcrumb\"},\"inLanguage\":\"sv-SE\",\"potentialAction\":[{\"@type\":\"ReadAction\",\"target\":[\"https:\\\/\\\/www.cg-four.com\\\/sv\\\/strack-pa-ditt-ledarskap\"]}]},{\"@type\":\"BreadcrumbList\",\"@id\":\"https:\\\/\\\/www.cg-four.com\\\/sv\\\/strack-pa-ditt-ledarskap#breadcrumb\",\"itemListElement\":[{\"@type\":\"ListItem\",\"position\":1,\"name\":\"Startseite\",\"item\":\"https:\\\/\\\/www.cg-four.com\\\/sv\"},{\"@type\":\"ListItem\",\"position\":2,\"name\":\"Strack pa ditt ledarskap\"}]},{\"@type\":\"WebSite\",\"@id\":\"https:\\\/\\\/www.cg-four.com\\\/#website\",\"url\":\"https:\\\/\\\/www.cg-four.com\\\/\",\"name\":\"Caroline Gregoire Coaching\",\"description\":\"International business coach\",\"potentialAction\":[{\"@type\":\"SearchAction\",\"target\":{\"@type\":\"EntryPoint\",\"urlTemplate\":\"https:\\\/\\\/www.cg-four.com\\\/?s={search_term_string}\"},\"query-input\":{\"@type\":\"PropertyValueSpecification\",\"valueRequired\":true,\"valueName\":\"search_term_string\"}}],\"inLanguage\":\"sv-SE\"}]}<\/script>\n<!-- \/ Yoast SEO plugin. -->","yoast_head_json":{"title":"Strack pa ditt ledarskap - Caroline Gregoire Coaching","robots":{"index":"index","follow":"follow","max-snippet":"max-snippet:-1","max-image-preview":"max-image-preview:large","max-video-preview":"max-video-preview:-1"},"canonical":"https:\/\/www.cg-four.com\/sv\/strack-pa-ditt-ledarskap","og_locale":"sv_SE","og_type":"article","og_title":"Strack pa ditt ledarskap - Caroline Gregoire Coaching","og_description":"[vc_row css=&#8221;.vc_custom_1505989659532{padding-bottom: 30px !important;background-color: #00577d !important;}&#8221;][vc_column][vc_row_inner][vc_column_inner width=&#8221;1\/6&#8243;][\/vc_column_inner][vc_column_inner width=&#8221;2\/3&#8243; css=&#8221;.vc_custom_1490040555356{background-color: #ffffff !important;}&#8221;][vc_single_image image=&#8221;28865&#8243; img_size=&#8221;120&#215;120&#8243; alignment=&#8221;center&#8221;][vc_column_text] STR\u00c4CK P\u00c5 DITT LEDARSKAP! Inspired Leadership. Thriving Business. [\/vc_column_text][\/vc_column_inner][vc_column_inner width=&#8221;1\/6&#8243;][\/vc_column_inner][\/vc_row_inner][\/vc_column][\/vc_row][vc_row][vc_column][\/vc_column][\/vc_row][vc_row][vc_column width=&#8221;1\/6&#8243;][\/vc_column][vc_column width=&#8221;2\/3&#8243;][vc_column_text] EN INBJUDAN Som f\u00f6rebild arbetar ditt ledarteam enligt v\u00e4rdena av f\u00f6retaget, oavsett om det...","og_url":"https:\/\/www.cg-four.com\/sv\/strack-pa-ditt-ledarskap","og_site_name":"Caroline Gregoire Coaching","article_modified_time":"2017-11-06T07:08:46+00:00","twitter_card":"summary_large_image","twitter_misc":{"Ber\u00e4knad l\u00e4stid":"2 minuter"},"schema":{"@context":"https:\/\/schema.org","@graph":[{"@type":"WebPage","@id":"https:\/\/www.cg-four.com\/sv\/strack-pa-ditt-ledarskap","url":"https:\/\/www.cg-four.com\/sv\/strack-pa-ditt-ledarskap","name":"Strack pa ditt ledarskap - Caroline Gregoire Coaching","isPartOf":{"@id":"https:\/\/www.cg-four.com\/#website"},"datePublished":"2017-11-05T15:45:02+00:00","dateModified":"2017-11-06T07:08:46+00:00","breadcrumb":{"@id":"https:\/\/www.cg-four.com\/sv\/strack-pa-ditt-ledarskap#breadcrumb"},"inLanguage":"sv-SE","potentialAction":[{"@type":"ReadAction","target":["https:\/\/www.cg-four.com\/sv\/strack-pa-ditt-ledarskap"]}]},{"@type":"BreadcrumbList","@id":"https:\/\/www.cg-four.com\/sv\/strack-pa-ditt-ledarskap#breadcrumb","itemListElement":[{"@type":"ListItem","position":1,"name":"Startseite","item":"https:\/\/www.cg-four.com\/sv"},{"@type":"ListItem","position":2,"name":"Strack pa ditt ledarskap"}]},{"@type":"WebSite","@id":"https:\/\/www.cg-four.com\/#website","url":"https:\/\/www.cg-four.com\/","name":"Caroline Gregoire Coaching","description":"International business coach","potentialAction":[{"@type":"SearchAction","target":{"@type":"EntryPoint","urlTemplate":"https:\/\/www.cg-four.com\/?s={search_term_string}"},"query-input":{"@type":"PropertyValueSpecification","valueRequired":true,"valueName":"search_term_string"}}],"inLanguage":"sv-SE"}]}},"_links":{"self":[{"href":"https:\/\/www.cg-four.com\/sv\/wp-json\/wp\/v2\/pages\/29984","targetHints":{"allow":["GET"]}}],"collection":[{"href":"https:\/\/www.cg-four.com\/sv\/wp-json\/wp\/v2\/pages"}],"about":[{"href":"https:\/\/www.cg-four.com\/sv\/wp-json\/wp\/v2\/types\/page"}],"author":[{"embeddable":true,"href":"https:\/\/www.cg-four.com\/sv\/wp-json\/wp\/v2\/users\/1"}],"replies":[{"embeddable":true,"href":"https:\/\/www.cg-four.com\/sv\/wp-json\/wp\/v2\/comments?post=29984"}],"version-history":[{"count":5,"href":"https:\/\/www.cg-four.com\/sv\/wp-json\/wp\/v2\/pages\/29984\/revisions"}],"predecessor-version":[{"id":30021,"href":"https:\/\/www.cg-four.com\/sv\/wp-json\/wp\/v2\/pages\/29984\/revisions\/30021"}],"wp:attachment":[{"href":"https:\/\/www.cg-four.com\/sv\/wp-json\/wp\/v2\/media?parent=29984"}],"curies":[{"name":"wp","href":"https:\/\/api.w.org\/{rel}","templated":true}]}}