{"id":29996,"date":"2017-11-05T16:02:47","date_gmt":"2017-11-05T16:02:47","guid":{"rendered":"http:\/\/cg.mattiasstiller.de?page_id=29996"},"modified":"2017-11-05T16:02:47","modified_gmt":"2017-11-05T16:02:47","slug":"wow-kursen","status":"publish","type":"page","link":"https:\/\/www.cg-four.com\/sv\/wow-kursen","title":{"rendered":"WOW-kursen"},"content":{"rendered":"<div class=\"wpb-content-wrapper\"><p>[vc_row css=&#8221;.vc_custom_1505988201219{padding-bottom: 30px !important;background-color: #ff4814 !important;}&#8221;][vc_column][vc_row_inner][vc_column_inner width=&#8221;1\/6&#8243;][\/vc_column_inner][vc_column_inner width=&#8221;2\/3&#8243; css=&#8221;.vc_custom_1490040555356{background-color: #ffffff !important;}&#8221;][vc_single_image image=&#8221;28879&#8243; img_size=&#8221;120&#215;120&#8243; alignment=&#8221;center&#8221;][vc_column_text]<\/p>\n<div class=\"title-h3 styled-subtitle\" style=\"text-align: center;\"><strong><span style=\"color: #ff4814;\">WOW-KURSEN<\/span><\/strong><\/div>\n<div><\/div>\n<div style=\"text-align: center;\"><span style=\"color: #ff4814;\">H\u00e4pna. \u00d6ver dina potentialer.<\/span><\/div>\n<p>[\/vc_column_text][\/vc_column_inner][vc_column_inner width=&#8221;1\/6&#8243;][\/vc_column_inner][\/vc_row_inner][\/vc_column][\/vc_row][vc_row][vc_column]<div class=\"clearboth\"><\/div><style>#thegem-divider-69f28e66212f2 {margin-top: 20px !important;}<\/style><div id=\"thegem-divider-69f28e66212f2\" class=\"gem-divider  \" style=\"\" ><\/div>[\/vc_column][\/vc_row][vc_row][vc_column width=&#8221;1\/6&#8243;][\/vc_column][vc_column width=&#8221;2\/3&#8243;][vc_column_text]<\/p>\n<div class=\"title-h3\" style=\"text-align: center;\"><span style=\"color: #00577d;\">EN INBJUDAN<\/span><\/div>\n<p>WOW-kursen har som m\u00e5lgrupp kvinnor som str\u00e4var efter att bli ledare inom sitt arbetsomr\u00e5de.[\/vc_column_text]<div class=\"clearboth\"><\/div><style>#thegem-divider-69f28e6621369 {margin-top: 30px !important;}<\/style><div id=\"thegem-divider-69f28e6621369\" class=\"gem-divider  \" style=\"\" ><\/div>[vc_column_text]<\/p>\n<div class=\"title-h3\" style=\"text-align: center;\"><span style=\"color: #00577d;\">DINA VINSTER<\/span><\/div>\n<ul>\n<li>6\u00a0heldagsm\u00f6ten (l\u00f6rdagar)<\/li>\n<li>5 telefonkonferenser mellan m\u00f6ten<\/li>\n<li>4 coachingpass med CG<sup>4<\/sup> Coaching<\/li>\n<li>ett livsl\u00e5ngt n\u00e4tverk med likasinnade kvinnor<\/li>\n<\/ul>\n<p>[\/vc_column_text]<div class=\"clearboth\"><\/div><style>#thegem-divider-69f28e66213a8 {margin-top: 30px !important;}<\/style><div id=\"thegem-divider-69f28e66213a8\" class=\"gem-divider  \" style=\"\" ><\/div>[vc_column_text]<\/p>\n<div class=\"title-h3\" style=\"text-align: center;\"><span style=\"color: #00577d;\">TIDSPLAN &amp; MERA<\/span><\/div>\n<p>Mer informationer inom kort![\/vc_column_text]<div class=\"clearboth\"><\/div><style>#thegem-divider-69f28e66213e1 {margin-top: 30px !important;}<\/style><div id=\"thegem-divider-69f28e66213e1\" class=\"gem-divider  \" style=\"\" ><\/div>[vc_column_text]<\/p>\n<div class=\"title-h3\" style=\"text-align: center;\"><span style=\"color: #00577d;\">KONTAKT &amp; OFFERT<\/span><\/div>\n<p>Vill du veta mer om WOW-kursen \u00e4r du v\u00e4lkommen att ringa mig eller kontakta mig via kontaktmallen <a href=\"https:\/\/www.cg-four.com\/sv\/kontakt\" target=\"_blank\" rel=\"noopener\">h\u00e4r<\/a>.[\/vc_column_text]<div class=\"clearboth\"><\/div><style>#thegem-divider-69f28e6621418 {margin-top: 20px !important;}<\/style><div id=\"thegem-divider-69f28e6621418\" class=\"gem-divider  \" style=\"\" ><\/div>[vc_single_image image=&#8221;28737&#8243; img_size=&#8221;full&#8221; alignment=&#8221;center&#8221;][\/vc_column][vc_column width=&#8221;1\/6&#8243;][\/vc_column][\/vc_row][vc_row][vc_column]<div class=\"clearboth\"><\/div><style>#thegem-divider-69f28e662144b {margin-top: 20px !important;}<\/style><div id=\"thegem-divider-69f28e662144b\" class=\"gem-divider  \" style=\"\" ><\/div>[\/vc_column][\/vc_row]<\/p>\n<\/div>","protected":false},"excerpt":{"rendered":"<p>[vc_row css=&#8221;.vc_custom_1505988201219{padding-bottom: 30px !important;background-color: #ff4814 !important;}&#8221;][vc_column][vc_row_inner][vc_column_inner width=&#8221;1\/6&#8243;][\/vc_column_inner][vc_column_inner width=&#8221;2\/3&#8243; css=&#8221;.vc_custom_1490040555356{background-color: #ffffff !important;}&#8221;][vc_single_image image=&#8221;28879&#8243; img_size=&#8221;120&#215;120&#8243; alignment=&#8221;center&#8221;][vc_column_text] WOW-KURSEN H\u00e4pna. \u00d6ver dina potentialer. [\/vc_column_text][\/vc_column_inner][vc_column_inner width=&#8221;1\/6&#8243;][\/vc_column_inner][\/vc_row_inner][\/vc_column][\/vc_row][vc_row][vc_column][\/vc_column][\/vc_row][vc_row][vc_column width=&#8221;1\/6&#8243;][\/vc_column][vc_column width=&#8221;2\/3&#8243;][vc_column_text] EN INBJUDAN WOW-kursen har som m\u00e5lgrupp kvinnor som str\u00e4var efter att bli ledare inom sitt arbetsomr\u00e5de.[\/vc_column_text][vc_column_text] DINA&#8230;<\/p>\n","protected":false},"author":1,"featured_media":0,"parent":0,"menu_order":0,"comment_status":"closed","ping_status":"closed","template":"","meta":{"_monsterinsights_skip_tracking":false,"_monsterinsights_sitenote_active":false,"_monsterinsights_sitenote_note":"","_monsterinsights_sitenote_category":0,"footnotes":""},"class_list":["post-29996","page","type-page","status-publish"],"yoast_head":"<!-- This site is optimized with the Yoast SEO plugin v27.4 - https:\/\/yoast.com\/product\/yoast-seo-wordpress\/ -->\n<title>WOW-kursen - Caroline Gregoire Coaching<\/title>\n<meta name=\"robots\" content=\"index, follow, max-snippet:-1, max-image-preview:large, max-video-preview:-1\" \/>\n<link rel=\"canonical\" href=\"https:\/\/www.cg-four.com\/sv\/wow-kursen\" \/>\n<meta property=\"og:locale\" content=\"sv_SE\" \/>\n<meta property=\"og:type\" content=\"article\" \/>\n<meta property=\"og:title\" content=\"WOW-kursen - Caroline Gregoire Coaching\" \/>\n<meta property=\"og:description\" content=\"[vc_row css=&#8221;.vc_custom_1505988201219{padding-bottom: 30px !important;background-color: #ff4814 !important;}&#8221;][vc_column][vc_row_inner][vc_column_inner width=&#8221;1\/6&#8243;][\/vc_column_inner][vc_column_inner width=&#8221;2\/3&#8243; css=&#8221;.vc_custom_1490040555356{background-color: #ffffff !important;}&#8221;][vc_single_image image=&#8221;28879&#8243; img_size=&#8221;120&#215;120&#8243; alignment=&#8221;center&#8221;][vc_column_text] WOW-KURSEN H\u00e4pna. \u00d6ver dina potentialer. [\/vc_column_text][\/vc_column_inner][vc_column_inner width=&#8221;1\/6&#8243;][\/vc_column_inner][\/vc_row_inner][\/vc_column][\/vc_row][vc_row][vc_column][\/vc_column][\/vc_row][vc_row][vc_column width=&#8221;1\/6&#8243;][\/vc_column][vc_column width=&#8221;2\/3&#8243;][vc_column_text] EN INBJUDAN WOW-kursen har som m\u00e5lgrupp kvinnor som str\u00e4var efter att bli ledare inom sitt arbetsomr\u00e5de.[\/vc_column_text][vc_column_text] DINA...\" \/>\n<meta property=\"og:url\" content=\"https:\/\/www.cg-four.com\/sv\/wow-kursen\" \/>\n<meta property=\"og:site_name\" content=\"Caroline Gregoire Coaching\" \/>\n<meta name=\"twitter:card\" content=\"summary_large_image\" \/>\n<meta name=\"twitter:label1\" content=\"Ber\u00e4knad l\u00e4stid\" \/>\n\t<meta name=\"twitter:data1\" content=\"1 minut\" \/>\n<script type=\"application\/ld+json\" class=\"yoast-schema-graph\">{\"@context\":\"https:\\\/\\\/schema.org\",\"@graph\":[{\"@type\":\"WebPage\",\"@id\":\"https:\\\/\\\/www.cg-four.com\\\/sv\\\/wow-kursen\",\"url\":\"https:\\\/\\\/www.cg-four.com\\\/sv\\\/wow-kursen\",\"name\":\"WOW-kursen - Caroline Gregoire Coaching\",\"isPartOf\":{\"@id\":\"https:\\\/\\\/www.cg-four.com\\\/#website\"},\"datePublished\":\"2017-11-05T16:02:47+00:00\",\"breadcrumb\":{\"@id\":\"https:\\\/\\\/www.cg-four.com\\\/sv\\\/wow-kursen#breadcrumb\"},\"inLanguage\":\"sv-SE\",\"potentialAction\":[{\"@type\":\"ReadAction\",\"target\":[\"https:\\\/\\\/www.cg-four.com\\\/sv\\\/wow-kursen\"]}]},{\"@type\":\"BreadcrumbList\",\"@id\":\"https:\\\/\\\/www.cg-four.com\\\/sv\\\/wow-kursen#breadcrumb\",\"itemListElement\":[{\"@type\":\"ListItem\",\"position\":1,\"name\":\"Startseite\",\"item\":\"https:\\\/\\\/www.cg-four.com\\\/sv\"},{\"@type\":\"ListItem\",\"position\":2,\"name\":\"WOW-kursen\"}]},{\"@type\":\"WebSite\",\"@id\":\"https:\\\/\\\/www.cg-four.com\\\/#website\",\"url\":\"https:\\\/\\\/www.cg-four.com\\\/\",\"name\":\"Caroline Gregoire Coaching\",\"description\":\"International business coach\",\"potentialAction\":[{\"@type\":\"SearchAction\",\"target\":{\"@type\":\"EntryPoint\",\"urlTemplate\":\"https:\\\/\\\/www.cg-four.com\\\/?s={search_term_string}\"},\"query-input\":{\"@type\":\"PropertyValueSpecification\",\"valueRequired\":true,\"valueName\":\"search_term_string\"}}],\"inLanguage\":\"sv-SE\"}]}<\/script>\n<!-- \/ Yoast SEO plugin. -->","yoast_head_json":{"title":"WOW-kursen - Caroline Gregoire Coaching","robots":{"index":"index","follow":"follow","max-snippet":"max-snippet:-1","max-image-preview":"max-image-preview:large","max-video-preview":"max-video-preview:-1"},"canonical":"https:\/\/www.cg-four.com\/sv\/wow-kursen","og_locale":"sv_SE","og_type":"article","og_title":"WOW-kursen - Caroline Gregoire Coaching","og_description":"[vc_row css=&#8221;.vc_custom_1505988201219{padding-bottom: 30px !important;background-color: #ff4814 !important;}&#8221;][vc_column][vc_row_inner][vc_column_inner width=&#8221;1\/6&#8243;][\/vc_column_inner][vc_column_inner width=&#8221;2\/3&#8243; css=&#8221;.vc_custom_1490040555356{background-color: #ffffff !important;}&#8221;][vc_single_image image=&#8221;28879&#8243; img_size=&#8221;120&#215;120&#8243; alignment=&#8221;center&#8221;][vc_column_text] WOW-KURSEN H\u00e4pna. \u00d6ver dina potentialer. [\/vc_column_text][\/vc_column_inner][vc_column_inner width=&#8221;1\/6&#8243;][\/vc_column_inner][\/vc_row_inner][\/vc_column][\/vc_row][vc_row][vc_column][\/vc_column][\/vc_row][vc_row][vc_column width=&#8221;1\/6&#8243;][\/vc_column][vc_column width=&#8221;2\/3&#8243;][vc_column_text] EN INBJUDAN WOW-kursen har som m\u00e5lgrupp kvinnor som str\u00e4var efter att bli ledare inom sitt arbetsomr\u00e5de.[\/vc_column_text][vc_column_text] DINA...","og_url":"https:\/\/www.cg-four.com\/sv\/wow-kursen","og_site_name":"Caroline Gregoire Coaching","twitter_card":"summary_large_image","twitter_misc":{"Ber\u00e4knad l\u00e4stid":"1 minut"},"schema":{"@context":"https:\/\/schema.org","@graph":[{"@type":"WebPage","@id":"https:\/\/www.cg-four.com\/sv\/wow-kursen","url":"https:\/\/www.cg-four.com\/sv\/wow-kursen","name":"WOW-kursen - Caroline Gregoire Coaching","isPartOf":{"@id":"https:\/\/www.cg-four.com\/#website"},"datePublished":"2017-11-05T16:02:47+00:00","breadcrumb":{"@id":"https:\/\/www.cg-four.com\/sv\/wow-kursen#breadcrumb"},"inLanguage":"sv-SE","potentialAction":[{"@type":"ReadAction","target":["https:\/\/www.cg-four.com\/sv\/wow-kursen"]}]},{"@type":"BreadcrumbList","@id":"https:\/\/www.cg-four.com\/sv\/wow-kursen#breadcrumb","itemListElement":[{"@type":"ListItem","position":1,"name":"Startseite","item":"https:\/\/www.cg-four.com\/sv"},{"@type":"ListItem","position":2,"name":"WOW-kursen"}]},{"@type":"WebSite","@id":"https:\/\/www.cg-four.com\/#website","url":"https:\/\/www.cg-four.com\/","name":"Caroline Gregoire Coaching","description":"International business coach","potentialAction":[{"@type":"SearchAction","target":{"@type":"EntryPoint","urlTemplate":"https:\/\/www.cg-four.com\/?s={search_term_string}"},"query-input":{"@type":"PropertyValueSpecification","valueRequired":true,"valueName":"search_term_string"}}],"inLanguage":"sv-SE"}]}},"_links":{"self":[{"href":"https:\/\/www.cg-four.com\/sv\/wp-json\/wp\/v2\/pages\/29996","targetHints":{"allow":["GET"]}}],"collection":[{"href":"https:\/\/www.cg-four.com\/sv\/wp-json\/wp\/v2\/pages"}],"about":[{"href":"https:\/\/www.cg-four.com\/sv\/wp-json\/wp\/v2\/types\/page"}],"author":[{"embeddable":true,"href":"https:\/\/www.cg-four.com\/sv\/wp-json\/wp\/v2\/users\/1"}],"replies":[{"embeddable":true,"href":"https:\/\/www.cg-four.com\/sv\/wp-json\/wp\/v2\/comments?post=29996"}],"version-history":[{"count":1,"href":"https:\/\/www.cg-four.com\/sv\/wp-json\/wp\/v2\/pages\/29996\/revisions"}],"predecessor-version":[{"id":29997,"href":"https:\/\/www.cg-four.com\/sv\/wp-json\/wp\/v2\/pages\/29996\/revisions\/29997"}],"wp:attachment":[{"href":"https:\/\/www.cg-four.com\/sv\/wp-json\/wp\/v2\/media?parent=29996"}],"curies":[{"name":"wp","href":"https:\/\/api.w.org\/{rel}","templated":true}]}}